{"id":4044,"date":"2025-03-24T12:02:34","date_gmt":"2025-03-24T11:02:34","guid":{"rendered":"https:\/\/www.gumideck.sk\/?page_id=4044"},"modified":"2025-03-24T12:03:06","modified_gmt":"2025-03-24T11:03:06","slug":"zaruka","status":"publish","type":"page","link":"https:\/\/www.gumideck.sk\/cs\/zaruka\/","title":{"rendered":"Z\u00e1ruka"},"content":{"rendered":"<div data-elementor-type=\"wp-page\" data-elementor-id=\"4044\" class=\"elementor elementor-4044\" data-elementor-post-type=\"page\">\n\t\t\t\t<div class=\"elementor-element elementor-element-eb5041d e-flex e-con-boxed e-con e-parent\" data-id=\"eb5041d\" data-element_type=\"container\" data-e-type=\"container\">\n\t\t\t\t\t<div class=\"e-con-inner\">\n\t\t\t\t<div class=\"elementor-element elementor-element-eaa5abd elementor-widget elementor-widget-text-editor\" data-id=\"eaa5abd\" data-element_type=\"widget\" data-e-type=\"widget\" data-widget_type=\"text-editor.default\">\n\t\t\t\t\t\t\t\t\t<h3 class=\"header_color\">1. P\u0159edm\u011bt a obecn\u00e1 pravidla z\u00e1ruky:<\/h3><p>Z\u00e1ruka je poskytov\u00e1na po dobu deseti (10) let na syst\u00e9mov\u00e9 konektory GUMI. B\u011bhem t\u00e9to doby v\u00fdrobce zaru\u010duje trvanlivost (mechanickou odolnost) spojovac\u00edch prvk\u016f, kter\u00e1 umo\u017e\u0148uje jejich b\u011b\u017en\u00e9 pou\u017e\u00edv\u00e1n\u00ed v souladu s jejich pou\u017eit\u00edm. Na desky GUMI se vztahuje dvoulet\u00e1 (dvoulet\u00e1) z\u00e1ruka. Z\u00e1ruka zaru\u010duje vysokou technickou kvalitu proveden\u00ed jednotliv\u00fdch prvk\u016f syst\u00e9mu GUMI a trvanlivost v\u00fdrobku (odolnost proti biologick\u00e9 degradaci), kter\u00e1 umo\u017e\u0148uje b\u011b\u017en\u00e9 pou\u017e\u00edv\u00e1n\u00ed v souladu s jeho ur\u010den\u00edm. Z\u00e1ruka je platn\u00e1 v souladu s podm\u00ednkami obsa\u017een\u00fdmi v dokumentu \"Pravidla pro instalaci a pou\u017e\u00edv\u00e1n\u00ed terasy GUMI.<\/p><h3 class=\"header_color\">2. Z\u00e1ru\u010dn\u00ed podm\u00ednky<\/h3><p>Z\u00e1ru\u010dn\u00ed doba se po\u010d\u00edt\u00e1 od data zakoupen\u00ed v\u00fdrobku uveden\u00e9ho na prodejn\u00edm dokladu (faktu\u0159e) vystaven\u00e9m prod\u00e1vaj\u00edc\u00edm. Z\u00e1ruka je poskytov\u00e1na na z\u00e1klad\u011b z\u00e1ru\u010dn\u00edho listu, kter\u00fd mus\u00ed b\u00fdt p\u0159i prodeji vypln\u011bn a oraz\u00edtkov\u00e1n prod\u00e1vaj\u00edc\u00edm. Prod\u00e1vaj\u00edc\u00ed se zavazuje poskytnout kupuj\u00edc\u00edmu z\u00e1ru\u010dn\u00ed list v p\u0159\u00edpad\u011b nestandardn\u00ed terasy. Tento z\u00e1ru\u010dn\u00ed list je platn\u00fd pouze spolu s dokladem potvrzuj\u00edc\u00edm koupi v\u00fdrobku (faktura\/pokladn\u00ed doklad). V ostatn\u00edch p\u0159\u00edpadech posta\u010d\u00ed faktura.<\/p><h3 class=\"header_color\">3. V\u00fdjimky - p\u0159\u00edpady, na kter\u00e9 se nevztahuje z\u00e1ruka:<\/h3><ul><li>plochy pro ve\u0159ejn\u00e9 slu\u017eby s vysokou frekvenc\u00ed pohybu<\/li><li>m\u00edsta vystaven\u00e1 chemicky agresivn\u00edm faktor\u016fm<\/li><li>terasy instalovan\u00e9 v bl\u00edzkosti v\u00fdrobn\u00edch, skladovac\u00edch nebo servisn\u00edch za\u0159\u00edzen\u00ed, kter\u00e1 mohou b\u00fdt zdrojem zne\u010di\u0161t\u011bn\u00ed, zejm\u00e9na maziv, \u010distic\u00edch prost\u0159edk\u016f, um\u011bl\u00fdch hnojiv atd.<\/li><li>oblasti, kde se pohybuj\u00ed motorov\u00e1 vozidla jinak ne\u017e p\u011b\u0161ky.<\/li><li>zm\u011bny povrchu terasy zp\u016fsoben\u00e9 pou\u017e\u00edv\u00e1n\u00edm, tj.: od\u011br, zne\u010di\u0161t\u011bn\u00ed, mechanick\u00e9 po\u0161kozen\u00ed, lok\u00e1ln\u00ed ztr\u00e1ta barvy atd.<\/li><li>barevn\u00e9 zm\u011bny desek a spojovac\u00edch prvk\u016f zp\u016fsoben\u00e9 p\u0159\u00edm\u00fdm slune\u010dn\u00edm z\u00e1\u0159en\u00edm, agresivn\u00edmi chemick\u00fdmi nebo biologick\u00fdmi faktory, dlouhodob\u00fdm zadr\u017eov\u00e1n\u00edm sn\u011bhu, p\u0159\u00edm\u00fdm vystaven\u00edm pob\u0159e\u017en\u00edm klimatick\u00fdm podm\u00ednk\u00e1m (mo\u0159sk\u00fd v\u00edtr), p\u0159\u00edmou bl\u00edzkost\u00ed vodn\u00edch n\u00e1dr\u017e\u00ed, p\u0159\u00edm\u00fdm kontaktem s vegetac\u00ed (zejm\u00e9na p\u0159erostlou tr\u00e1vou), p\u0159\u00edm\u00fdm kontaktem s prvky z kovu. \u010cern\u00e9 zabarven\u00ed vznikl\u00e9 v d\u016fsledku dlouhodob\u00e9ho kontaktu s p\u0159edm\u011bty le\u017e\u00edc\u00edmi na povrchu terasy.<\/li><li>mechanick\u00e9 po\u0161kozen\u00ed zp\u016fsoben\u00e9 tlakem nebo n\u00e1razem t\u011b\u017ek\u00fdch a tvrd\u00fdch p\u0159edm\u011bt\u016f.<\/li><li>mechanick\u00e9 po\u0161kozen\u00ed, po\u0161kr\u00e1b\u00e1n\u00ed, \u0161kr\u00e1bance, prom\u00e1\u010dknut\u00ed, \u0159ezn\u00e9 r\u00e1ny, po\u0161kozen\u00ed povrchu a jin\u00e1 po\u0161kozen\u00ed zp\u016fsoben\u00e1 tlakem nebo n\u00e1razem t\u011b\u017ek\u00e9ho tvrd\u00e9ho p\u0159edm\u011btu nebo zp\u016fsoben\u00e1 nespr\u00e1vnou p\u00e9\u010d\u00ed, nespr\u00e1vnou \u00fadr\u017ebou, nespr\u00e1vnou instalac\u00ed, nespr\u00e1vn\u00fdm skladov\u00e1n\u00edm nebo p\u0159epravou.<\/li><li>mechanick\u00e1 po\u0161kozen\u00ed, kter\u00e1 nejsou viditeln\u00e1 po instalaci v\u00fdrobku, pokud nemaj\u00ed vliv na mo\u017enost instalace a spr\u00e1vn\u00e9 pou\u017e\u00edv\u00e1n\u00ed v\u00fdrobku, zm\u011bna barvy terakoty, fas\u00e1dy a dal\u0161\u00edch prvk\u016f p\u0159il\u00e9haj\u00edc\u00edch k desk\u00e1m Gumi je d\u016fsledkem vyplaven\u00ed t\u0159\u00edslovin nebo oleje ze d\u0159eva.<\/li><li>\u00fa\u010dink\u016fm po\u017e\u00e1ru nebo vystaven\u00ed v\u00fdrobku vysok\u00fdm teplot\u00e1m.<\/li><li>pou\u017eit\u00ed syst\u00e9mu GUMI vzhledem k jeho \u00fa\u010delu (o\u0161et\u0159en\u00ed schod\u016f, okenn\u00edch parapet\u016f, \u0159\u00edms atd.)<\/li><li>rozd\u00edl mezi skute\u010dn\u00fdm rozm\u011brem a teoretick\u00fdm rozm\u011brem terasy v projektu je povolen\u00fd rozd\u00edl pro ka\u017ed\u00fd rozm\u011br +\/- 1 cm.<\/li><li>rozm\u011brov\u00e9 zm\u011bny prken souvisej\u00edc\u00ed se smr\u0161\u0165ov\u00e1n\u00edm a vysych\u00e1n\u00edm d\u0159eva nebr\u00e1n\u00ed b\u011b\u017en\u00e9mu u\u017e\u00edv\u00e1n\u00ed terasy (terasa GUMI je \"plovouc\u00ed terasa\", kter\u00e1 nen\u00ed trvale p\u0159ipevn\u011bna k zemi).<\/li><li>p\u0159irozen\u00e9 trhliny na l\u00edci a povrchu a drobn\u00e9 struktur\u00e1ln\u00ed delaminace povrchu d\u0159eva, kter\u00e9 vznikaj\u00ed v d\u016fsledku p\u016fsoben\u00ed zm\u011bn\u011bn\u00fdch klimatick\u00fdch podm\u00ednek, kter\u00e9 nebr\u00e1n\u00ed jeho b\u011b\u017en\u00e9mu pou\u017e\u00edv\u00e1n\u00ed.<\/li><\/ul><h4 class=\"header_color\">3.1 Kdy je povinn\u00e1 p\u0159\u00edloha \"P\u0158\u00cdJEM TER\u00c9NU\"?<\/h4><p>P\u0159\u00edlohu \"P\u0158IJET\u00cd TERASY\" vypl\u0148uje prodejce terasy GUMI a je vy\u017eadov\u00e1na, pokud terasa spl\u0148uje jednu z n\u00e1sleduj\u00edc\u00edch podm\u00ednek:<\/p><ul><li>terasa je zahrnuta do definice velk\u00e9 terasy (bod 3.1.).<\/li><li>terasa m\u00e1 nepravideln\u00fd tvar, \u0161ikm\u00fd \/ nebo obloukovit\u00fd tvar.<\/li><li>je zde schodi\u0161t\u011b<\/li><li>o\u0161et\u0159en\u00ed vedle terasy<\/li><\/ul><h4 class=\"header_color\">3.2 STANDARDN\u00cd TERASY A VELK\u00c9 TERASY - obecn\u00e9 informace<\/h4><p>Terasy jsou rozd\u011bleny do dvou kategori\u00ed: standardn\u00ed terasy a velk\u00e9 terasy. Pokud je terasa za\u0159azena do definice Velk\u00e9 terasy, je nutn\u00e9 vyplnit dal\u0161\u00ed p\u0159\u00edlohu \"Akceptace terasy\" nebo potvrzen\u00ed z obchodn\u00edho odd\u011blen\u00ed, pokud je terasa za\u0159azena do definice Standardn\u00ed terasy, p\u0159\u00edloha \"Akceptace terasy\" nen\u00ed povinn\u00e1.<br \/><br \/>Terasy jsou rozd\u011bleny na velk\u00e9 a standardn\u00ed. P\u0159edpokl\u00e1d\u00e1 se, \u017ee velk\u00e1 a \u0161irok\u00e1 terasa je plocha, jej\u00ed\u017e \u0161\u00ed\u0159ka m\u011b\u0159en\u00e1 p\u0159es desky je v\u011bt\u0161\u00ed ne\u017e 2,5 m (d\u00e9lka terasy m\u011b\u0159en\u00e1 pod\u00e9l desek nen\u00ed d\u016fle\u017eit\u00e1 - m\u016f\u017ee b\u00fdt libovoln\u011b dlouh\u00e1).<br \/><br \/>Vzhledem ke vzoru \"\u010dtverc\u016f\" je terasa pova\u017eov\u00e1na za standardn\u00ed, pokud jej\u00ed rozm\u011bry: \u0161\u00ed\u0159ka a d\u00e9lka nep\u0159esahuj\u00ed 250 cm.<br \/><br \/>V\u0161echny terasy, kter\u00e9 nespl\u0148uj\u00ed definici standardn\u00edch teras, se pova\u017euj\u00ed za velk\u00e9 terasy.<br \/><br \/>Kalkula\u010dka na webov\u00fdch str\u00e1nk\u00e1ch automaticky kontroluje ka\u017edou nakonfigurovanou terasu a zobrazuje v\u00fdsledn\u00fd v\u00fdpo\u010det. Informace o tom, zda je terasa velk\u00e1, je nav\u00edc uvedena v souboru PDF vytvo\u0159en\u00e9m kalkula\u010dkou. V p\u0159\u00edpad\u011b velk\u00fdch teras a teras se sch\u016fdky je nutn\u00e9 p\u0159ed n\u00e1kupem kontaktovat obchodn\u00ed odd\u011blen\u00ed distributora a vyplnit p\u0159\u00edlohu z\u00e1ru\u010dn\u00edho listu.<br \/><br \/><\/p><h4 class=\"header_color\">3.3 Velk\u00e9 terasy - dilata\u010dn\u00ed sp\u00e1ry<\/h4><p>P\u0159i navrhov\u00e1n\u00ed a n\u00e1sledn\u00e9 pokl\u00e1dce velk\u00fdch teras nezapome\u0148te na stran\u011b terasy ponechat odpov\u00eddaj\u00edc\u00ed dilata\u010dn\u00ed sp\u00e1ry, doporu\u010den\u00ed pro velikost dilata\u010dn\u00edch sp\u00e1r naleznete v z\u00e1ru\u010dn\u00edm listu. P\u0159i pou\u017eit\u00ed vzoru \"cihly\" a \"\u0159ady\" se dilata\u010dn\u00ed sp\u00e1ry pou\u017e\u00edvaj\u00ed pouze \"p\u0159es \u0161\u00ed\u0159ku terasy\", p\u0159i\u010dem\u017e st\u011bny (sloupky z\u00e1bradl\u00ed, ...) jsou rovnob\u011b\u017en\u00e9 se sm\u011brem pokl\u00e1dky desek. Jejich \u0161\u00ed\u0159ka mus\u00ed b\u00fdt v dan\u00e9m m\u00edst\u011b minim\u00e1ln\u011b 1,5% \u0161\u00ed\u0159ky terasy. Dilata\u010dn\u00ed sp\u00e1ry se na \"d\u00e9lce terasy\" nevy\u017eaduj\u00ed.<br \/>P\u0159i pou\u017eit\u00ed \"\u010dtvercov\u00e9ho\" vzoru by m\u011bly b\u00fdt na ka\u017ed\u00e9 stran\u011b terasy ponech\u00e1ny dilata\u010dn\u00ed sp\u00e1ry a v dan\u00e9m m\u00edst\u011b by m\u011blo b\u00fdt ponech\u00e1no minim\u00e1ln\u011b 1,5% velikosti terasy.<\/p><p>\u00a0<\/p><h3 class=\"header_color\">4. P\u00e9\u010de o terasu b\u011bhem z\u00e1ru\u010dn\u00ed doby<\/h3><p>\u00a0<\/p><h4 class=\"header_color\">4.1 \u010cetnost pravideln\u00e9 \u00fadr\u017eby - nezast\u0159e\u0161en\u00e9 a \u010d\u00e1ste\u010dn\u011b zast\u0159e\u0161en\u00e9 terasy<\/h4><p>Pokud je d\u0159ev\u011bn\u00e1 terasa GUMI um\u00edst\u011bna v nezast\u0159e\u0161en\u00e9m prostoru, je nutn\u00e9 alespo\u0148 jednou ro\u010dn\u011b prov\u00e9st d\u016fkladnou p\u00e9\u010di o jej\u00ed povrch. D\u016fkladn\u00e1 p\u00e9\u010de by m\u011bla b\u00fdt provedena na za\u010d\u00e1tku jara, jakmile teplota vzduchu dos\u00e1hne nep\u0159etr\u017eit\u011b b\u011bhem dne v\u00edce ne\u017e 10 stup\u0148\u016f Celsia.<\/p><h4 class=\"header_color\">4.2 Frekvence pravideln\u00e9 \u00fadr\u017eby - Terasy pln\u011b zakryt\u00e9<\/h4><p>V p\u0159\u00edpad\u011b pln\u011b zast\u0159e\u0161en\u00fdch d\u0159ev\u011bn\u00fdch teras lze dobu mezi pe\u010dlivou \u00fadr\u017ebou olejem prodlou\u017eit na 2-4 roky (v z\u00e1vislosti na stupni opot\u0159eben\u00ed povrchu terasy). \u00dadr\u017ebu je nejvhodn\u011bj\u0161\u00ed prov\u00e1d\u011bt na ja\u0159e po zimn\u00ed sez\u00f3n\u011b.<\/p><p>\u00a0<\/p><h3 class=\"header_color\">5. Postup pro pod\u00e1v\u00e1n\u00ed st\u00ed\u017enost\u00ed<\/h3><p>Pokud je v\u00fdrobek shled\u00e1n vadn\u00fdm s ohledem na z\u00e1sady uveden\u00e9 v tomto dokumentu, mus\u00ed b\u00fdt reklamace uplatn\u011bna p\u00edsemn\u011b nebo e-mailem u prodejce, u kter\u00e9ho byl v\u00fdrobek zakoupen. \u017d\u00e1dost mus\u00ed b\u00fdt pod\u00e1na nejpozd\u011bji do dvou t\u00fddn\u016f ode dne zji\u0161t\u011bn\u00ed vady. Prodejce mus\u00ed o reklamaci neprodlen\u011b informovat v\u00fdrobce e-mailem nebo faxem.<br \/><br \/>St\u00ed\u017enost by m\u011bla obsahovat:<\/p><ul><li>kopii z\u00e1ru\u010dn\u00ed listiny spolu s p\u0159\u00edlohou 1 (je-li po\u017eadov\u00e1na a vypln\u011bna).<\/li><li>kopii \u00fa\u010dtenky\/faktury potvrzuj\u00edc\u00ed n\u00e1kup v\u00fdrobku.<\/li><li>fotografie vadn\u00e9ho v\u00fdrobku<\/li><\/ul><p>Prod\u00e1vaj\u00edc\u00ed je povinen reagovat na spr\u00e1vn\u011b vypln\u011bn\u00e9 a \u00fapln\u00e9 ozn\u00e1men\u00ed o reklamaci do 14 dn\u016f ode dne p\u0159ijet\u00ed \u017e\u00e1dosti o reklamaci. V p\u0159\u00edpad\u011b reklamace a zji\u0161t\u011bn\u00ed z\u00e1va\u017en\u00e9 vady, kter\u00e1 br\u00e1n\u00ed b\u011b\u017en\u00e9mu u\u017e\u00edv\u00e1n\u00ed v\u00fdrobku, je v\u00fdrobce-prod\u00e1vaj\u00edc\u00ed povinen vadn\u00fd v\u00fdrobek vym\u011bnit za v\u00fdrobek bez vad. V takov\u00e9m p\u0159\u00edpad\u011b je z\u00e1kazn\u00edk povinen vadn\u00fd v\u00fdrobek rozebrat a zabalit a na \u017e\u00e1dost prodejce zaslat v\u00fdrobek zp\u011bt prodejci. V\u00fdrobce za\u0161le na sv\u00e9 n\u00e1klady nov\u00fd v\u00fdrobek ve stejn\u00e9m mno\u017estv\u00ed, jak\u00e9 zaslal z\u00e1kazn\u00edk.<br \/><br \/>Finan\u010dn\u00ed odpov\u011bdnost prod\u00e1vaj\u00edc\u00edho je p\u0159esn\u011b stejn\u00e1 jako hodnota zakoupen\u00e9ho v\u00fdrobku, kter\u00fd je p\u0159edm\u011btem reklamace.<br \/><br \/>Tato z\u00e1ruka kvality nevylu\u010duje ani neomezuje pr\u00e1va vypl\u00fdvaj\u00edc\u00ed z obecn\u011b platn\u00fdch pr\u00e1vn\u00edch p\u0159edpis\u016f.<br \/><br \/>Prod\u00e1vaj\u00edc\u00ed poskytuje z\u00e1ruku, kter\u00e1 se vztahuje na \u00fazem\u00ed Slovensk\u00e9 republiky.<\/p>\t\t\t\t\t\t\t\t<\/div>\n\t\t\t\t\t<\/div>\n\t\t\t\t<\/div>\n\t\t\t\t<\/div>","protected":false},"excerpt":{"rendered":"<p>1. Predmet \u00fapravy a v\u0161eobecn\u00e9 pravidl\u00e1 z\u00e1ruky: Z\u00e1ruka sa poskytuje na dobu 10 rokov (desa\u0165) pre konektory syst\u00e9mu GUMI. Po\u010das tejto doby v\u00fdrobca zaru\u010duje trvanlivos\u0165 (mechanick\u00fa odolnos\u0165) spojovac\u00edch materi\u00e1lov, \u010do umo\u017e\u0148uje be\u017en\u00e9 pou\u017e\u00edvanie v s\u00falade s ich pou\u017eit\u00edm. Dosky GUMI s\u00fa pokryt\u00e9 2-ro\u010dnou z\u00e1rukou (dva). Z\u00e1ruka zaru\u010duje vysok\u00fa technick\u00fa kvalitu v\u00fdkonu jednotliv\u00fdch prvkov syst\u00e9mu GUMI [&hellip;]<\/p>\n","protected":false},"author":1,"featured_media":0,"parent":0,"menu_order":0,"comment_status":"closed","ping_status":"closed","template":"","meta":{"footnotes":""},"class_list":["post-4044","page","type-page","status-publish","hentry"],"_links":{"self":[{"href":"https:\/\/www.gumideck.sk\/cs\/wp-json\/wp\/v2\/pages\/4044","targetHints":{"allow":["GET"]}}],"collection":[{"href":"https:\/\/www.gumideck.sk\/cs\/wp-json\/wp\/v2\/pages"}],"about":[{"href":"https:\/\/www.gumideck.sk\/cs\/wp-json\/wp\/v2\/types\/page"}],"author":[{"embeddable":true,"href":"https:\/\/www.gumideck.sk\/cs\/wp-json\/wp\/v2\/users\/1"}],"replies":[{"embeddable":true,"href":"https:\/\/www.gumideck.sk\/cs\/wp-json\/wp\/v2\/comments?post=4044"}],"version-history":[{"count":4,"href":"https:\/\/www.gumideck.sk\/cs\/wp-json\/wp\/v2\/pages\/4044\/revisions"}],"predecessor-version":[{"id":4048,"href":"https:\/\/www.gumideck.sk\/cs\/wp-json\/wp\/v2\/pages\/4044\/revisions\/4048"}],"wp:attachment":[{"href":"https:\/\/www.gumideck.sk\/cs\/wp-json\/wp\/v2\/media?parent=4044"}],"curies":[{"name":"wp","href":"https:\/\/api.w.org\/{rel}","templated":true}]}}