{"id":4050,"date":"2025-03-24T12:10:04","date_gmt":"2025-03-24T11:10:04","guid":{"rendered":"https:\/\/www.gumideck.sk\/?page_id=4050"},"modified":"2025-03-24T12:12:05","modified_gmt":"2025-03-24T11:12:05","slug":"montaz","status":"publish","type":"page","link":"https:\/\/www.gumideck.sk\/cs\/montaz\/","title":{"rendered":"Instalace"},"content":{"rendered":"<div data-elementor-type=\"wp-page\" data-elementor-id=\"4050\" class=\"elementor elementor-4050\" data-elementor-post-type=\"page\">\n\t\t\t\t<div class=\"elementor-element elementor-element-2a958a1 e-flex e-con-boxed e-con e-parent\" data-id=\"2a958a1\" data-element_type=\"container\" data-e-type=\"container\">\n\t\t\t\t\t<div class=\"e-con-inner\">\n\t\t\t\t<div class=\"elementor-element elementor-element-9783fc8 elementor-widget elementor-widget-text-editor\" data-id=\"9783fc8\" data-element_type=\"widget\" data-e-type=\"widget\" data-widget_type=\"text-editor.default\">\n\t\t\t\t\t\t\t\t\t<section class=\"section m-none\"><div class=\"container\"><h3 class=\"header_color\">Obecn\u00e9 informace<\/h3><p>D\u0159ev\u011bn\u00e9 palubky GUMI jsou p\u0159ipraveny k jednoduch\u00e9, rychl\u00e9 a bezprobl\u00e9mov\u00e9 mont\u00e1\u017ei bez pou\u017eit\u00ed speci\u00e1ln\u00edho dodate\u010dn\u00e9ho n\u00e1\u0159ad\u00ed. D\u0159ev\u011bn\u00e9 palubky GUMIdeck jsou zn\u00e1m\u00e9 tak\u00e9 jako \"Wood Decking\" a jsou vyrobeny z odoln\u00e9ho p\u0159\u00edrodn\u00edho d\u0159eva z termo jasanu. Terasov\u00e1 prkna jsou strojn\u011b olejov\u00e1na vybran\u00fdmi speci\u00e1ln\u00edmi oleji s p\u0159\u00eddavkem UV filtr\u016f a barevn\u00fdch pigment\u016f, kter\u00e9 chr\u00e1n\u00ed prkna p\u0159ed intenzivn\u00edm slune\u010dn\u00edm z\u00e1\u0159en\u00edm a n\u00e1hl\u00fdmi zm\u011bnami teplot.<br \/><br \/>Tepeln\u011b zpracovan\u00e9 desky z prav\u00e9ho d\u0159eva s jednoduch\u00fdm syst\u00e9mem zacvak\u00e1v\u00e1n\u00ed, kter\u00fd umo\u017e\u0148uje snadnou mont\u00e1\u017e a demont\u00e1\u017e, umo\u017e\u0148uj\u00ed vytv\u00e1\u0159et r\u016fzn\u00e9 vzory ulo\u017een\u00ed. Desky lze pou\u017e\u00edt v jak\u00e9mkoli ro\u010dn\u00edm obdob\u00ed. Spojovac\u00ed spojka je protiskluzov\u00e1, stabiln\u00ed v zemi a m\u00e1 vysokou nosnost.<br \/><br \/><strong>Rozsah :\u00a0<\/strong>Terasa, balkon, exteri\u00e9r, interi\u00e9r, zahrada pro speci\u00e1ln\u00ed obytn\u00e9 prostory, jako je zimn\u00ed zahrada, terasa nebo balkon.<\/p><p>\u00a0<\/p><h4 class=\"header_color\">Terasov\u00e9 dla\u017edice<\/h4>Velk\u00e9 terasy, lod\u017eie nebo balkony, terasy se schody, terasy a balkony nepravideln\u00fdch tvar\u016f (\u0161ikm\u00e9 nebo klenut\u00e9) a terasy a balkony jin\u00fdch nepravideln\u00fdch tvar\u016f, kter\u00e9 nelze do kalkula\u010dky zahrnout. V p\u0159\u00edpad\u011b takov\u00fdch teras, lod\u017ei\u00ed nebo balkon\u016f je t\u0159eba p\u0159ed n\u00e1kupem v\u017edy kontaktovat na\u0161e obchodn\u00ed odd\u011blen\u00ed.<br \/><br \/>D\u0159ev\u011bn\u00e9 palubky GUMI jsou kouzlem \u010dist\u00e9 p\u0159\u00edrody! Paluby z p\u0159\u00edrodn\u00edch materi\u00e1l\u016f jsou kr\u00e1sn\u00e9, trvanliv\u00e9 a odoln\u00e9 v\u016f\u010di pov\u011btrnostn\u00edm vliv\u016fm. Terasa ze d\u0159eva je prost\u011b n\u011bco v\u00fdjime\u010dn\u00e9ho.<br \/><br \/>D\u0159ev\u011bn\u00e1 podlaha z termo jasanu p\u0159edstavuje rychl\u00fd a snadn\u00fd zp\u016fsob, jak o\u017eivit prostor terasy nebo balkonu. D\u0159ev\u011bn\u00e9 palubky GUMI p\u0159edstavuj\u00ed snadn\u00fd zp\u016fsob, jak prom\u011bnit v\u00e1\u0161 balkon nebo terasu. Instalace je jednoduch\u00e1, sta\u010d\u00ed nacvaknout jednotliv\u00e1 prkna na gumov\u00e9 spojky.<br \/><br \/>D\u0159ev\u011bn\u00e1 podlaha je tepeln\u011b o\u0161et\u0159ena a terasov\u00e1 prkna jsou vhodn\u00e1 i pro pou\u017eit\u00ed v komer\u010dn\u00edch za\u0159\u00edzen\u00edch. A\u0165 u\u017e na pl\u00e1\u017e\u00edch, teras\u00e1ch restaurac\u00ed nebo v hotelech. Podlahu lze \u0159ezat, pokud ji chcete p\u0159izp\u016fsobit ploch\u00e1m kolem sloupk\u016f z\u00e1bradl\u00ed, schod\u016f, sloup\u016f apod. I bez o\u0161et\u0159en\u00ed vydr\u017e\u00ed v drsn\u00fdch podm\u00ednk\u00e1ch velmi dlouho. Je to jeden z nejodoln\u011bj\u0161\u00edch materi\u00e1l\u016f.<p>\u00a0<\/p><h3 class=\"header_color\">Mont\u00e1\u017e d\u0159ev\u011bn\u00fdch podlah krok za krokem<\/h3><p><strong>KROK 1<\/strong><br \/>Ne\u017e za\u010dnete s pokl\u00e1dkou d\u0159ev\u011bn\u00e9 terasy, p\u0159e\u010dt\u011bte si n\u00e1sleduj\u00edc\u00ed informace a p\u0159ipravte se:<\/p><ul><li>vyti\u0161t\u011bn\u00fd soubor pdf s pl\u00e1nem podlahy balkonu\/terasy, kter\u00fd obsahuje pl\u00e1n terasy, jednotliv\u00e9 bal\u00ed\u010dky desek a rozvr\u017een\u00ed vzoru desek.<\/li><li>ochrann\u00e9 rukavice<\/li><li>n\u016f\u017e nebo jin\u00fd ostr\u00fd \u0159ezn\u00fd n\u00e1stroj k od\u0159\u00edznut\u00ed p\u0159ebyte\u010dn\u00fdch konektorov\u00fdch desek.<\/li><\/ul><strong>KROK 2<\/strong><br \/>P\u0159ipravte povrch, na kter\u00fd se budou desky pokl\u00e1dat. Aby nedo\u0161lo k po\u0161kozen\u00ed d\u0159ev\u011bn\u00fdch prken, odstra\u0148te z balkonu, terasy, hydroizolace nebo lod\u017eie v\u0161echny voln\u00e9 ne\u010distoty, prach a odpadky. Krom\u011b toho je t\u0159eba odstranit tak\u00e9 v\u0161echny stopy po om\u00edtce a stavebn\u00edch prac\u00edch.<br \/><strong>KROK 3<\/strong><br \/>Zkontrolujte vyti\u0161t\u011bn\u00fd pl\u00e1n terasy a pot\u00e9 za\u010dn\u011bte postupn\u011b skl\u00e1dat a spojovat d\u0159ev\u011bn\u00e9 ( nebo wpc, kompozitn\u00ed, d\u0159evoplastov\u00e9 ) desky od st\u011bny \/ vchodu k vn\u011bj\u0161\u00edm okraj\u016fm balkonu, terasy, lod\u017eie.<br \/>Desky by m\u011bly b\u00fdt p\u0159ipojeny pouze pomoc\u00ed konektor\u016f GUMI. Pro snadn\u011bj\u0161\u00ed instalaci d\u0159ev\u011bn\u00e9 terasy oto\u010dte n\u011bkolik prken vzh\u016fru nohama (d\u00e1vejte pozor, abyste nepo\u0161kodili hrubou, brou\u0161enou stranu prken), spojte je konektorem podle vzoru a pot\u00e9 je p\u0159ipojte ke zbytku terasy. Pokud m\u00e1te probl\u00e9my se spojen\u00edm d\u00edl\u016f, ujist\u011bte se, \u017ee jsou konektory GUMIdeck spr\u00e1vn\u011b um\u00edst\u011bny. V\u0161echny prvky by m\u011bly dokonale pasovat. Pokud nebudete pou\u017e\u00edvat bo\u010dn\u00ed desky, m\u016f\u017eete otvory v desk\u00e1ch po obvodu obrysu terasy vyplnit od\u0159\u00edznutou polovinou konektoru.<br \/><strong>KROK 4<\/strong><br \/>Po polo\u017een\u00ed v\u0161ech desek je nov\u00e1 podlaha p\u0159ipravena k pou\u017eit\u00ed. V p\u0159\u00edpad\u011b pot\u0159eby obejd\u011bte terasu, abyste se ujistili, \u017ee v\u0161echna prkna spr\u00e1vn\u011b sed\u00ed a spojuj\u00ed se s konektorem, pokud se prkna b\u011bhem pokl\u00e1dky za\u0161pinila, m\u016f\u017eete podlahu vy\u010distit.<p>\u00a0<\/p><h3 class=\"header_color\">Instalace - dal\u0161\u00ed informace<\/h3><p>Nedoporu\u010dujeme syst\u00e9m Gumi trvale p\u0159ipev\u0148ovat k povrchu terasy. Syst\u00e9m Gumi byl navr\u017een jako \"plovouc\u00ed syst\u00e9m\". V \u017e\u00e1dn\u00e9m p\u0159\u00edpad\u011b do prken neude\u0159te \u017eelezn\u00fdm kladivem nebo jin\u00fdmi tvrd\u00fdmi p\u0159edm\u011bty, proto\u017ee to m\u016f\u017ee v\u00e9st k trval\u00e9mu po\u0161kozen\u00ed d\u0159ev\u011bn\u00fdch prken.<br \/><br \/><strong>Vyu\u017eit\u00ed terasy<\/strong><br \/>Nedoporu\u010dujeme pou\u017e\u00edvat kovov\u00e9 p\u0159edm\u011bty v p\u0159\u00edm\u00e9m kontaktu s terasov\u00fdmi deskami po del\u0161\u00ed dobu, proto\u017ee kov m\u016f\u017ee zanechat na desk\u00e1ch otisky. Je nutn\u00e9 zajistit, aby terasov\u00e9 desky byly bez vegetace. P\u0159\u00edm\u00fd kontakt rostlin s terasov\u00fdmi deskami GUMI vede ke zrychlen\u00e9 biologick\u00e9 degradaci d\u0159eva. Zvl\u00e1\u0161t\u011b d\u016fle\u017eit\u00e9 je chr\u00e1nit terasu p\u0159ed pror\u016fst\u00e1n\u00edm vegetace mezi d\u0159ev\u011bn\u00fdmi terasov\u00fdmi deskami GUMI. Pokud je nutn\u00e9 povrch zakr\u00fdt (nap\u0159. p\u0159i renovaci a nat\u00edr\u00e1n\u00ed), je nejlep\u0161\u00ed pou\u017e\u00edt koberec nebo lepenku. Dlouhodob\u00e9 zakryt\u00ed terasy nepropustn\u00fdm materi\u00e1lem m\u016f\u017ee zp\u016fsobit v\u00fdrazn\u00e9 a trval\u00e9 barevn\u00e9 rozd\u00edly mezi zakrytou a nezakrytou \u010d\u00e1st\u00ed terasy na va\u0161em balkon\u011b, terase s hydroizolac\u00ed. V zimn\u00edm obdob\u00ed nezakr\u00fdvejte terasu f\u00f3li\u00ed nebo jin\u00fdm nepropustn\u00fdm materi\u00e1lem.<\/p><h3 class=\"header_color\">\u010ci\u0161t\u011bn\u00ed teras<\/h3><p>Povrch terasy GUMI lze m\u00fdt m\u011bkk\u00fdm kart\u00e1\u010dem a vodou. Je mo\u017en\u00e9 pou\u017e\u00edvat jemn\u00e9 chemick\u00e9 \u010distic\u00ed prost\u0159edky ur\u010den\u00e9 pro olejovan\u00e9 d\u0159ev\u011bn\u00e9 terasy. K odstran\u011bn\u00ed ne\u010distot z povrchu terasy - nap\u0159\u00edklad p\u00edsku, list\u00ed a jehli\u010d\u00ed - pou\u017eijte m\u011bkk\u00fd kart\u00e1\u010d. Je tak\u00e9 nutn\u00e9 odstranit nahromad\u011bn\u00fd p\u00edsek, list\u00ed a jehli\u010d\u00ed, kter\u00e9 br\u00e1n\u00ed voln\u00e9mu odtoku de\u0161\u0165ov\u00e9 vody z terasy. V zim\u011b je t\u0159eba odstranit sn\u00edh - opatrn\u011b, aby nedo\u0161lo k po\u0161kozen\u00ed povrchu prken. Doporu\u010dujeme vyhnout se pou\u017e\u00edv\u00e1n\u00ed kovov\u00fdch, hlin\u00edkov\u00fdch lopat a k odstran\u011bn\u00ed sn\u011bhu rad\u011bji pou\u017e\u00edt ko\u0161t\u011b. K odstra\u0148ov\u00e1n\u00ed sn\u011bhu v\u016fbec nepou\u017e\u00edvejte s\u016fl nebo jin\u00e9 chemick\u00e9 prost\u0159edky, proto\u017ee by mohlo doj\u00edt k po\u0161kozen\u00ed d\u0159ev\u011bn\u00fdch desek.<br \/><br \/>Podlahu lze snadno rozebrat a znovu slo\u017eit, kdy\u017e chcete vy\u010distit jej\u00ed spodn\u00ed \u010d\u00e1st.<\/p><h3 class=\"header_color\">P\u00e9\u010de<\/h3><p>Sna\u017ete se udr\u017eovat terasu \u010distou a suchou. D\u00e1vejte pozor na m\u00edsta, kde by mohla b\u00fdt neom\u00edtnut\u00e1 prkna po\u0161kozena nebo po\u0161kr\u00e1b\u00e1na. To jsou sign\u00e1ly, \u017ee povrch terasy by m\u011bl b\u00fdt brzy chr\u00e1n\u011bn novou vrstvou oleje. \u010cetnost \u00fadr\u017eby z\u00e1vis\u00ed na um\u00edst\u011bn\u00ed terasy, m\u00ed\u0159e opot\u0159eben\u00ed a vystaven\u00ed slunci a de\u0161ti. Kvalita, vzhled a trvanlivost terasy GUMI z\u00e1vis\u00ed p\u0159edev\u0161\u00edm na jej\u00ed spr\u00e1vn\u00e9 a pravideln\u00e9 p\u00e9\u010di. Frekvence p\u00e9\u010de (nutn\u00e1 b\u011bhem z\u00e1ru\u010dn\u00ed doby). \u00dadr\u017eba terasy by m\u011bla b\u00fdt prov\u00e1d\u011bna v z\u00e1vislosti na stupni opot\u0159eben\u00ed povrchov\u00e9 vrstvy d\u0159ev\u011bn\u00fdch prken. V p\u0159\u00edpad\u011b z\u0159eteln\u00fdch \u0159ez\u016f, t\u0159\u00edsek a defekt\u016f v ochrann\u00e9 olejov\u00e9 vrstv\u011b je nutn\u00e9 nejprve prov\u00e9st tzv. zpevn\u011bn\u00ed pomoc\u00ed b\u011b\u017en\u011b dostupn\u00fdch chemik\u00e1li\u00ed pro zpevn\u011bn\u00ed d\u0159ev\u011bn\u00fdch teras (podle pokyn\u016f v\u00fdrobce) a n\u00e1sledn\u011b nan\u00e9st novou vrstvu ochrann\u00e9ho oleje pomoc\u00ed \u0161t\u011btce, v\u00e1le\u010dku nebo hadru. Chcete-li obnovit nepo\u0161kozenou vrstvu oleje, m\u011bli byste terasu nejprve om\u00fdt pouze vodou a m\u011bkk\u00fdm kart\u00e1\u010dem a po \u00fapln\u00e9m vyschnut\u00ed nan\u00e9st novou vrstvu oleje, p\u0159i\u010dem\u017e se v\u017edy \u0159i\u010fte pokyny v\u00fdrobce v\u00fdrobku pro p\u00e9\u010di\/\u00fadr\u017ebu.<br \/><br \/>Pravideln\u00fdm malov\u00e1n\u00edm, p\u0159ibli\u017en\u011b jednou ro\u010dn\u011b, m\u016f\u017eete podlahu snadno ochr\u00e1nit p\u0159ed opot\u0159eben\u00edm.<\/p><h3 class=\"header_color\">Oleje - r\u016fzn\u00e9 druhy olej\u016f pro p\u00e9\u010di o d\u0159evo<\/h3><p>Pro pravidelnou p\u00e9\u010di se doporu\u010duje pou\u017e\u00edvat disperzn\u00ed oleje na d\u0159evo obsahuj\u00edc\u00ed barevn\u00fd pigment. Olej s barevn\u00fdm pigmentem vyrovn\u00e1v\u00e1 barvu povrchu terasy a d\u00edky tomu, \u017ee je UV bari\u00e9rou, v\u00fdrazn\u011b prodlu\u017euje proces patinov\u00e1n\u00ed (\u0161ednut\u00ed) teras z p\u0159\u00edrodn\u00edho d\u0159eva.<\/p><h3 class=\"header_color\">\u00dalo\u017ei\u0161t\u011b<\/h3><p>D\u0159ev\u011bn\u00e9 desky a spojovac\u00ed prvky by se m\u011bly skladovat pokud mo\u017eno v chladn\u00e9 a such\u00e9 m\u00edstnosti. P\u0159i skladov\u00e1n\u00ed venku by desky m\u011bly b\u00fdt zakryty nepromokav\u00fdm krytem, kter\u00fd je ochr\u00e1n\u00ed nap\u0159. p\u0159ed sn\u011bhem. Vzduch mus\u00ed voln\u011b cirkulovat, aby se zabr\u00e1nilo vlhkosti nebo pl\u00edsn\u00edm a aby vystaven\u00ed slune\u010dn\u00edmu z\u00e1\u0159en\u00ed nezp\u016fsobilo ztr\u00e1tu barvy.<\/p><h3 class=\"header_color\">Substr\u00e1t - po\u017eadavky na povrch<\/h3><p>Substr\u00e1t by m\u011bl b\u00fdt rovn\u00fd se sklonem, aby se na n\u011bm neusazovaly kapky vody a aby byl zaji\u0161t\u011bn odtok de\u0161\u0165ov\u00e9 vody (standardn\u011b 1-2 cm\/m). Terasa GUMI je \"plovouc\u00ed\" terasa, kter\u00e1 se p\u0159izp\u016fsob\u00ed a kop\u00edruje nerovnosti va\u0161eho podkladu. Pro dosa\u017een\u00ed uspokojiv\u00e9ho v\u00fdsledn\u00e9ho efektu je nutn\u00e9, aby byly odstran\u011bny nerovnosti na podlaze, jako jsou (zaschl\u00e9 zbytky om\u00edtky, kusy betonu apod.). Podklad by m\u011bl b\u00fdt stabiln\u00ed, m\u011bl by m\u00edt spr\u00e1vnou tvrdost, to znamen\u00e1, \u017ee se pod tlakem neproh\u00fdb\u00e1. Terasu GUMI lze standardn\u011b instalovat na n\u00e1sleduj\u00edc\u00ed typy podklad\u016f: betonov\u00e9 v\u00fdstupy, beton, dla\u017edice\/obklady\/terakota, ne\u017eelezobetonov\u00e1 dla\u017eba, z\u00e1mkov\u00e1 dla\u017eba, d\u0159evo, plech, \u017eelezo, hydroizolace EPDM a dal\u0161\u00ed.<\/p><h3 class=\"header_color\">Rozm\u011brov\u00e1 tolerance terasy<\/h3><p>Skute\u010dn\u00e1 velikost terasy komplexu GUMI se m\u016f\u017ee m\u00edrn\u011b li\u0161it od velikosti terasy navr\u017een\u00e9 v kalkula\u010dce. P\u0159\u00edpustn\u00e9 odchylky jsou +\/- 1 cm pro ka\u017ed\u00fd rozm\u011br projektu.<\/p><h3 class=\"header_color\">Velk\u00e9 terasy<\/h3><p>Terasy jsou rozd\u011bleny na velk\u00e9 a standardn\u00ed. P\u0159edpokl\u00e1d\u00e1 se, \u017ee velk\u00e1 a \u0161irok\u00e1 terasa je plocha, jej\u00ed\u017e \u0161\u00ed\u0159ka m\u011b\u0159en\u00e1 p\u0159es desky je v\u011bt\u0161\u00ed ne\u017e 2,5 m (d\u00e9lka terasy m\u011b\u0159en\u00e1 pod\u00e9l desek nen\u00ed d\u016fle\u017eit\u00e1 - m\u016f\u017ee b\u00fdt libovoln\u011b dlouh\u00e1). Kalkula\u010dka na webov\u00fdch str\u00e1nk\u00e1ch automaticky zkontroluje ka\u017edou nakonfigurovanou terasu a zobraz\u00ed v\u00fdsledn\u00fd v\u00fdpo\u010det. Informace o tom, zda je terasa velk\u00e1, je nav\u00edc uvedena v souboru PDF vytvo\u0159en\u00e9m kalkula\u010dkou. V p\u0159\u00edpad\u011b velk\u00fdch teras a teras se sch\u016fdky je nutn\u00e9 p\u0159ed n\u00e1kupem kontaktovat obchodn\u00ed odd\u011blen\u00ed distributora a vyplnit p\u0159\u00edlohu z\u00e1ru\u010dn\u00edho listu.<\/p><h3 class=\"header_color\">Velk\u00e9 terasy - dilata\u010dn\u00ed sp\u00e1ry<\/h3><p>P\u0159i navrhov\u00e1n\u00ed a n\u00e1sledn\u00e9 pokl\u00e1dce velk\u00fdch teras nezapome\u0148te na stran\u011b terasy ponechat odpov\u00eddaj\u00edc\u00ed dilata\u010dn\u00ed sp\u00e1ry, doporu\u010den\u00ed pro velikost dilata\u010dn\u00edch sp\u00e1r naleznete v z\u00e1ru\u010dn\u00edm listu. P\u0159i pou\u017eit\u00ed vzoru \"cihly\" a \"\u0159ady\" se dilata\u010dn\u00ed sp\u00e1ry pou\u017e\u00edvaj\u00ed pouze \"p\u0159es \u0161\u00ed\u0159ku terasy\", p\u0159i\u010dem\u017e st\u011bny (sloupky z\u00e1bradl\u00ed, ...) jsou rovnob\u011b\u017en\u00e9 se sm\u011brem pokl\u00e1dky desek. Jejich \u0161\u00ed\u0159ka mus\u00ed b\u00fdt v dan\u00e9m m\u00edst\u011b minim\u00e1ln\u011b 1,5% \u0161\u00ed\u0159ky terasy. Dilata\u010dn\u00ed sp\u00e1ry se na \"d\u00e9lce terasy\" nevy\u017eaduj\u00ed. P\u0159i pou\u017eit\u00ed \"\u010dtvercov\u00e9ho\" vzoru by m\u011bly b\u00fdt dilata\u010dn\u00ed sp\u00e1ry ponech\u00e1ny na ka\u017ed\u00e9 stran\u011b terasy a m\u011bly by \u010dinit minim\u00e1ln\u011b 1,5% velikosti terasy v dan\u00e9m m\u00edst\u011b.<\/p><\/div><\/section>\t\t\t\t\t\t\t\t<\/div>\n\t\t\t\t\t<\/div>\n\t\t\t\t<\/div>\n\t\t\t\t<\/div>","protected":false},"excerpt":{"rendered":"<p>V\u0161eobecn\u00e9 inform\u00e1cie Dreven\u00e1 terasa GUMI Wood decking je pripraven\u00e1 na jednoduch\u00fa, r\u00fdchlu a bezprobl\u00e9mov\u00fa in\u0161tal\u00e1ciu bez pou\u017eitia \u0161peci\u00e1lnych doplnkov\u00fdch n\u00e1strojov. Dreven\u00e9 dosky GUMIdeck s\u00fa tie\u017e zn\u00e1me aj pod pojmom \u201eDreven\u00e9 dla\u017edice\u201cs\u00fa vyroben\u00e9 z trvanliv\u00e9ho pr\u00edrodn\u00e9ho dreva termo jase\u0148. Terasov\u00e9 dosky s\u00fa strojovo naolejovan\u00e9 s pou\u017eit\u00edm vybran\u00fdch \u0161peci\u00e1lnych olejov, s pr\u00eddavkom UV filtrov a farebn\u00fdch pigmentov, [&hellip;]<\/p>\n","protected":false},"author":1,"featured_media":0,"parent":0,"menu_order":0,"comment_status":"closed","ping_status":"closed","template":"","meta":{"footnotes":""},"class_list":["post-4050","page","type-page","status-publish","hentry"],"_links":{"self":[{"href":"https:\/\/www.gumideck.sk\/cs\/wp-json\/wp\/v2\/pages\/4050","targetHints":{"allow":["GET"]}}],"collection":[{"href":"https:\/\/www.gumideck.sk\/cs\/wp-json\/wp\/v2\/pages"}],"about":[{"href":"https:\/\/www.gumideck.sk\/cs\/wp-json\/wp\/v2\/types\/page"}],"author":[{"embeddable":true,"href":"https:\/\/www.gumideck.sk\/cs\/wp-json\/wp\/v2\/users\/1"}],"replies":[{"embeddable":true,"href":"https:\/\/www.gumideck.sk\/cs\/wp-json\/wp\/v2\/comments?post=4050"}],"version-history":[{"count":5,"href":"https:\/\/www.gumideck.sk\/cs\/wp-json\/wp\/v2\/pages\/4050\/revisions"}],"predecessor-version":[{"id":4055,"href":"https:\/\/www.gumideck.sk\/cs\/wp-json\/wp\/v2\/pages\/4050\/revisions\/4055"}],"wp:attachment":[{"href":"https:\/\/www.gumideck.sk\/cs\/wp-json\/wp\/v2\/media?parent=4050"}],"curies":[{"name":"wp","href":"https:\/\/api.w.org\/{rel}","templated":true}]}}