{"id":357,"date":"2025-01-09T09:39:30","date_gmt":"2025-01-09T08:39:30","guid":{"rendered":"https:\/\/www.gumideck.sk\/?page_id=357"},"modified":"2026-04-23T10:18:17","modified_gmt":"2026-04-23T08:18:17","slug":"kalkulacka","status":"publish","type":"page","link":"https:\/\/www.gumideck.sk\/de\/kalkulacka\/","title":{"rendered":"Preisangebot-Rechner Online"},"content":{"rendered":"<div data-elementor-type=\"wp-page\" data-elementor-id=\"357\" class=\"elementor elementor-357\" data-elementor-post-type=\"page\">\n\t\t\t\t<div class=\"elementor-element elementor-element-791ab6d2 e-con-full e-flex e-con e-parent\" data-id=\"791ab6d2\" data-element_type=\"container\" data-e-type=\"container\">\n\t\t<div class=\"elementor-element elementor-element-4151a31f e-con-full e-flex e-con e-child\" data-id=\"4151a31f\" data-element_type=\"container\" data-e-type=\"container\">\n\t\t\t\t<div class=\"elementor-element elementor-element-20977cc7 elementor-widget__width-initial elementor-widget-mobile__width-inherit elementor-widget elementor-widget-heading\" data-id=\"20977cc7\" data-element_type=\"widget\" data-e-type=\"widget\" data-widget_type=\"heading.default\">\n\t\t\t\t\t<h2 class=\"elementor-heading-title elementor-size-default\">Unser HAT das ist ein Preisangebot sofort,<span class=\"light-text\"> keine Wartezeiten und keine versteckten Kosten! <\/span><\/h2>\t\t\t\t<\/div>\n\t\t\t\t<div class=\"elementor-element elementor-element-f007e9a elementor-widget__width-initial elementor-widget-mobile__width-inherit elementor-widget elementor-widget-text-editor\" data-id=\"f007e9a\" data-element_type=\"widget\" data-e-type=\"widget\" data-widget_type=\"text-editor.default\">\n\t\t\t\t\t\t\t\t\t<p><strong>Sofortiges Angebot, keine Wartezeit und keine versteckten Kosten!<\/strong><br \/>Mit unserem intelligenten Online-Rechner erhalten Sie sofort eine Berechnung der exakten Menge an Platten f\u00fcr Ihren Balkon oder Ihre Terrasse. Sie m\u00fcssen nicht auf ein Angebot warten.<\/p><ul><li><strong>Kein \u00fcbersch\u00fcssiger Abfall:<\/strong>\u00a0Sie zahlen nur f\u00fcr das, was Sie wirklich brauchen.<\/li><li><strong>Kein Schrauben oder S\u00e4gen:<\/strong>\u00a0Einfache und saubere Montage ohne Materialzuschnitt.<\/li><li><strong>Keine Montagegeb\u00fchren:<\/strong>\u00a0Sie k\u00f6nnen den Boden leicht selbst montieren.<\/li><li><strong>NEU - Online-R\u00fcckzahlungen:<\/strong>\u00a0Sie k\u00f6nnen mit ein paar Klicks direkt von zu Hause aus erledigt werden. Ohne einen Besuch bei der Bank und ohne unn\u00f6tigen Papierkram.<\/li><\/ul><p>Wenn Sie keine Zeit oder Lust haben, den Boden selbst zu montieren, \u00fcbernehmen wir das gerne f\u00fcr Sie. Kontaktieren Sie uns und wir k\u00fcmmern uns um alles!<\/p>\t\t\t\t\t\t\t\t<\/div>\n\t\t\t\t<div class=\"elementor-element elementor-element-3fbf962a elementor-widget elementor-widget-button\" data-id=\"3fbf962a\" data-element_type=\"widget\" data-e-type=\"widget\" data-widget_type=\"button.default\">\n\t\t\t\t\t\t\t\t\t\t<a class=\"elementor-button elementor-button-link elementor-size-sm\" href=\"https:\/\/www.gumideck.sk\/de\/eshop\/konfigurator\/\">\n\t\t\t\t\t\t<span class=\"elementor-button-content-wrapper\">\n\t\t\t\t\t\t<span class=\"elementor-button-icon\">\n\t\t\t\t<svg aria-hidden=\"true\" class=\"e-font-icon-svg e-fas-arrow-right\" viewbox=\"0 0 448 512\" xmlns=\"http:\/\/www.w3.org\/2000\/svg\"><path d=\"M190.5 66.9l22.2-22.2c9.4-9.4 24.6-9.4 33.9 0L441 239c9.4 9.4 9.4 24.6 0 33.9L246.6 467.3c-9.4 9.4-24.6 9.4-33.9 0l-22.2-22.2c-9.5-9.5-9.3-25 .4-34.3L311.4 296H24c-13.3 0-24-10.7-24-24v-32c0-13.3 10.7-24 24-24h287.4L190.9 101.2c-9.8-9.3-10-24.8-.4-34.3z\"><\/path><\/svg>\t\t\t<\/span>\n\t\t\t\t\t\t\t\t\t<span class=\"elementor-button-text\">Anlegen der Terrasse<\/span>\n\t\t\t\t\t<\/span>\n\t\t\t\t\t<\/a>\n\t\t\t\t\t\t\t\t<\/div>\n\t\t\t\t<\/div>\n\t\t<div class=\"elementor-element elementor-element-3facc90b e-con-full e-flex e-con e-child\" data-id=\"3facc90b\" data-element_type=\"container\" data-e-type=\"container\">\n\t\t\t\t<div class=\"elementor-element elementor-element-689dcdb9 elementor-widget elementor-widget-image\" data-id=\"689dcdb9\" data-element_type=\"widget\" data-e-type=\"widget\" data-widget_type=\"image.default\">\n\t\t\t\t\t\t\t\t\t\t\t\t\t\t\t<img fetchpriority=\"high\" decoding=\"async\" width=\"800\" height=\"534\" src=\"https:\/\/www.gumideck.sk\/wp-content\/uploads\/2025\/01\/calc_mockup-1024x683.png\" class=\"attachment-large size-large wp-image-95\" alt=\"\" srcset=\"https:\/\/www.gumideck.sk\/wp-content\/uploads\/2025\/01\/calc_mockup-1024x683.png 1024w, https:\/\/www.gumideck.sk\/wp-content\/uploads\/2025\/01\/calc_mockup-190x127.png 190w, https:\/\/www.gumideck.sk\/wp-content\/uploads\/2025\/01\/calc_mockup-700x467.png 700w, https:\/\/www.gumideck.sk\/wp-content\/uploads\/2025\/01\/calc_mockup-300x200.png 300w, https:\/\/www.gumideck.sk\/wp-content\/uploads\/2025\/01\/calc_mockup-768x512.png 768w, https:\/\/www.gumideck.sk\/wp-content\/uploads\/2025\/01\/calc_mockup-1536x1024.png 1536w, https:\/\/www.gumideck.sk\/wp-content\/uploads\/2025\/01\/calc_mockup.png 1872w\" sizes=\"(max-width: 800px) 100vw, 800px\" title=\"\">\t\t\t\t\t\t\t\t\t\t\t\t\t\t\t<\/div>\n\t\t\t\t<\/div>\n\t\t\t\t<\/div>\n\t\t<div class=\"elementor-element elementor-element-0a0879f e-flex e-con-boxed e-con e-parent\" data-id=\"0a0879f\" data-element_type=\"container\" data-e-type=\"container\">\n\t\t\t\t\t<div class=\"e-con-inner\">\n\t\t<div class=\"elementor-element elementor-element-f11f40d e-con-full e-flex e-con e-child\" data-id=\"f11f40d\" data-element_type=\"container\" data-e-type=\"container\">\n\t\t\t\t<div class=\"elementor-element elementor-element-8f354cb elementor-widget__width-initial elementor-view-default elementor-position-block-start elementor-mobile-position-block-start elementor-widget elementor-widget-icon-box\" data-id=\"8f354cb\" data-element_type=\"widget\" data-e-type=\"widget\" data-widget_type=\"icon-box.default\">\n\t\t\t\t\t\t\t<div class=\"elementor-icon-box-wrapper\">\n\n\t\t\t\t\t\t<div class=\"elementor-icon-box-icon\">\n\t\t\t\t<span  class=\"elementor-icon\">\n\t\t\t\t<svg xmlns=\"http:\/\/www.w3.org\/2000\/svg\" width=\"116\" height=\"120\" viewbox=\"0 0 116 120\" fill=\"none\"><path d=\"M84.4164 52.5L93.9607 62.5M67.7138 70L77.2581 80M51.0112 87.5L60.5556 97.5\" stroke=\"#141B34\" stroke-width=\"3\" stroke-linecap=\"round\"><\/path><path d=\"M51.1806 23.3884C57.6931 16.5648 60.9497 13.153 64.5822 11.5765C69.4255 9.4745 74.8677 9.4745 79.7114 11.5765C83.344 13.153 86.6 16.5648 93.1126 23.3884C99.6252 30.2119 102.882 33.6237 104.386 37.4297C106.393 42.5044 106.393 48.2063 104.386 53.281C102.882 57.087 99.6252 60.499 93.1126 67.3225L65.1582 96.6115C58.6457 103.435 55.3891 106.847 51.7566 108.424C46.9131 110.526 41.471 110.526 36.6276 108.424C32.995 106.847 29.7387 103.435 23.226 96.6115C16.7134 89.788 13.4571 86.3765 11.9524 82.5705C9.9462 77.4955 9.9462 71.7935 11.9524 66.719C13.4571 62.913 16.7134 59.501 23.226 52.6775L51.1806 23.3884Z\" stroke=\"#141B34\" stroke-width=\"3\" stroke-linecap=\"round\" stroke-linejoin=\"round\"><\/path><\/svg>\t\t\t\t<\/span>\n\t\t\t<\/div>\n\t\t\t\n\t\t\t\t\t\t<div class=\"elementor-icon-box-content\">\n\n\t\t\t\t\t\t\t\t\t<h3 class=\"elementor-icon-box-title\">\n\t\t\t\t\t\t<span  >\n\t\t\t\t\t\t\tMessen Sie Ihre Terrasse\t\t\t\t\t\t<\/span>\n\t\t\t\t\t<\/h3>\n\t\t\t\t\n\t\t\t\t\t\t\t\t\t<p class=\"elementor-icon-box-description\">\n\t\t\t\t\t\tBevor Sie mit der Auswahl eines Terrassenbodens beginnen, ist es wichtig, dass Sie die genauen Ma\u00dfe Ihrer Terrasse ausmessen. Notieren Sie die L\u00e4nge und die Breite, oder vergessen Sie nicht unregelm\u00e4\u00dfige Formen, Nischen oder andere Besonderheiten des Raumes. Je genauer Ihre Ma\u00dfe sind, desto genauer k\u00f6nnen Sie das ben\u00f6tigte Material und den Preis berechnen.\n\n\t\t\t\t\t<\/p>\n\t\t\t\t\n\t\t\t<\/div>\n\t\t\t\n\t\t<\/div>\n\t\t\t\t\t\t<\/div>\n\t\t\t\t<div class=\"elementor-element elementor-element-91fedb1 elementor-absolute elementor-hidden-mobile elementor-view-default elementor-widget elementor-widget-icon\" data-id=\"91fedb1\" data-element_type=\"widget\" data-e-type=\"widget\" data-settings=\"{&quot;_position&quot;:&quot;absolute&quot;}\" data-widget_type=\"icon.default\">\n\t\t\t\t\t\t\t<div class=\"elementor-icon-wrapper\">\n\t\t\t<div class=\"elementor-icon\">\n\t\t\t<svg xmlns=\"http:\/\/www.w3.org\/2000\/svg\" width=\"800px\" height=\"800px\" viewbox=\"0 0 24 24\" fill=\"none\"><path d=\"M4 12H20M20 12L16 8M20 12L16 16\" stroke=\"#000000\" stroke-width=\"2\" stroke-linecap=\"round\" stroke-linejoin=\"round\"><\/path><\/svg>\t\t\t<\/div>\n\t\t<\/div>\n\t\t\t\t\t\t<\/div>\n\t\t\t\t<\/div>\n\t\t<div class=\"elementor-element elementor-element-54f9075 e-con-full e-flex e-con e-child\" data-id=\"54f9075\" data-element_type=\"container\" data-e-type=\"container\">\n\t\t\t\t<div class=\"elementor-element elementor-element-6233b97 elementor-widget__width-initial elementor-view-default elementor-position-block-start elementor-mobile-position-block-start elementor-widget elementor-widget-icon-box\" data-id=\"6233b97\" data-element_type=\"widget\" data-e-type=\"widget\" data-widget_type=\"icon-box.default\">\n\t\t\t\t\t\t\t<div class=\"elementor-icon-box-wrapper\">\n\n\t\t\t\t\t\t<div class=\"elementor-icon-box-icon\">\n\t\t\t\t<span  class=\"elementor-icon\">\n\t\t\t\t<svg xmlns=\"http:\/\/www.w3.org\/2000\/svg\" width=\"116\" height=\"120\" viewbox=\"0 0 116 120\" fill=\"none\"><path d=\"M14.8154 50H100.714\" stroke=\"#141B34\" stroke-width=\"3\" stroke-linejoin=\"round\"><\/path><path d=\"M72.0815 30H81.6259\" stroke=\"#141B34\" stroke-width=\"3\" stroke-linecap=\"round\" stroke-linejoin=\"round\"><\/path><path d=\"M100.714 65V55C100.714 33.7868 100.714 23.1802 94.4247 16.5901C88.135 10 78.0113 10 57.7649 10C37.5183 10 27.395 10 21.1052 16.5901C14.8154 23.1802 14.8154 33.7868 14.8154 55V65C14.8154 86.213 14.8154 96.82 21.1052 103.41C27.395 110 37.5183 110 57.7649 110C78.0113 110 88.135 110 94.4247 103.41C100.714 96.82 100.714 86.213 100.714 65Z\" stroke=\"#141B34\" stroke-width=\"3\"><\/path><path d=\"M33.9043 70H36.416M56.5091 70H59.0212M79.1143 70H81.6259\" stroke=\"#141B34\" stroke-width=\"3\" stroke-linecap=\"round\" stroke-linejoin=\"round\"><\/path><path d=\"M33.9043 90H36.416M56.5091 90H59.0211M79.1143 90H81.6259\" stroke=\"#141B34\" stroke-width=\"3\" stroke-linecap=\"round\" stroke-linejoin=\"round\"><\/path><\/svg>\t\t\t\t<\/span>\n\t\t\t<\/div>\n\t\t\t\n\t\t\t\t\t\t<div class=\"elementor-icon-box-content\">\n\n\t\t\t\t\t\t\t\t\t<h3 class=\"elementor-icon-box-title\">\n\t\t\t\t\t\t<span  >\n\t\t\t\t\t\t\tGeben Sie die Gr\u00f6\u00dfe in den Rechner ein und w\u00e4hlen Sie die Form der Passform\t\t\t\t\t\t<\/span>\n\t\t\t\t\t<\/h3>\n\t\t\t\t\n\t\t\t\t\t\t\t\t\t<p class=\"elementor-icon-box-description\">\n\t\t\t\t\t\tGeben Sie die ermittelten Ma\u00dfe in einen einfachen Rechner ein. W\u00e4hlen Sie dann die Art und das Muster des Bodens aus (z.B. gerades Muster, Schachbrettmuster, diagonales Muster, usw.). Der Rechner errechnet automatisch die ben\u00f6tigte Materialmenge, einschlie\u00dflich der Reserve, und optimiert die Platzierung der Lamellen.\t\t\t\t\t<\/p>\n\t\t\t\t\n\t\t\t<\/div>\n\t\t\t\n\t\t<\/div>\n\t\t\t\t\t\t<\/div>\n\t\t\t\t<div class=\"elementor-element elementor-element-dc60652 e-transform elementor-hidden-mobile elementor-view-default elementor-widget elementor-widget-icon\" data-id=\"dc60652\" data-element_type=\"widget\" data-e-type=\"widget\" data-settings=\"{&quot;_transform_rotateZ_effect&quot;:{&quot;unit&quot;:&quot;px&quot;,&quot;size&quot;:&quot;90&quot;,&quot;sizes&quot;:[]},&quot;_transform_rotateZ_effect_tablet&quot;:{&quot;unit&quot;:&quot;deg&quot;,&quot;size&quot;:&quot;&quot;,&quot;sizes&quot;:[]},&quot;_transform_rotateZ_effect_mobile&quot;:{&quot;unit&quot;:&quot;deg&quot;,&quot;size&quot;:&quot;&quot;,&quot;sizes&quot;:[]}}\" data-widget_type=\"icon.default\">\n\t\t\t\t\t\t\t<div class=\"elementor-icon-wrapper\">\n\t\t\t<div class=\"elementor-icon\">\n\t\t\t<svg xmlns=\"http:\/\/www.w3.org\/2000\/svg\" width=\"800px\" height=\"800px\" viewbox=\"0 0 24 24\" fill=\"none\"><path d=\"M4 12H20M20 12L16 8M20 12L16 16\" stroke=\"#000000\" stroke-width=\"2\" stroke-linecap=\"round\" stroke-linejoin=\"round\"><\/path><\/svg>\t\t\t<\/div>\n\t\t<\/div>\n\t\t\t\t\t\t<\/div>\n\t\t\t\t<\/div>\n\t\t\t\t\t<\/div>\n\t\t\t\t<\/div>\n\t\t<div class=\"elementor-element elementor-element-d79b00c e-flex e-con-boxed e-con e-parent\" data-id=\"d79b00c\" data-element_type=\"container\" data-e-type=\"container\">\n\t\t\t\t\t<div class=\"e-con-inner\">\n\t\t<div class=\"elementor-element elementor-element-3cfe8a7 e-con-full e-flex e-con e-child\" data-id=\"3cfe8a7\" data-element_type=\"container\" data-e-type=\"container\">\n\t\t\t\t<div class=\"elementor-element elementor-element-2831999 elementor-widget__width-initial elementor-view-default elementor-position-block-start elementor-mobile-position-block-start elementor-widget elementor-widget-icon-box\" data-id=\"2831999\" data-element_type=\"widget\" data-e-type=\"widget\" data-widget_type=\"icon-box.default\">\n\t\t\t\t\t\t\t<div class=\"elementor-icon-box-wrapper\">\n\n\t\t\t\t\t\t<div class=\"elementor-icon-box-icon\">\n\t\t\t\t<span  class=\"elementor-icon\">\n\t\t\t\t<svg xmlns=\"http:\/\/www.w3.org\/2000\/svg\" width=\"89\" height=\"90\" viewbox=\"0 0 89 90\" fill=\"none\"><path d=\"M81.4043 7.5L41.0244 48.75\" stroke=\"black\" stroke-width=\"2\" stroke-linecap=\"round\" stroke-linejoin=\"round\"><\/path><path d=\"M81.4042 7.5L55.708 82.5L41.0244 48.75L7.98633 33.75L81.4042 7.5Z\" stroke=\"black\" stroke-width=\"2\" stroke-linecap=\"round\" stroke-linejoin=\"round\"><\/path><\/svg>\t\t\t\t<\/span>\n\t\t\t<\/div>\n\t\t\t\n\t\t\t\t\t\t<div class=\"elementor-icon-box-content\">\n\n\t\t\t\t\t\t\t\t\t<h3 class=\"elementor-icon-box-title\">\n\t\t\t\t\t\t<span  >\n\t\t\t\t\t\t\tSenden Sie uns einen automatisch erstellten Link oder eine PDF-Datei des erstellten Angebots im Anhang\t\t\t\t\t\t<\/span>\n\t\t\t\t\t<\/h3>\n\t\t\t\t\n\t\t\t\t\t\t\t\t\t<p class=\"elementor-icon-box-description\">\n\t\t\t\t\t\tSobald das Angebot erstellt ist, k\u00f6nnen Sie einen Link oder eine PDF-Datei mit den Details per E-Mail senden. Unser Team bearbeitet und pr\u00fcft Ihre Anfrage und kontaktiert Sie dann mit einer Best\u00e4tigung oder weiteren Empfehlungen. So k\u00f6nnen Sie schnell und bequem mit der Umsetzung Ihres Patios beginnen.<strong> Wenn alles in Ordnung ist, klicken Sie auf die Schaltfl\u00e4che KAUFEN und kaufen Sie bequem online ein.<\/strong>\t\t\t\t\t<\/p>\n\t\t\t\t\n\t\t\t<\/div>\n\t\t\t\n\t\t<\/div>\n\t\t\t\t\t\t<\/div>\n\t\t\t\t<div class=\"elementor-element elementor-element-659b9ec elementor-widget__width-initial elementor-view-default elementor-position-block-start elementor-mobile-position-block-start elementor-widget elementor-widget-icon-box\" data-id=\"659b9ec\" data-element_type=\"widget\" data-e-type=\"widget\" data-widget_type=\"icon-box.default\">\n\t\t\t\t\t\t\t<div class=\"elementor-icon-box-wrapper\">\n\n\t\t\t\t\t\t<div class=\"elementor-icon-box-icon\">\n\t\t\t\t<span  class=\"elementor-icon\">\n\t\t\t\t<svg xmlns=\"http:\/\/www.w3.org\/2000\/svg\" width=\"115\" height=\"120\" viewbox=\"0 0 115 120\" fill=\"none\"><path d=\"M67.0821 90C88.1669 90 105.259 72.0915 105.259 50C105.259 27.9086 88.1669 10 67.0821 10C45.9973 10 28.9048 27.9086 28.9048 50C28.9048 72.0915 45.9973 90 67.0821 90Z\" stroke=\"#141B34\" stroke-width=\"3\" stroke-linecap=\"round\"><\/path><path d=\"M15.3357 55C11.8457 60.588 9.81641 67.2675 9.81641 74.444C9.81641 94.081 25.0099 110 43.752 110C50.6017 110 56.9768 107.874 62.3102 104.217\" stroke=\"#141B34\" stroke-width=\"3\" stroke-linecap=\"round\"><\/path><path d=\"M81.3986 62.4615C79.1156 66.9785 74.9619 70 70.2165 70C63.0115 70 57.1708 63.0355 57.1708 54.4445V45.5555C57.1708 36.9644 63.0115 30 70.2165 30C74.9619 30 79.1156 33.0213 81.3986 37.5387M52.7656 50H71.4873\" stroke=\"#141B34\" stroke-width=\"3\" stroke-linecap=\"round\"><\/path><\/svg>\t\t\t\t<\/span>\n\t\t\t<\/div>\n\t\t\t\n\t\t\t\t\t\t<div class=\"elementor-icon-box-content\">\n\n\t\t\t\t\t\t\t\t\t<h3 class=\"elementor-icon-box-title\">\n\t\t\t\t\t\t<span  >\n\t\t\t\t\t\t\tKlicken Sie auf die Schaltfl\u00e4che TERRASSENANORDNUNG, um den Preis f\u00fcr Ihre Terrasse zu erfahren\t\t\t\t\t\t<\/span>\n\t\t\t\t\t<\/h3>\n\t\t\t\t\n\t\t\t\t\t\t\t\t\t<p class=\"elementor-icon-box-description\">\n\t\t\t\t\t\tNachdem Sie die Daten eingegeben und gespeichert haben, klicken Sie auf die Schaltfl\u00e4che \"TERRASSE EINRICHTEN\". Das System zeigt Ihnen sofort einen Richtpreis f\u00fcr die gesamte Terrasse inklusive aller Komponenten (z.B. Unterkonstruktion, Befestigungsmittel, etc.) an. So k\u00f6nnen Sie sich einen \u00dcberblick \u00fcber die Investition verschaffen, ohne den H\u00e4ndler kontaktieren zu m\u00fcssen.\t\t\t\t\t<\/p>\n\t\t\t\t\n\t\t\t<\/div>\n\t\t\t\n\t\t<\/div>\n\t\t\t\t\t\t<\/div>\n\t\t\t\t<div class=\"elementor-element elementor-element-39ebbad e-transform elementor-hidden-mobile elementor-view-default elementor-widget elementor-widget-icon\" data-id=\"39ebbad\" data-element_type=\"widget\" data-e-type=\"widget\" data-settings=\"{&quot;_transform_rotateZ_effect&quot;:{&quot;unit&quot;:&quot;px&quot;,&quot;size&quot;:&quot;90&quot;,&quot;sizes&quot;:[]},&quot;_transform_rotateZ_effect_tablet&quot;:{&quot;unit&quot;:&quot;deg&quot;,&quot;size&quot;:&quot;&quot;,&quot;sizes&quot;:[]},&quot;_transform_rotateZ_effect_mobile&quot;:{&quot;unit&quot;:&quot;deg&quot;,&quot;size&quot;:&quot;&quot;,&quot;sizes&quot;:[]}}\" data-widget_type=\"icon.default\">\n\t\t\t\t\t\t\t<div class=\"elementor-icon-wrapper\">\n\t\t\t<div class=\"elementor-icon\">\n\t\t\t<svg xmlns=\"http:\/\/www.w3.org\/2000\/svg\" width=\"800px\" height=\"800px\" viewbox=\"0 0 24 24\" fill=\"none\"><path d=\"M4 12H20M20 12L16 8M20 12L16 16\" stroke=\"#000000\" stroke-width=\"2\" stroke-linecap=\"round\" stroke-linejoin=\"round\"><\/path><\/svg>\t\t\t<\/div>\n\t\t<\/div>\n\t\t\t\t\t\t<\/div>\n\t\t\t\t<div class=\"elementor-element elementor-element-af667f4 elementor-absolute e-transform elementor-hidden-mobile elementor-view-default elementor-widget elementor-widget-icon\" data-id=\"af667f4\" data-element_type=\"widget\" data-e-type=\"widget\" data-settings=\"{&quot;_position&quot;:&quot;absolute&quot;,&quot;_transform_rotateZ_effect&quot;:{&quot;unit&quot;:&quot;px&quot;,&quot;size&quot;:&quot;180&quot;,&quot;sizes&quot;:[]},&quot;_transform_rotateZ_effect_tablet&quot;:{&quot;unit&quot;:&quot;deg&quot;,&quot;size&quot;:&quot;&quot;,&quot;sizes&quot;:[]},&quot;_transform_rotateZ_effect_mobile&quot;:{&quot;unit&quot;:&quot;deg&quot;,&quot;size&quot;:&quot;&quot;,&quot;sizes&quot;:[]}}\" data-widget_type=\"icon.default\">\n\t\t\t\t\t\t\t<div class=\"elementor-icon-wrapper\">\n\t\t\t<div class=\"elementor-icon\">\n\t\t\t<svg xmlns=\"http:\/\/www.w3.org\/2000\/svg\" width=\"800px\" height=\"800px\" viewbox=\"0 0 24 24\" fill=\"none\"><path d=\"M4 12H20M20 12L16 8M20 12L16 16\" stroke=\"#000000\" stroke-width=\"2\" stroke-linecap=\"round\" stroke-linejoin=\"round\"><\/path><\/svg>\t\t\t<\/div>\n\t\t<\/div>\n\t\t\t\t\t\t<\/div>\n\t\t\t\t<\/div>\n\t\t<div class=\"elementor-element elementor-element-f5d1183 e-con-full e-flex e-con e-child\" data-id=\"f5d1183\" data-element_type=\"container\" data-e-type=\"container\">\n\t\t\t\t<\/div>\n\t\t\t\t\t<\/div>\n\t\t\t\t<\/div>\n\t\t<div class=\"elementor-element elementor-element-fd14787 e-flex e-con-boxed e-con e-parent\" data-id=\"fd14787\" data-element_type=\"container\" data-e-type=\"container\">\n\t\t\t\t\t<div class=\"e-con-inner\">\n\t\t<div class=\"elementor-element elementor-element-99e0dab e-con-full e-flex e-con e-child\" data-id=\"99e0dab\" data-element_type=\"container\" data-e-type=\"container\">\n\t\t\t\t<div class=\"elementor-element elementor-element-152c9df elementor-widget__width-initial elementor-view-default elementor-position-block-start elementor-mobile-position-block-start elementor-widget elementor-widget-icon-box\" data-id=\"152c9df\" data-element_type=\"widget\" data-e-type=\"widget\" data-widget_type=\"icon-box.default\">\n\t\t\t\t\t\t\t<div class=\"elementor-icon-box-wrapper\">\n\n\t\t\t\t\t\t<div class=\"elementor-icon-box-icon\">\n\t\t\t\t<span  class=\"elementor-icon\">\n\t\t\t\t<svg xmlns=\"http:\/\/www.w3.org\/2000\/svg\" width=\"112\" height=\"86\" viewbox=\"0 0 112 86\" fill=\"none\"><path d=\"M75.4179 2H2V61.2222H75.4179V2Z\" stroke=\"black\" stroke-width=\"3\" stroke-linecap=\"round\" stroke-linejoin=\"round\"><\/path><path d=\"M75.418 24.7778H94.9961L109.68 38.4445V61.2223H75.418V24.7778Z\" stroke=\"black\" stroke-width=\"3\" stroke-linecap=\"round\" stroke-linejoin=\"round\"><\/path><path d=\"M24.0254 83.9999C30.7833 83.9999 36.2617 78.901 36.2617 72.6111C36.2617 66.3211 30.7833 61.2222 24.0254 61.2222C17.2674 61.2222 11.7891 66.3211 11.7891 72.6111C11.7891 78.901 17.2674 83.9999 24.0254 83.9999Z\" stroke=\"black\" stroke-width=\"3\" stroke-linecap=\"round\" stroke-linejoin=\"round\"><\/path><path d=\"M87.6543 83.9999C94.4122 83.9999 99.8906 78.901 99.8906 72.6111C99.8906 66.3211 94.4122 61.2222 87.6543 61.2222C80.8964 61.2222 75.418 66.3211 75.418 72.6111C75.418 78.901 80.8964 83.9999 87.6543 83.9999Z\" stroke=\"black\" stroke-width=\"3\" stroke-linecap=\"round\" stroke-linejoin=\"round\"><\/path><\/svg>\t\t\t\t<\/span>\n\t\t\t<\/div>\n\t\t\t\n\t\t\t\t\t\t<div class=\"elementor-icon-box-content\">\n\n\t\t\t\t\t\t\t\t\t<h3 class=\"elementor-icon-box-title\">\n\t\t\t\t\t\t<span  >\n\t\t\t\t\t\t\t Wir versenden den Boden in der gesamten Slowakei\t\t\t\t\t\t<\/span>\n\t\t\t\t\t<\/h3>\n\t\t\t\t\n\t\t\t\t\t\t\t\t\t<p class=\"elementor-icon-box-description\">\n\t\t\t\t\t\tSobald das Angebot genehmigt und die Bestellung abgeschlossen ist, werden wir die Lieferung des Materials direkt an Ihre Adresse in der Slowakei veranlassen. Der Versand erfolgt zuverl\u00e4ssig und sicher verpackt, damit der Boden in perfektem Zustand und verlegefertig bei Ihnen ankommt.\t\t\t\t\t<\/p>\n\t\t\t\t\n\t\t\t<\/div>\n\t\t\t\n\t\t<\/div>\n\t\t\t\t\t\t<\/div>\n\t\t\t\t<\/div>\n\t\t<div class=\"elementor-element elementor-element-0ddf8ed e-con-full e-flex e-con e-child\" data-id=\"0ddf8ed\" data-element_type=\"container\" data-e-type=\"container\">\n\t\t\t\t<\/div>\n\t\t\t\t\t<\/div>\n\t\t\t\t<\/div>\n\t\t\t\t<\/div>","protected":false},"excerpt":{"rendered":"<p>Cenov\u00e1 ponuka okam\u017eite, bez \u010dakania a skryt\u00fdch n\u00e1kladov! Cenov\u00e1 ponuka okam\u017eite, bez \u010dakania a skryt\u00fdch n\u00e1kladov!S na\u0161ou inteligentnou online kalkula\u010dkou z\u00edskate okam\u017eit\u00fd v\u00fdpo\u010det presn\u00e9ho mno\u017estva dosiek pre v\u00e1\u0161 balk\u00f3n \u010di terasu. Bez nutnosti \u010daka\u0165 na vypracovanie ponuky. \u017diadny prebyto\u010dn\u00fd odpad:\u00a0Zaplat\u00edte len za to, \u010do naozaj potrebujete. \u017diadne skrutky ani p\u00edlenie:\u00a0Jednoduch\u00e1 a \u010dist\u00e1 mont\u00e1\u017e bez rezania [&hellip;]<\/p>\n","protected":false},"author":1,"featured_media":0,"parent":0,"menu_order":0,"comment_status":"closed","ping_status":"closed","template":"","meta":{"footnotes":""},"class_list":["post-357","page","type-page","status-publish","hentry"],"_links":{"self":[{"href":"https:\/\/www.gumideck.sk\/de\/wp-json\/wp\/v2\/pages\/357","targetHints":{"allow":["GET"]}}],"collection":[{"href":"https:\/\/www.gumideck.sk\/de\/wp-json\/wp\/v2\/pages"}],"about":[{"href":"https:\/\/www.gumideck.sk\/de\/wp-json\/wp\/v2\/types\/page"}],"author":[{"embeddable":true,"href":"https:\/\/www.gumideck.sk\/de\/wp-json\/wp\/v2\/users\/1"}],"replies":[{"embeddable":true,"href":"https:\/\/www.gumideck.sk\/de\/wp-json\/wp\/v2\/comments?post=357"}],"version-history":[{"count":99,"href":"https:\/\/www.gumideck.sk\/de\/wp-json\/wp\/v2\/pages\/357\/revisions"}],"predecessor-version":[{"id":4744,"href":"https:\/\/www.gumideck.sk\/de\/wp-json\/wp\/v2\/pages\/357\/revisions\/4744"}],"wp:attachment":[{"href":"https:\/\/www.gumideck.sk\/de\/wp-json\/wp\/v2\/media?parent=357"}],"curies":[{"name":"wp","href":"https:\/\/api.w.org\/{rel}","templated":true}]}}