{"id":4050,"date":"2025-03-24T12:10:04","date_gmt":"2025-03-24T11:10:04","guid":{"rendered":"https:\/\/www.gumideck.sk\/?page_id=4050"},"modified":"2025-03-24T12:12:05","modified_gmt":"2025-03-24T11:12:05","slug":"montaz","status":"publish","type":"page","link":"https:\/\/www.gumideck.sk\/de\/montaz\/","title":{"rendered":"Einrichtung"},"content":{"rendered":"<div data-elementor-type=\"wp-page\" data-elementor-id=\"4050\" class=\"elementor elementor-4050\" data-elementor-post-type=\"page\">\n\t\t\t\t<div class=\"elementor-element elementor-element-2a958a1 e-flex e-con-boxed e-con e-parent\" data-id=\"2a958a1\" data-element_type=\"container\" data-e-type=\"container\">\n\t\t\t\t\t<div class=\"e-con-inner\">\n\t\t\t\t<div class=\"elementor-element elementor-element-9783fc8 elementor-widget elementor-widget-text-editor\" data-id=\"9783fc8\" data-element_type=\"widget\" data-e-type=\"widget\" data-widget_type=\"text-editor.default\">\n\t\t\t\t\t\t\t\t\t<section class=\"section m-none\"><div class=\"container\"><h3 class=\"header_color\">Allgemeine Informationen<\/h3><p>GUMI Wood Decking ist f\u00fcr eine einfache, schnelle und problemlose Verlegung ohne zus\u00e4tzliche Spezialwerkzeuge vorbereitet. GUMIdeck Holzterrassendielen sind auch als \"Wood Decking\" bekannt und werden aus langlebigem, nat\u00fcrlichem Thermoeschenholz hergestellt. Die Terrassendielen werden mit ausgew\u00e4hlten Spezial\u00f6len maschinell ge\u00f6lt und mit UV-Filtern und Farbpigmenten versehen, was die Dielen vor intensiver Sonneneinstrahlung und pl\u00f6tzlichen Temperaturschwankungen sch\u00fctzt.<br \/><br \/>W\u00e4rmebehandelte Echtholzdielen mit einem einfachen Klicksystem, das eine einfache Montage und Demontage erm\u00f6glicht und eine Vielzahl von Passmustern erstellen kann. Die Fliesen k\u00f6nnen zu jeder Jahreszeit verwendet werden. Der Verbindungsstecker ist rutschfest, bodenstabil und hoch belastbar.<br \/><br \/><strong>Umfang :\u00a0<\/strong>Terrasse, Balkon, Au\u00dfenbereich, Innenbereich, Garten f\u00fcr besondere Wohnr\u00e4ume wie Wintergarten, Terrasse oder Balkon.<\/p><p>\u00a0<\/p><h4 class=\"header_color\">Terrassenfliesen<\/h4>Gro\u00dfe Terrassen, Loggien oder Balkone, Terrassen mit Treppen, Terrassen und Balkone mit unregelm\u00e4\u00dfigen Formen (schr\u00e4g oder gew\u00f6lbt) und solche mit anderen unregelm\u00e4\u00dfigen Formen, die nicht in den Kalkulator aufgenommen werden k\u00f6nnen. F\u00fcr solche Terrassen, Loggien oder Balkone muss in jedem Fall vor dem Kauf unsere Verkaufsabteilung kontaktiert werden.<br \/><br \/>GUMI Holzterrassen sind der Zauber der reinen Natur! Terrassen aus nat\u00fcrlichen Materialien sind sch\u00f6n, langlebig und witterungsbest\u00e4ndig. Eine Terrasse aus Holz ist einfach etwas Besonderes.<br \/><br \/>Thermoeschenholzb\u00f6den sind eine schnelle und einfache M\u00f6glichkeit, Ihre Terrasse oder Ihren Balkon zu versch\u00f6nern. GUMI-Holzb\u00f6den sind eine einfache M\u00f6glichkeit, Ihren Balkon oder Ihre Terrasse zu versch\u00f6nern. Die Verlegung ist einfach: Die einzelnen Dielen werden einfach auf die Gummiverbinder gesteckt.<br \/><br \/>Der Holzboden ist thermisch behandelt und die Terrassendielen sind auch f\u00fcr den Einsatz in gewerblichen Einrichtungen geeignet. Ob an Str\u00e4nden, auf Restaurantterrassen oder in Hotels. Der Bodenbelag kann zugeschnitten werden, wenn Sie ihn an Bereiche um Gel\u00e4nderpfosten, Treppen, S\u00e4ulen usw. anpassen m\u00f6chten. Er h\u00e4lt auch ohne Behandlung sehr lange unter rauen Bedingungen. Es handelt sich um eines der haltbarsten Materialien.<p>\u00a0<\/p><h3 class=\"header_color\">Verlegung von Holzfu\u00dfb\u00f6den Schritt f\u00fcr Schritt<\/h3><p><strong>SCHRITT 1<\/strong><br \/>Bevor Sie mit der Verlegung Ihrer Holzterrasse beginnen, sollten Sie die folgenden Informationen lesen und sich vorbereiten:<\/p><ul><li>eine ausgedruckte pdf-Datei Ihres Balkon-\/Terrassengrundrisses, die einen Plan der Terrasse, die einzelnen Plattenpakete und das Layout des Plattenmusters enth\u00e4lt<\/li><li>Schutzhandschuhe<\/li><li>ein Messer oder ein anderes scharfes Schneidewerkzeug, um die \u00fcbersch\u00fcssigen Leiterplatten des Anschlusses abzuschneiden<\/li><\/ul><strong>SCHRITT 2<\/strong><br \/>Bereiten Sie die Oberfl\u00e4che vor, auf der die Dielen verlegt werden sollen. Um eine Besch\u00e4digung der Holzdielen zu vermeiden, entfernen Sie allen losen Schmutz, Staub und Schutt auf Ihrem Balkon, Ihrer Terrasse, der Abdichtung oder der Loggia. Au\u00dferdem m\u00fcssen alle Spuren von Putz und Bauarbeiten entfernt werden.<br \/><strong>SCHRITT 3<\/strong><br \/>Pr\u00fcfen Sie den aufgedruckten Grundriss Ihrer Terrasse und beginnen Sie dann mit dem Stapeln und Verbinden der Holz- (oder wpc-, Komposit-, Holz-Kunststoff-) Bretter nach und nach von der Wand \/ dem Eingang bis zu den Au\u00dfenkanten des Balkons, der Terrasse, der Loggia.<br \/>Die Dielen sollten nur mit GUMI-Verbindern verbunden werden. Um die Installation der Holzterrasse zu erleichtern, drehen Sie einige Bretter um (achten Sie darauf, die raue, geschliffene Seite der Bretter nicht zu besch\u00e4digen), verbinden Sie sie mit dem Verbinder gem\u00e4\u00df dem Muster und verbinden Sie sie dann mit dem Rest der Terrasse. Wenn Sie Probleme haben, die Teile zu verbinden, vergewissern Sie sich, dass die GUMIdeck-Verbinder richtig positioniert sind. Alle Elemente sollten perfekt passen. Sie k\u00f6nnen die L\u00f6cher in den Brettern rund um den Umriss der Terrasse mit der abgeschnittenen H\u00e4lfte des Verbindungsst\u00fccks f\u00fcllen, wenn Sie keine Seitenwandbretter verwenden wollen.<br \/><strong>SCHRITT 4<\/strong><br \/>Sobald alle Dielen verlegt sind, ist Ihr neuer Boden einsatzbereit. Gehen Sie gegebenenfalls um die Terrasse herum, um sicherzustellen, dass alle Dielen richtig passen und mit dem Verbinder verbunden sind. Wenn die Dielen w\u00e4hrend der Verlegung schmutzig geworden sind, k\u00f6nnen Sie den Boden reinigen.<p>\u00a0<\/p><h3 class=\"header_color\">Einbau - weitere Informationen<\/h3><p>Wir raten davon ab, das Gumi-System dauerhaft auf der Terrasse zu befestigen. Gumi ist als \"schwimmendes System\" konzipiert. Schlagen Sie unter keinen Umst\u00e4nden mit einem Eisenhammer oder anderen harten Gegenst\u00e4nden auf die Dielen, da dies zu dauerhaften Sch\u00e4den an den Holzdielen f\u00fchren kann.<br \/><br \/><strong>Nutzung der Terrasse<\/strong><br \/>Wir raten davon ab, Metallgegenst\u00e4nde \u00fcber einen l\u00e4ngeren Zeitraum in direktem Kontakt mit den Terrassenplatten zu verwenden, da das Metall Abdr\u00fccke auf den Platten hinterlassen kann. Es ist darauf zu achten, dass die Terrassenplatten frei von Vegetation gehalten werden. Direkter Pflanzenkontakt mit den GUMI-Terrassendielen f\u00fchrt zu einer beschleunigten biologischen Zersetzung des Holzes. Es ist besonders wichtig, Ihre Terrasse vor Bewuchs zwischen den Gumi-Terrassendielen zu sch\u00fctzen. Wenn es notwendig ist, die Oberfl\u00e4che abzudecken (z.B. bei Renovierungs- und Malerarbeiten), verwenden Sie am besten Teppich oder Pappe. Eine dauerhafte Abdeckung der Terrasse mit einem undurchl\u00e4ssigen Material kann zu starken und dauerhaften Farbunterschieden zwischen dem bedeckten und dem unbedeckten Teil Ihrer Terrasse auf Ihrem Balkon, Ihrer Terrasse mit Abdichtung f\u00fchren. Decken Sie die Terrasse im Winter nicht mit Folie oder anderem luftundurchl\u00e4ssigem Material ab.<\/p><h3 class=\"header_color\">Terrassenreinigung<\/h3><p>Die GUMI-Terrassenoberfl\u00e4che kann mit einer weichen B\u00fcrste und Wasser abgewaschen werden. Es ist m\u00f6glich, milde chemische Reiniger zu verwenden, die f\u00fcr ge\u00f6lte Holzterrassen bestimmt sind. Um Schmutz von der Terrassenoberfl\u00e4che zu entfernen - wie Sand, Bl\u00e4tter und Tannennadeln -, verwenden Sie eine weiche B\u00fcrste. Es ist auch notwendig, angesammelten Sand, Laub und Tannennadeln zu entfernen, die den freien Abfluss des Regenwassers von der Terrasse blockieren. Im Winter sollte der Schnee vorsichtig entfernt werden, um die Oberfl\u00e4che der Platten nicht zu besch\u00e4digen. Wir empfehlen, keine Schaufeln aus Metall oder Aluminium zu verwenden, sondern den Schnee mit einem Besen zu beseitigen. Verwenden Sie auf keinen Fall Salz oder andere Chemikalien zur Schneer\u00e4umung, da dies die Holzdielen besch\u00e4digen k\u00f6nnte.<br \/><br \/>Der Boden kann leicht demontiert und wieder zusammengesetzt werden, wenn man darunter reinigen m\u00f6chte.<\/p><h3 class=\"header_color\">Pflege<\/h3><p>Versuchen Sie, die Terrasse sauber und trocken zu halten. Achten Sie auf Stellen, an denen unge\u00f6lte Bretter besch\u00e4digt oder abgeschabt wurden. Dies sind Anzeichen daf\u00fcr, dass die Oberfl\u00e4che der Terrasse bald mit einer neuen \u00d6lschicht gesch\u00fctzt werden sollte. Die H\u00e4ufigkeit der Pflege h\u00e4ngt von der Lage der Terrasse, dem Grad der Abnutzung und der Sonnen- und Regeneinstrahlung ab. Die Qualit\u00e4t, das Aussehen und die Haltbarkeit einer GUMI-Terrasse h\u00e4ngen in erster Linie von ihrer richtigen und regelm\u00e4\u00dfigen Pflege ab. H\u00e4ufigkeit der Pflege (w\u00e4hrend der Garantiezeit erforderlich) Die Pflege der Terrasse sollte je nach Abnutzungsgrad der Oberfl\u00e4chenschicht der Holzbretter erfolgen. Bei deutlichen Schnitten, Absplitterungen und Defekten in der sch\u00fctzenden \u00d6lschicht ist es notwendig, zuerst die so genannte VERST\u00c4RKUNG mit handels\u00fcblichen Chemikalien zur Verfestigung von Holzterrassen (gem\u00e4\u00df den Anweisungen des Herstellers) durchzuf\u00fchren und anschlie\u00dfend eine neue Schutz\u00f6lschicht mit einer B\u00fcrste, einer Rolle oder einem Tuch aufzutragen. Um eine unbesch\u00e4digte \u00d6lschicht wiederherzustellen, sollten Sie die Terrasse zun\u00e4chst nur mit Wasser und einer weichen B\u00fcrste abwaschen und nach vollst\u00e4ndiger Trocknung eine neue \u00d6lschicht auftragen, wobei Sie stets die Pflegeanweisungen des Herstellers beachten sollten.<br \/><br \/>Durch regelm\u00e4\u00dfiges Streichen, etwa einmal im Jahr, k\u00f6nnen Sie Ihren Boden leicht vor Abnutzung sch\u00fctzen.<\/p><h3 class=\"header_color\">\u00d6le - verschiedene Arten von \u00d6len f\u00fcr die Holzpflege<\/h3><p>F\u00fcr die regelm\u00e4\u00dfige Pflege empfiehlt sich die Verwendung von dispergierten Holz\u00f6len mit Farbpigmenten. \u00d6l mit Farbpigmenten gleicht die Farbe der Terrassenoberfl\u00e4che aus und verl\u00e4ngert dank der Tatsache, dass es eine UV-Barriere darstellt, den Patinierungsprozess (Vergrauung) von Terrassen aus Naturholz erheblich.<\/p><h3 class=\"header_color\">Lagerung<\/h3><p>Holzbretter und Verbinder sollten nach M\u00f6glichkeit in einem k\u00fchlen, trockenen Raum gelagert werden. Bei Lagerung im Freien sollten die Bretter mit einer wasserdichten Abdeckung versehen werden, um sie z. B. vor Schnee zu sch\u00fctzen. Die Luft muss ungehindert zirkulieren k\u00f6nnen, um Feuchtigkeit oder Schimmel zu vermeiden und um zu verhindern, dass Sonneneinstrahlung zu Farbverlusten f\u00fchrt.<\/p><h3 class=\"header_color\">Substrat - Anforderungen an die Oberfl\u00e4che<\/h3><p>Der Untergrund sollte eben sein und ein Gef\u00e4lle aufweisen, um zu verhindern, dass sich Wassertropfen darauf absetzen, und um den Abfluss von Regenwasser zu erm\u00f6glichen (Standard 1-2 cm\/m). Die GUMI-Terrasse ist eine \"schwimmende\" Terrasse, die sich den Unebenheiten Ihres Unterbodens anpasst und folgt. Um ein zufriedenstellendes Endergebnis zu erzielen, ist es notwendig, dass Unregelm\u00e4\u00dfigkeiten auf dem Boden (trockene Putzreste, Betonst\u00fccke usw.) entfernt werden. Der Unterboden sollte stabil sein und die richtige H\u00e4rte haben, d. h. er darf sich unter Druck nicht verbiegen. Die GUMI-Terrasse kann standardm\u00e4\u00dfig auf den folgenden Arten von Untergr\u00fcnden verlegt werden: Betonabg\u00e4nge, Beton, Fliesen\/Fliesen\/Terrakotta, Buntbetonpflaster, Verbundpflaster, Holz, Blech, Eisen, EPDM-Abdichtungen und andere.<\/p><h3 class=\"header_color\">Ma\u00dftoleranz der Terrasse<\/h3><p>Die tats\u00e4chliche Gr\u00f6\u00dfe der Terrasse des GUMI-Komplexes kann geringf\u00fcgig von der im Kalkulator vorgeschlagenen Gr\u00f6\u00dfe der Terrasse abweichen. Die zul\u00e4ssige Abweichung betr\u00e4gt +\/- 1 cm f\u00fcr jede Dimension des Projekts.<\/p><h3 class=\"header_color\">Gro\u00dfe Terrassen<\/h3><p>Die Terrassen werden in gro\u00dfe und normale Terrassen unterteilt. Es wird davon ausgegangen, dass es sich bei einer gro\u00dfen, breiten Terrasse um eine Fl\u00e4che handelt, bei der die \u00fcber die Platten gemessene Breite mehr als 2,5 m betr\u00e4gt (die entlang der Platten gemessene L\u00e4nge der Terrasse ist nicht relevant - sie kann beliebig lang sein). Der Rechner auf der Website pr\u00fcft automatisch jede konfigurierte Terrasse und zeigt das Ergebnis der Berechnung an. Dar\u00fcber hinaus wird in einer vom Rechner erstellten PDF-Datei angegeben, ob die Terrasse gro\u00df ist. Bei gro\u00dfen Terrassen und Terrassen mit Stufen m\u00fcssen Sie sich vor dem Kauf mit der Verkaufsabteilung des H\u00e4ndlers in Verbindung setzen, um die Anlage der Garantiekarte auszuf\u00fcllen.<\/p><h3 class=\"header_color\">Gro\u00dfe Terrassen - Dehnungsfugen<\/h3><p>Bei der Planung und anschlie\u00dfenden Verlegung von gro\u00dfen Terrassen d\u00fcrfen Sie nicht vergessen, die entsprechenden Dehnungsfugen an der Seite der Terrasse zu lassen; die Empfehlungen f\u00fcr die Gr\u00f6\u00dfe der Dehnungsfugen finden Sie in der Garantiekarte. Bei der Verwendung des Musters \"Ziegel\" und \"Reihen\" werden die Dehnungsfugen nur \"quer zur Breite der Terrasse\" verwendet, wobei die W\u00e4nde (Gel\u00e4nders\u00e4ulen, ...) parallel zur Verlegerichtung der Platten verlaufen. Sie m\u00fcssen mindestens 1,5% der Terrassenbreite an dieser Stelle betragen. Dehnungsfugen sind auf der \"Terrassenl\u00e4nge\" nicht erforderlich. Bei Verwendung des \"quadratischen\" Musters sollten Dehnungsfugen auf jeder Seite der Terrasse belassen werden und mindestens 1,5% der Terrassengr\u00f6\u00dfe an dieser Stelle betragen.<\/p><\/div><\/section>\t\t\t\t\t\t\t\t<\/div>\n\t\t\t\t\t<\/div>\n\t\t\t\t<\/div>\n\t\t\t\t<\/div>","protected":false},"excerpt":{"rendered":"<p>V\u0161eobecn\u00e9 inform\u00e1cie Dreven\u00e1 terasa GUMI Wood decking je pripraven\u00e1 na jednoduch\u00fa, r\u00fdchlu a bezprobl\u00e9mov\u00fa in\u0161tal\u00e1ciu bez pou\u017eitia \u0161peci\u00e1lnych doplnkov\u00fdch n\u00e1strojov. Dreven\u00e9 dosky GUMIdeck s\u00fa tie\u017e zn\u00e1me aj pod pojmom \u201eDreven\u00e9 dla\u017edice\u201cs\u00fa vyroben\u00e9 z trvanliv\u00e9ho pr\u00edrodn\u00e9ho dreva termo jase\u0148. Terasov\u00e9 dosky s\u00fa strojovo naolejovan\u00e9 s pou\u017eit\u00edm vybran\u00fdch \u0161peci\u00e1lnych olejov, s pr\u00eddavkom UV filtrov a farebn\u00fdch pigmentov, [&hellip;]<\/p>\n","protected":false},"author":1,"featured_media":0,"parent":0,"menu_order":0,"comment_status":"closed","ping_status":"closed","template":"","meta":{"footnotes":""},"class_list":["post-4050","page","type-page","status-publish","hentry"],"_links":{"self":[{"href":"https:\/\/www.gumideck.sk\/de\/wp-json\/wp\/v2\/pages\/4050","targetHints":{"allow":["GET"]}}],"collection":[{"href":"https:\/\/www.gumideck.sk\/de\/wp-json\/wp\/v2\/pages"}],"about":[{"href":"https:\/\/www.gumideck.sk\/de\/wp-json\/wp\/v2\/types\/page"}],"author":[{"embeddable":true,"href":"https:\/\/www.gumideck.sk\/de\/wp-json\/wp\/v2\/users\/1"}],"replies":[{"embeddable":true,"href":"https:\/\/www.gumideck.sk\/de\/wp-json\/wp\/v2\/comments?post=4050"}],"version-history":[{"count":5,"href":"https:\/\/www.gumideck.sk\/de\/wp-json\/wp\/v2\/pages\/4050\/revisions"}],"predecessor-version":[{"id":4055,"href":"https:\/\/www.gumideck.sk\/de\/wp-json\/wp\/v2\/pages\/4050\/revisions\/4055"}],"wp:attachment":[{"href":"https:\/\/www.gumideck.sk\/de\/wp-json\/wp\/v2\/media?parent=4050"}],"curies":[{"name":"wp","href":"https:\/\/api.w.org\/{rel}","templated":true}]}}