{"id":1320,"date":"2025-01-12T18:24:21","date_gmt":"2025-01-12T17:24:21","guid":{"rendered":"https:\/\/www.gumideck.sk\/?page_id=1320"},"modified":"2026-04-16T16:56:00","modified_gmt":"2026-04-16T14:56:00","slug":"kontakt","status":"publish","type":"page","link":"https:\/\/www.gumideck.sk\/en\/kontakt\/","title":{"rendered":"Contact. On this contact page you will find our warehouse address, email and phone number for your enquiries. Contact us"},"content":{"rendered":"\t\t<div data-elementor-type=\"wp-page\" data-elementor-id=\"1320\" class=\"elementor elementor-1320\" data-elementor-post-type=\"page\">\n\t\t\t\t<div class=\"elementor-element elementor-element-1ee918df e-flex e-con-boxed e-con e-parent\" data-id=\"1ee918df\" data-element_type=\"container\" data-e-type=\"container\" data-settings=\"{&quot;background_background&quot;:&quot;classic&quot;}\">\n\t\t\t\t\t<div class=\"e-con-inner\">\n\t\t<div class=\"elementor-element elementor-element-6b6c700d e-con-full e-flex e-con e-child\" data-id=\"6b6c700d\" data-element_type=\"container\" data-e-type=\"container\">\n\t\t\t\t<div class=\"elementor-element elementor-element-216b80d3 elementor-icon-list--layout-traditional elementor-list-item-link-full_width elementor-widget elementor-widget-icon-list\" data-id=\"216b80d3\" data-element_type=\"widget\" data-e-type=\"widget\" data-widget_type=\"icon-list.default\">\n\t\t\t\t\t\t\t<ul class=\"elementor-icon-list-items\">\n\t\t\t\t\t\t\t<li class=\"elementor-icon-list-item\">\n\t\t\t\t\t\t\t\t\t\t\t<span class=\"elementor-icon-list-icon\">\n\t\t\t\t\t\t\t<svg aria-hidden=\"true\" class=\"e-font-icon-svg e-fas-check\" viewBox=\"0 0 512 512\" xmlns=\"http:\/\/www.w3.org\/2000\/svg\"><path d=\"M173.898 439.404l-166.4-166.4c-9.997-9.997-9.997-26.206 0-36.204l36.203-36.204c9.997-9.998 26.207-9.998 36.204 0L192 312.69 432.095 72.596c9.997-9.997 26.207-9.997 36.204 0l36.203 36.204c9.997 9.997 9.997 26.206 0 36.204l-294.4 294.401c-9.998 9.997-26.207 9.997-36.204-.001z\"><\/path><\/svg>\t\t\t\t\t\t<\/span>\n\t\t\t\t\t\t\t\t\t\t<span class=\"elementor-icon-list-text\">Kontaktn\u00e9 \u00fadaje<\/span>\n\t\t\t\t\t\t\t\t\t<\/li>\n\t\t\t\t\t\t\t\t<li class=\"elementor-icon-list-item\">\n\t\t\t\t\t\t\t\t\t\t\t<a href=\"tel:0903163163\">\n\n\t\t\t\t\t\t\t\t\t\t\t\t<span class=\"elementor-icon-list-icon\">\n\t\t\t\t\t\t\t<svg xmlns=\"http:\/\/www.w3.org\/2000\/svg\" width=\"58\" height=\"58\" viewBox=\"0 0 58 58\" fill=\"none\"><path d=\"M56.4999 42.53V50.78C56.503 51.5459 56.3462 52.304 56.0393 53.0057C55.7325 53.7075 55.2825 54.3374 54.7182 54.8552C54.1538 55.3729 53.4875 55.7671 52.762 56.0125C52.0365 56.2578 51.2677 56.349 50.5049 56.28C42.0427 55.3605 33.9142 52.4689 26.7724 47.8375C20.128 43.6154 14.4946 37.982 10.2724 31.3375C5.62488 24.1633 2.73261 15.9953 1.82994 7.49502C1.76122 6.73456 1.85159 5.96811 2.09531 5.24449C2.33903 4.52087 2.73076 3.85592 3.24554 3.29198C3.76033 2.72804 4.3869 2.27747 5.08536 1.96896C5.78382 1.66044 6.53887 1.50074 7.30244 1.50002H15.5524C16.887 1.48689 18.1809 1.95949 19.1928 2.82974C20.2047 3.69999 20.8657 4.9085 21.0524 6.23002C21.4007 8.87021 22.0464 11.4625 22.9774 13.9575C23.3474 14.9418 23.4275 16.0115 23.2082 17.0399C22.9889 18.0683 22.4793 19.0123 21.7399 19.76L18.2474 23.2525C22.1622 30.1373 27.8627 35.8377 34.7474 39.7525L38.2399 36.26C38.9876 35.5206 39.9316 35.0111 40.96 34.7918C41.9884 34.5725 43.0581 34.6525 44.0424 35.0225C46.5374 35.9535 49.1298 36.5993 51.7699 36.9475C53.1058 37.136 54.3258 37.8088 55.1979 38.8381C56.07 39.8674 56.5334 41.1814 56.4999 42.53Z\" stroke=\"black\" stroke-width=\"3\" stroke-linecap=\"round\" stroke-linejoin=\"round\"><\/path><\/svg>\t\t\t\t\t\t<\/span>\n\t\t\t\t\t\t\t\t\t\t<span class=\"elementor-icon-list-text\">0903 163 163<\/span>\n\t\t\t\t\t\t\t\t\t\t\t<\/a>\n\t\t\t\t\t\t\t\t\t<\/li>\n\t\t\t\t\t\t\t\t<li class=\"elementor-icon-list-item\">\n\t\t\t\t\t\t\t\t\t\t\t<a href=\"mailto:info@gumideck.sk\">\n\n\t\t\t\t\t\t\t\t\t\t\t\t<span class=\"elementor-icon-list-icon\">\n\t\t\t\t\t\t\t<svg xmlns=\"http:\/\/www.w3.org\/2000\/svg\" width=\"66\" height=\"66\" viewBox=\"0 0 66 66\" fill=\"none\"><path d=\"M11 11H55C58.025 11 60.5 13.475 60.5 16.5V49.5C60.5 52.525 58.025 55 55 55H11C7.975 55 5.5 52.525 5.5 49.5V16.5C5.5 13.475 7.975 11 11 11Z\" stroke=\"black\" stroke-width=\"3\" stroke-linecap=\"round\" stroke-linejoin=\"round\"><\/path><path d=\"M60.5 16.5L33 35.75L5.5 16.5\" stroke=\"black\" stroke-width=\"3\" stroke-linecap=\"round\" stroke-linejoin=\"round\"><\/path><\/svg>\t\t\t\t\t\t<\/span>\n\t\t\t\t\t\t\t\t\t\t<span class=\"elementor-icon-list-text\">info@gumideck.sk<\/span>\n\t\t\t\t\t\t\t\t\t\t\t<\/a>\n\t\t\t\t\t\t\t\t\t<\/li>\n\t\t\t\t\t\t\t\t<li class=\"elementor-icon-list-item\">\n\t\t\t\t\t\t\t\t\t\t\t<span class=\"elementor-icon-list-icon\">\n\t\t\t\t\t\t\t<svg xmlns=\"http:\/\/www.w3.org\/2000\/svg\" width=\"66\" height=\"66\" viewBox=\"0 0 66 66\" fill=\"none\"><path d=\"M33 60.5C48.1878 60.5 60.5 48.1878 60.5 33C60.5 17.8122 48.1878 5.5 33 5.5C17.8122 5.5 5.5 17.8122 5.5 33C5.5 48.1878 17.8122 60.5 33 60.5Z\" stroke=\"black\" stroke-width=\"3\" stroke-linecap=\"round\" stroke-linejoin=\"round\"><\/path><path d=\"M33 16.5V33L44 38.5\" stroke=\"black\" stroke-width=\"3\" stroke-linecap=\"round\" stroke-linejoin=\"round\"><\/path><\/svg>\t\t\t\t\t\t<\/span>\n\t\t\t\t\t\t\t\t\t\t<span class=\"elementor-icon-list-text\">Po - Pi   8.00 - 18.00 <br>So - Ne Zatvoren\u00e9\u2028<br> <br>Sklad \/ doprava:  Po - Pi 8.00 - 15.00<br>Star\u00e1 Vajnorsk\u00e1 11, 831 04 Bratislava<\/span>\n\t\t\t\t\t\t\t\t\t<\/li>\n\t\t\t\t\t\t<\/ul>\n\t\t\t\t\t\t<\/div>\n\t\t\t\t<div class=\"elementor-element elementor-element-0533974 elementor-shape-rounded elementor-grid-0 e-grid-align-center elementor-widget elementor-widget-social-icons\" data-id=\"0533974\" data-element_type=\"widget\" data-e-type=\"widget\" data-widget_type=\"social-icons.default\">\n\t\t\t\t\t\t\t<div class=\"elementor-social-icons-wrapper elementor-grid\" role=\"list\">\n\t\t\t\t\t\t\t<span class=\"elementor-grid-item\" role=\"listitem\">\n\t\t\t\t\t<a class=\"elementor-icon elementor-social-icon elementor-social-icon-facebook elementor-repeater-item-3261d67\" href=\"https:\/\/www.facebook.com\/gumideck.sk\" target=\"_blank\" rel=\"noopener\">\n\t\t\t\t\t\t<span class=\"elementor-screen-only\">Facebook<\/span>\n\t\t\t\t\t\t<svg aria-hidden=\"true\" class=\"e-font-icon-svg e-fab-facebook\" viewBox=\"0 0 512 512\" xmlns=\"http:\/\/www.w3.org\/2000\/svg\"><path d=\"M504 256C504 119 393 8 256 8S8 119 8 256c0 123.78 90.69 226.38 209.25 245V327.69h-63V256h63v-54.64c0-62.15 37-96.48 93.67-96.48 27.14 0 55.52 4.84 55.52 4.84v61h-31.28c-30.8 0-40.41 19.12-40.41 38.73V256h68.78l-11 71.69h-57.78V501C413.31 482.38 504 379.78 504 256z\"><\/path><\/svg>\t\t\t\t\t<\/a>\n\t\t\t\t<\/span>\n\t\t\t\t\t\t\t<span class=\"elementor-grid-item\" role=\"listitem\">\n\t\t\t\t\t<a class=\"elementor-icon elementor-social-icon elementor-social-icon-instagram elementor-repeater-item-0e43c21\" href=\"https:\/\/www.instagram.com\/gumideck.sk\/\" target=\"_blank\" rel=\"noopener\">\n\t\t\t\t\t\t<span class=\"elementor-screen-only\">Instagram<\/span>\n\t\t\t\t\t\t<svg aria-hidden=\"true\" class=\"e-font-icon-svg e-fab-instagram\" viewBox=\"0 0 448 512\" xmlns=\"http:\/\/www.w3.org\/2000\/svg\"><path d=\"M224.1 141c-63.6 0-114.9 51.3-114.9 114.9s51.3 114.9 114.9 114.9S339 319.5 339 255.9 287.7 141 224.1 141zm0 189.6c-41.1 0-74.7-33.5-74.7-74.7s33.5-74.7 74.7-74.7 74.7 33.5 74.7 74.7-33.6 74.7-74.7 74.7zm146.4-194.3c0 14.9-12 26.8-26.8 26.8-14.9 0-26.8-12-26.8-26.8s12-26.8 26.8-26.8 26.8 12 26.8 26.8zm76.1 27.2c-1.7-35.9-9.9-67.7-36.2-93.9-26.2-26.2-58-34.4-93.9-36.2-37-2.1-147.9-2.1-184.9 0-35.8 1.7-67.6 9.9-93.9 36.1s-34.4 58-36.2 93.9c-2.1 37-2.1 147.9 0 184.9 1.7 35.9 9.9 67.7 36.2 93.9s58 34.4 93.9 36.2c37 2.1 147.9 2.1 184.9 0 35.9-1.7 67.7-9.9 93.9-36.2 26.2-26.2 34.4-58 36.2-93.9 2.1-37 2.1-147.8 0-184.8zM398.8 388c-7.8 19.6-22.9 34.7-42.6 42.6-29.5 11.7-99.5 9-132.1 9s-102.7 2.6-132.1-9c-19.6-7.8-34.7-22.9-42.6-42.6-11.7-29.5-9-99.5-9-132.1s-2.6-102.7 9-132.1c7.8-19.6 22.9-34.7 42.6-42.6 29.5-11.7 99.5-9 132.1-9s102.7-2.6 132.1 9c19.6 7.8 34.7 22.9 42.6 42.6 11.7 29.5 9 99.5 9 132.1s2.7 102.7-9 132.1z\"><\/path><\/svg>\t\t\t\t\t<\/a>\n\t\t\t\t<\/span>\n\t\t\t\t\t<\/div>\n\t\t\t\t\t\t<\/div>\n\t\t\t\t<\/div>\n\t\t<div class=\"elementor-element elementor-element-22e30eab e-con-full e-flex e-con e-child\" data-id=\"22e30eab\" data-element_type=\"container\" data-e-type=\"container\">\n\t\t<div class=\"elementor-element elementor-element-5977f99c e-con-full e-flex e-con e-child\" data-id=\"5977f99c\" data-element_type=\"container\" data-e-type=\"container\" data-settings=\"{&quot;background_background&quot;:&quot;classic&quot;}\">\n\t\t\t\t<div class=\"elementor-element elementor-element-719b05cb elementor-widget elementor-widget-heading\" data-id=\"719b05cb\" data-element_type=\"widget\" data-e-type=\"widget\" data-widget_type=\"heading.default\">\n\t\t\t\t\t<h2 class=\"elementor-heading-title elementor-size-default\">Nap\u00ed\u0161te n\u00e1m<\/h2>\t\t\t\t<\/div>\n\t\t\t\t<div class=\"elementor-element elementor-element-42a3f33e elementor-button-align-stretch elementor-widget elementor-widget-form\" data-id=\"42a3f33e\" data-element_type=\"widget\" data-e-type=\"widget\" data-settings=\"{&quot;step_next_label&quot;:&quot;Next&quot;,&quot;step_previous_label&quot;:&quot;Previous&quot;,&quot;button_width&quot;:&quot;100&quot;,&quot;step_type&quot;:&quot;number_text&quot;,&quot;step_icon_shape&quot;:&quot;circle&quot;}\" data-widget_type=\"form.default\">\n\t\t\t\t\t\t\t<form class=\"elementor-form\" method=\"post\" name=\"Contact\" aria-label=\"Contact\">\n\t\t\t<input type=\"hidden\" name=\"post_id\" value=\"1320\"\/>\n\t\t\t<input type=\"hidden\" name=\"form_id\" value=\"42a3f33e\"\/>\n\t\t\t<input type=\"hidden\" name=\"referer_title\" value=\"Kontakt GUMIdeck - dreven\u00e9 a WPC dosky na terasu a balk\u00f3n\" \/>\n\n\t\t\t\t\t\t\t<input type=\"hidden\" name=\"queried_id\" value=\"1320\"\/>\n\t\t\t\n\t\t\t<div class=\"elementor-form-fields-wrapper elementor-labels-\">\n\t\t\t\t\t\t\t\t<div class=\"elementor-field-type-text elementor-field-group elementor-column elementor-field-group-name elementor-col-50 elementor-field-required\">\n\t\t\t\t\t\t\t\t\t\t\t\t<label for=\"form-field-name\" class=\"elementor-field-label elementor-screen-only\">\n\t\t\t\t\t\t\t\tMeno a priezvisko\t\t\t\t\t\t\t<\/label>\n\t\t\t\t\t\t\t\t\t\t\t\t\t\t<input size=\"1\" type=\"text\" name=\"form_fields[name]\" id=\"form-field-name\" class=\"elementor-field elementor-size-sm  elementor-field-textual\" placeholder=\"Meno a priezvisko\" required=\"required\">\n\t\t\t\t\t\t\t\t\t\t\t<\/div>\n\t\t\t\t\t\t\t\t<div class=\"elementor-field-type-email elementor-field-group elementor-column elementor-field-group-email elementor-col-50 elementor-field-required\">\n\t\t\t\t\t\t\t\t\t\t\t\t<label for=\"form-field-email\" class=\"elementor-field-label elementor-screen-only\">\n\t\t\t\t\t\t\t\tE-mailov\u00e1 adresa\t\t\t\t\t\t\t<\/label>\n\t\t\t\t\t\t\t\t\t\t\t\t\t\t<input size=\"1\" type=\"email\" name=\"form_fields[email]\" id=\"form-field-email\" class=\"elementor-field elementor-size-sm  elementor-field-textual\" placeholder=\"E-mailov\u00e1 adresa\" required=\"required\">\n\t\t\t\t\t\t\t\t\t\t\t<\/div>\n\t\t\t\t\t\t\t\t<div class=\"elementor-field-type-tel elementor-field-group elementor-column elementor-field-group-field_e03e1bd elementor-col-50 elementor-field-required\">\n\t\t\t\t\t\t\t\t\t\t\t\t<label for=\"form-field-field_e03e1bd\" class=\"elementor-field-label elementor-screen-only\">\n\t\t\t\t\t\t\t\tTelef\u00f3nne \u010d\u00edslo\t\t\t\t\t\t\t<\/label>\n\t\t\t\t\t\t\t\t<input size=\"1\" type=\"tel\" name=\"form_fields[field_e03e1bd]\" id=\"form-field-field_e03e1bd\" class=\"elementor-field elementor-size-sm  elementor-field-textual\" placeholder=\"Telef\u00f3nne \u010d\u00edslo\" required=\"required\" pattern=\"[0-9()#&amp;+*-=.]+\" title=\"Akceptovan\u00e9 s\u00fa len \u010d\u00edsla a telef\u00f3nne znaky (#, -, * at\u010f.).\">\n\n\t\t\t\t\t\t<\/div>\n\t\t\t\t\t\t\t\t<div class=\"elementor-field-type-text elementor-field-group elementor-column elementor-field-group-field_5e421be elementor-col-50 elementor-field-required\">\n\t\t\t\t\t\t\t\t\t\t\t\t<label for=\"form-field-field_5e421be\" class=\"elementor-field-label elementor-screen-only\">\n\t\t\t\t\t\t\t\tPredmet\t\t\t\t\t\t\t<\/label>\n\t\t\t\t\t\t\t\t\t\t\t\t\t\t<input size=\"1\" type=\"text\" name=\"form_fields[field_5e421be]\" id=\"form-field-field_5e421be\" class=\"elementor-field elementor-size-sm  elementor-field-textual\" placeholder=\"Predmet\" required=\"required\">\n\t\t\t\t\t\t\t\t\t\t\t<\/div>\n\t\t\t\t\t\t\t\t<div class=\"elementor-field-type-textarea elementor-field-group elementor-column elementor-field-group-message elementor-col-100\">\n\t\t\t\t\t\t\t\t\t\t\t\t<label for=\"form-field-message\" class=\"elementor-field-label elementor-screen-only\">\n\t\t\t\t\t\t\t\tSpr\u00e1va\t\t\t\t\t\t\t<\/label>\n\t\t\t\t\t\t<textarea class=\"elementor-field-textual elementor-field  elementor-size-sm\" name=\"form_fields[message]\" id=\"form-field-message\" rows=\"4\" placeholder=\"Spr\u00e1va\"><\/textarea>\t\t\t\t<\/div>\n\t\t\t\t\t\t\t\t<div class=\"elementor-field-type-recaptcha_v3 elementor-field-group elementor-column elementor-field-group-field_24fc392 elementor-col-100 recaptcha_v3-bottomright\">\n\t\t\t\t\t<div class=\"elementor-field\" id=\"form-field-field_24fc392\"><div class=\"elementor-g-recaptcha\" data-sitekey=\"6LcB9AorAAAAAOobgHkPtA6ZFSic3lr2tEMxieXH\" data-type=\"v3\" data-action=\"Form\" data-badge=\"bottomright\" data-size=\"invisible\"><\/div><\/div>\t\t\t\t<\/div>\n\t\t\t\t\t\t\t\t<div class=\"elementor-field-group elementor-column elementor-field-type-submit elementor-col-100 e-form__buttons\">\n\t\t\t\t\t<button class=\"elementor-button elementor-size-sm\" type=\"submit\">\n\t\t\t\t\t\t<span class=\"elementor-button-content-wrapper\">\n\t\t\t\t\t\t\t\t\t\t\t\t\t\t\t<span class=\"elementor-button-icon\">\n\t\t\t\t\t\t\t\t\t<svg aria-hidden=\"true\" class=\"e-font-icon-svg e-far-paper-plane\" viewBox=\"0 0 512 512\" xmlns=\"http:\/\/www.w3.org\/2000\/svg\"><path d=\"M440 6.5L24 246.4c-34.4 19.9-31.1 70.8 5.7 85.9L144 379.6V464c0 46.4 59.2 65.5 86.6 28.6l43.8-59.1 111.9 46.2c5.9 2.4 12.1 3.6 18.3 3.6 8.2 0 16.3-2.1 23.6-6.2 12.8-7.2 21.6-20 23.9-34.5l59.4-387.2c6.1-40.1-36.9-68.8-71.5-48.9zM192 464v-64.6l36.6 15.1L192 464zm212.6-28.7l-153.8-63.5L391 169.5c10.7-15.5-9.5-33.5-23.7-21.2L155.8 332.6 48 288 464 48l-59.4 387.3z\"><\/path><\/svg>\t\t\t\t\t\t\t\t\t\t\t\t\t\t\t\t\t<\/span>\n\t\t\t\t\t\t\t\t\t\t\t\t\t\t\t\t\t\t\t\t\t\t<span class=\"elementor-button-text\">Odosla\u0165 spr\u00e1vu<\/span>\n\t\t\t\t\t\t\t\t\t\t\t\t\t<\/span>\n\t\t\t\t\t<\/button>\n\t\t\t\t<\/div>\n\t\t\t<\/div>\n\t\t<\/form>\n\t\t\t\t\t\t<\/div>\n\t\t\t\t<\/div>\n\t\t\t\t<\/div>\n\t\t\t\t\t<\/div>\n\t\t\t\t<\/div>\n\t\t<div class=\"elementor-element elementor-element-4add9c76 e-flex e-con-boxed e-con e-parent\" data-id=\"4add9c76\" data-element_type=\"container\" data-e-type=\"container\">\n\t\t\t\t\t<div class=\"e-con-inner\">\n\t\t<div class=\"elementor-element elementor-element-6ac370d6 e-con-full e-flex e-con e-child\" data-id=\"6ac370d6\" data-element_type=\"container\" data-e-type=\"container\">\n\t\t\t\t<div class=\"elementor-element elementor-element-6d667ad5 elementor-widget elementor-widget-heading\" data-id=\"6d667ad5\" data-element_type=\"widget\" data-e-type=\"widget\" data-widget_type=\"heading.default\">\n\t\t\t\t\t<h2 class=\"elementor-heading-title elementor-size-default\">Inov\u00e1cia v dreven\u00fdch podlah\u00e1ch pre v\u00e1\u0161 exteri\u00e9r<\/h2>\t\t\t\t<\/div>\n\t\t\t\t<div class=\"elementor-element elementor-element-1d699dc elementor-widget elementor-widget-text-editor\" data-id=\"1d699dc\" data-element_type=\"widget\" data-e-type=\"widget\" data-widget_type=\"text-editor.default\">\n\t\t\t\t\t\t\t\t\t<p class=\"task-content\"><span style=\"color: #000000\">Vyroben\u00e9 v E\u00da | Pr\u00edrodn\u00e9 drevo | Jednoduch\u00e1 mont\u00e1\u017e<\/span><\/p><p class=\"task-content\">Terasa\u00a0GUMI\u00a0je v\u00fdsledkom\u00a0v\u00edzie o \u013eahko zostavite\u013enej drevenej podlahe, ktor\u00e1 je\u00a0ide\u00e1lna pre balk\u00f3ny, z\u00e1hradn\u00e9 terasy a plochy s hydroizol\u00e1ciou. Spojen\u00edm\u00a0tradi\u010dn\u00e9ho remesla, modern\u00fdch technol\u00f3gi\u00ed a ekologick\u00fdch materi\u00e1lov\u00a0vznikol produkt, ktor\u00fd prin\u00e1\u0161a\u00a0komfort, trv\u00e1cnos\u0165 a nad\u010dasov\u00fd dizajn.<\/p><ul><li class=\"task-content\"><span style=\"color: #000000\">V\u00fdroba v krajin\u00e1ch Eur\u00f3pskej \u00fanie<\/span>\u00a0\u2013 z\u00e1ruka kvality a udr\u017eate\u013enosti<\/li><li class=\"task-content\"><span style=\"color: #000000\">Dod\u00e1vky po celej Eur\u00f3pe<\/span>\u00a0\u2013 pre individu\u00e1lnych aj ve\u013ekoobchodn\u00fdch z\u00e1kazn\u00edkov<\/li><li class=\"task-content\"><span style=\"color: #000000\">Neust\u00e1ly v\u00fdvoj a moderniz\u00e1cia v\u00fdrobn\u00fdch procesov<\/span><\/li><li class=\"task-content\"><span style=\"color: #000000\">Tepelne upraven\u00e9 drevo testovan\u00e9 v n\u00e1ro\u010dn\u00fdch podmienkach<\/span><\/li><\/ul>\t\t\t\t\t\t\t\t<\/div>\n\t\t\t\t<\/div>\n\t\t<div class=\"elementor-element elementor-element-25afa30f e-con-full e-flex e-con e-child\" data-id=\"25afa30f\" data-element_type=\"container\" data-e-type=\"container\">\n\t\t\t\t<div class=\"elementor-element elementor-element-645477cd elementor-widget elementor-widget-google_maps\" data-id=\"645477cd\" data-element_type=\"widget\" data-e-type=\"widget\" data-widget_type=\"google_maps.default\">\n\t\t\t\t\t\t\t<div class=\"elementor-custom-embed\">\n\t\t\t<iframe loading=\"lazy\"\n\t\t\t\t\tsrc=\"https:\/\/maps.google.com\/maps?q=Star%C3%A1%20Vajnorsk%C3%A1%2011%2C%20831%2004%20Bratislava&#038;t=m&#038;z=15&#038;output=embed&#038;iwloc=near\"\n\t\t\t\t\ttitle=\"Star\u00e1 Vajnorsk\u00e1 11, 831 04 Bratislava\"\n\t\t\t\t\taria-label=\"Star\u00e1 Vajnorsk\u00e1 11, 831 04 Bratislava\"\n\t\t\t><\/iframe>\n\t\t<\/div>\n\t\t\t\t\t\t<\/div>\n\t\t\t\t<\/div>\n\t\t\t\t\t<\/div>\n\t\t\t\t<\/div>\n\t\t<div class=\"elementor-element elementor-element-f386179 e-flex e-con-boxed e-con e-parent\" data-id=\"f386179\" data-element_type=\"container\" data-e-type=\"container\">\n\t\t\t\t\t<div class=\"e-con-inner\">\n\t\t<div class=\"elementor-element elementor-element-4c6834e e-con-full e-flex e-con e-child\" data-id=\"4c6834e\" data-element_type=\"container\" data-e-type=\"container\">\n\t\t\t\t<div class=\"elementor-element elementor-element-bc7eaac elementor-widget elementor-widget-image\" data-id=\"bc7eaac\" data-element_type=\"widget\" data-e-type=\"widget\" data-widget_type=\"image.default\">\n\t\t\t\t\t\t\t\t\t\t\t\t\t\t\t<img fetchpriority=\"high\" decoding=\"async\" width=\"1920\" height=\"2560\" src=\"https:\/\/www.gumideck.sk\/wp-content\/uploads\/2025\/03\/WhatsApp-Image-2025-03-11-at-17.14.15-scaled.jpeg\" class=\"attachment-full size-full wp-image-3956\" alt=\"\" srcset=\"https:\/\/www.gumideck.sk\/wp-content\/uploads\/2025\/03\/WhatsApp-Image-2025-03-11-at-17.14.15-scaled.jpeg 1920w, https:\/\/www.gumideck.sk\/wp-content\/uploads\/2025\/03\/WhatsApp-Image-2025-03-11-at-17.14.15-225x300.jpeg 225w, https:\/\/www.gumideck.sk\/wp-content\/uploads\/2025\/03\/WhatsApp-Image-2025-03-11-at-17.14.15-600x800.jpeg 600w, https:\/\/www.gumideck.sk\/wp-content\/uploads\/2025\/03\/WhatsApp-Image-2025-03-11-at-17.14.15-768x1024.jpeg 768w, https:\/\/www.gumideck.sk\/wp-content\/uploads\/2025\/03\/WhatsApp-Image-2025-03-11-at-17.14.15-1152x1536.jpeg 1152w, https:\/\/www.gumideck.sk\/wp-content\/uploads\/2025\/03\/WhatsApp-Image-2025-03-11-at-17.14.15-1536x2048.jpeg 1536w, https:\/\/www.gumideck.sk\/wp-content\/uploads\/2025\/03\/WhatsApp-Image-2025-03-11-at-17.14.15-700x933.jpeg 700w\" sizes=\"(max-width: 1920px) 100vw, 1920px\" title=\"\">\t\t\t\t\t\t\t\t\t\t\t\t\t\t\t<\/div>\n\t\t\t\t<\/div>\n\t\t<div class=\"elementor-element elementor-element-cedea2e e-con-full e-flex e-con e-child\" data-id=\"cedea2e\" data-element_type=\"container\" data-e-type=\"container\">\n\t\t\t\t<div class=\"elementor-element elementor-element-bdfe6e8 elementor-widget__width-initial elementor-widget elementor-widget-heading\" data-id=\"bdfe6e8\" data-element_type=\"widget\" data-e-type=\"widget\" data-widget_type=\"heading.default\">\n\t\t\t\t\t<h2 class=\"elementor-heading-title elementor-size-default\">Najnov\u0161ia gener\u00e1cia ter\u00e1s<\/h2>\t\t\t\t<\/div>\n\t\t\t\t<div class=\"elementor-element elementor-element-8697d01 elementor-widget elementor-widget-text-editor\" data-id=\"8697d01\" data-element_type=\"widget\" data-e-type=\"widget\" data-widget_type=\"text-editor.default\">\n\t\t\t\t\t\t\t\t\t<p class=\"task-content\">Najnov\u0161\u00ed produkt\u00a0<span style=\"color: #000000\">Terasa GUMI<\/span>\u00a0je v\u00fdsledkom\u00a0<span style=\"color: #000000\">mnohoro\u010dn\u00fdch sk\u00fasenost\u00ed<\/span>\u00a0s v\u00fdrobou\u00a0<span style=\"color: #000000\">tepelne upraven\u00e9ho dreva\u00a0a\u00a0v\u00fdskumu jeho odolnosti v extr\u00e9mnych podmienkach.<\/span> Sme presved\u010den\u00ed, \u017ee\u00a0<span style=\"color: #000000\">prec\u00edzne spracovanie a univerz\u00e1lnos\u0165 syst\u00e9mu GUMI<\/span>\u00a0v\u00e1m prinesie maxim\u00e1lnu spokojnos\u0165 a dlhodob\u00fd komfort.<\/p><p class=\"task-content\"><span style=\"color: #000000\">Patentovan\u00e1 technol\u00f3gia<\/span>\u00a0\u2013 V\u0161etky autorsk\u00e9 a patentov\u00e9 pr\u00e1va syst\u00e9mu GUMI s\u00fa vlastn\u00edctvom na\u0161ej spolo\u010dnosti.<\/p>\t\t\t\t\t\t\t\t<\/div>\n\t\t\t\t<\/div>\n\t\t\t\t\t<\/div>\n\t\t\t\t<\/div>\n\t\t\t\t<\/div>\n\t\t","protected":false},"excerpt":{"rendered":"<p>Kontaktn\u00e9 \u00fadaje 0903 163 163 info@gumideck.sk Po &#8211; Pi 8.00 &#8211; 18.00 So &#8211; Ne Zatvoren\u00e9\u2028 Sklad \/ doprava: Po &#8211; Pi 8.00 &#8211; 15.00Star\u00e1 Vajnorsk\u00e1 11, 831 04 Bratislava Facebook Instagram Nap\u00ed\u0161te n\u00e1m Inov\u00e1cia v dreven\u00fdch podlah\u00e1ch pre v\u00e1\u0161 exteri\u00e9r Vyroben\u00e9 v E\u00da | Pr\u00edrodn\u00e9 drevo | Jednoduch\u00e1 mont\u00e1\u017e Terasa\u00a0GUMI\u00a0je v\u00fdsledkom\u00a0v\u00edzie o \u013eahko zostavite\u013enej [&hellip;]<\/p>\n","protected":false},"author":1,"featured_media":0,"parent":0,"menu_order":0,"comment_status":"closed","ping_status":"closed","template":"","meta":{"footnotes":""},"class_list":["post-1320","page","type-page","status-publish","hentry"],"_links":{"self":[{"href":"https:\/\/www.gumideck.sk\/en\/wp-json\/wp\/v2\/pages\/1320","targetHints":{"allow":["GET"]}}],"collection":[{"href":"https:\/\/www.gumideck.sk\/en\/wp-json\/wp\/v2\/pages"}],"about":[{"href":"https:\/\/www.gumideck.sk\/en\/wp-json\/wp\/v2\/types\/page"}],"author":[{"embeddable":true,"href":"https:\/\/www.gumideck.sk\/en\/wp-json\/wp\/v2\/users\/1"}],"replies":[{"embeddable":true,"href":"https:\/\/www.gumideck.sk\/en\/wp-json\/wp\/v2\/comments?post=1320"}],"version-history":[{"count":152,"href":"https:\/\/www.gumideck.sk\/en\/wp-json\/wp\/v2\/pages\/1320\/revisions"}],"predecessor-version":[{"id":4689,"href":"https:\/\/www.gumideck.sk\/en\/wp-json\/wp\/v2\/pages\/1320\/revisions\/4689"}],"wp:attachment":[{"href":"https:\/\/www.gumideck.sk\/en\/wp-json\/wp\/v2\/media?parent=1320"}],"curies":[{"name":"wp","href":"https:\/\/api.w.org\/{rel}","templated":true}]}}