{"id":17,"date":"2023-06-09T12:23:16","date_gmt":"2023-06-09T12:23:16","guid":{"rendered":"https:\/\/dummy.xtemos.com\/woodmart2\/plants-elementor\/?page_id=17"},"modified":"2025-03-15T17:25:56","modified_gmt":"2025-03-15T16:25:56","slug":"o-nas","status":"publish","type":"page","link":"https:\/\/www.gumideck.sk\/eshop\/o-nas","title":{"rendered":"O n\u00e1s"},"content":{"rendered":"\t\t<div data-elementor-type=\"wp-page\" data-elementor-id=\"17\" class=\"elementor elementor-17\" data-elementor-post-type=\"page\">\n\t\t\t\t<div class=\"wd-negative-gap elementor-element elementor-element-8eb4b19 e-flex e-con-boxed e-con e-parent\" data-id=\"8eb4b19\" data-element_type=\"container\" data-e-type=\"container\">\n\t\t\t\t\t<div class=\"e-con-inner\">\n\t\t\t\t<div class=\"elementor-element elementor-element-9aca0de wd-width-100 elementor-widget elementor-widget-wd_title\" data-id=\"9aca0de\" data-element_type=\"widget\" data-e-type=\"widget\" data-widget_type=\"wd_title.default\">\n\t\t\t\t<div class=\"elementor-widget-container\">\n\t\t\t\t\t\t\t<div class=\"title-wrapper wd-set-mb reset-last-child wd-title-color-default wd-title-style-default wd-title-size-default text-left\">\n\n\t\t\t\n\t\t\t<div class=\"liner-continer\">\n\t\t\t\t<h4 class=\"woodmart-title-container title wd-fontsize-l\">Vitajte v GUMI Decku<\/h4> \n\t\t\t\t\t\t\t<\/div>\n\n\t\t\t\t\t<\/div>\n\t\t\t\t\t\t<\/div>\n\t\t\t\t<\/div>\n\t\t<div class=\"elementor-element elementor-element-3289edc e-con-full e-flex e-con e-child\" data-id=\"3289edc\" data-element_type=\"container\" data-e-type=\"container\">\n\t\t\t\t<div class=\"elementor-element elementor-element-9a48e7c elementor-widget__width-initial elementor-widget elementor-widget-wd_image_or_svg\" data-id=\"9a48e7c\" data-element_type=\"widget\" data-e-type=\"widget\" data-widget_type=\"wd_image_or_svg.default\">\n\t\t\t\t<div class=\"elementor-widget-container\">\n\t\t\t\t\t\n\t\t<div class=\"wd-image text-center\">\n\t\t\t\t\t\t\t\t<img decoding=\"async\" width=\"2752\" height=\"1248\" src=\"https:\/\/www.gumideck.sk\/eshop\/wp-content\/uploads\/sites\/2\/2025\/03\/about_hero.png\" class=\"attachment-full size-full\" alt=\"\" srcset=\"https:\/\/www.gumideck.sk\/eshop\/wp-content\/uploads\/sites\/2\/2025\/03\/about_hero.png 2752w, https:\/\/www.gumideck.sk\/eshop\/wp-content\/uploads\/sites\/2\/2025\/03\/about_hero-400x181.png 400w, https:\/\/www.gumideck.sk\/eshop\/wp-content\/uploads\/sites\/2\/2025\/03\/about_hero-1300x590.png 1300w, https:\/\/www.gumideck.sk\/eshop\/wp-content\/uploads\/sites\/2\/2025\/03\/about_hero-768x348.png 768w, https:\/\/www.gumideck.sk\/eshop\/wp-content\/uploads\/sites\/2\/2025\/03\/about_hero-1536x697.png 1536w, https:\/\/www.gumideck.sk\/eshop\/wp-content\/uploads\/sites\/2\/2025\/03\/about_hero-2048x929.png 2048w, https:\/\/www.gumideck.sk\/eshop\/wp-content\/uploads\/sites\/2\/2025\/03\/about_hero-430x195.png 430w, https:\/\/www.gumideck.sk\/eshop\/wp-content\/uploads\/sites\/2\/2025\/03\/about_hero-700x317.png 700w, https:\/\/www.gumideck.sk\/eshop\/wp-content\/uploads\/sites\/2\/2025\/03\/about_hero-190x86.png 190w\" sizes=\"(max-width: 2752px) 100vw, 2752px\" \/>\t\t\t\t\t<\/div>\n\n\t\t\t\t\t\t<\/div>\n\t\t\t\t<\/div>\n\t\t\t\t<\/div>\n\t\t\t\t\t<\/div>\n\t\t\t\t<\/div>\n\t\t<div class=\"wd-negative-gap elementor-element elementor-element-a3f4394 e-flex e-con-boxed e-con e-parent\" data-id=\"a3f4394\" data-element_type=\"container\" data-e-type=\"container\">\n\t\t\t\t\t<div class=\"e-con-inner\">\n\t\t<div class=\"elementor-element elementor-element-7144609 e-con-full e-flex e-con e-child\" data-id=\"7144609\" data-element_type=\"container\" data-e-type=\"container\">\n\t\t\t\t<div class=\"elementor-element elementor-element-0d47e9b wd-width-100 elementor-widget elementor-widget-wd_title\" data-id=\"0d47e9b\" data-element_type=\"widget\" data-e-type=\"widget\" data-widget_type=\"wd_title.default\">\n\t\t\t\t<div class=\"elementor-widget-container\">\n\t\t\t\t\t\t\t<div class=\"title-wrapper wd-set-mb reset-last-child wd-title-color-default wd-title-style-default wd-title-size-default text-left\">\n\n\t\t\t\n\t\t\t<div class=\"liner-continer\">\n\t\t\t\t<h4 class=\"woodmart-title-container title wd-fontsize-l\">Inov\u00e1cia v dreven\u00fdch teras\u00e1ch<br \/>\n<\/h4> \n\t\t\t\t\t\t\t<\/div>\n\n\t\t\t\t\t<\/div>\n\t\t\t\t\t\t<\/div>\n\t\t\t\t<\/div>\n\t\t\t\t<div class=\"elementor-element elementor-element-04f43af elementor-widget elementor-widget-wd_text_block\" data-id=\"04f43af\" data-element_type=\"widget\" data-e-type=\"widget\" data-widget_type=\"wd_text_block.default\">\n\t\t\t\t<div class=\"elementor-widget-container\">\n\t\t\t\t\t\t\t<div class=\"wd-text-block reset-last-child text-left\">\n\t\t\t\n\t\t\t<p>Terasa GUMI je v\u00fdsledkom v\u00edzie o \u013eahko zostavite\u013enej drevenej podlahe, ktor\u00e1 je ide\u00e1lna pre balk\u00f3ny, z\u00e1hradn\u00e9 terasy a plochy s hydroizol\u00e1ciou. Spojen\u00edm tradi\u010dn\u00e9ho remesla, modern\u00fdch technol\u00f3gi\u00ed a ekologick\u00fdch materi\u00e1lov vznikol produkt, ktor\u00fd prin\u00e1\u0161a komfort, trv\u00e1cnos\u0165 a nad\u010dasov\u00fd dizajn.<\/p><p class=\"task-content\">Najnov\u0161\u00ed produkt Terasa GUMI je v\u00fdsledkom mnohoro\u010dn\u00fdch sk\u00fasenost\u00ed s v\u00fdrobou tepelne upraven\u00e9ho dreva a v\u00fdskumu jeho odolnosti v extr\u00e9mnych podmienkach. Sme presved\u010den\u00ed, \u017ee prec\u00edzne spracovanie a univerz\u00e1lnos\u0165 syst\u00e9mu GUMI v\u00e1m prinesie maxim\u00e1lnu spokojnos\u0165 a dlhodob\u00fd komfort.<\/p>\n\t\t\t\t\t<\/div>\n\t\t\t\t\t\t<\/div>\n\t\t\t\t<\/div>\n\t\t\t\t<\/div>\n\t\t<div class=\"elementor-element elementor-element-cfeb618 e-con-full e-flex e-con e-child\" data-id=\"cfeb618\" data-element_type=\"container\" data-e-type=\"container\">\n\t\t<div class=\"elementor-element elementor-element-77be597 e-con-full e-flex e-con e-child\" data-id=\"77be597\" data-element_type=\"container\" data-e-type=\"container\">\n\t\t\t\t<div class=\"elementor-element elementor-element-17a76b5 elementor-widget__width-auto elementor-widget elementor-widget-wd_text_block\" data-id=\"17a76b5\" data-element_type=\"widget\" data-e-type=\"widget\" data-widget_type=\"wd_text_block.default\">\n\t\t\t\t<div class=\"elementor-widget-container\">\n\t\t\t\t\t\t\t<div class=\"wd-text-block reset-last-child text-left color-title\">\n\t\t\t\n\t\t\t<p>Odoln\u00e9 v ka\u017ed\u00fdch podmienkach<\/p>\n\t\t\t\t\t<\/div>\n\t\t\t\t\t\t<\/div>\n\t\t\t\t<\/div>\n\t\t\t\t<\/div>\n\t\t<div class=\"elementor-element elementor-element-a0959d1 e-con-full e-flex e-con e-child\" data-id=\"a0959d1\" data-element_type=\"container\" data-e-type=\"container\">\n\t\t\t\t<div class=\"elementor-element elementor-element-a6ac5af elementor-widget__width-auto elementor-widget elementor-widget-wd_text_block\" data-id=\"a6ac5af\" data-element_type=\"widget\" data-e-type=\"widget\" data-widget_type=\"wd_text_block.default\">\n\t\t\t\t<div class=\"elementor-widget-container\">\n\t\t\t\t\t\t\t<div class=\"wd-text-block reset-last-child text-left color-title\">\n\t\t\t\n\t\t\t<p>Stabiln\u00e1 kon\u0161trukcia bez deform\u00e1ci\u00ed<\/p>\n\t\t\t\t\t<\/div>\n\t\t\t\t\t\t<\/div>\n\t\t\t\t<\/div>\n\t\t\t\t<\/div>\n\t\t<div class=\"elementor-element elementor-element-fa80c9f e-con-full e-flex e-con e-child\" data-id=\"fa80c9f\" data-element_type=\"container\" data-e-type=\"container\">\n\t\t\t\t<div class=\"elementor-element elementor-element-e17d821 elementor-widget__width-auto elementor-widget elementor-widget-wd_text_block\" data-id=\"e17d821\" data-element_type=\"widget\" data-e-type=\"widget\" data-widget_type=\"wd_text_block.default\">\n\t\t\t\t<div class=\"elementor-widget-container\">\n\t\t\t\t\t\t\t<div class=\"wd-text-block reset-last-child text-left color-title\">\n\t\t\t\n\t\t\t<p>Dlh\u00e1 \u017eivotnos\u0165 bez nutnosti pravidelnej renov\u00e1cie<\/p>\n\t\t\t\t\t<\/div>\n\t\t\t\t\t\t<\/div>\n\t\t\t\t<\/div>\n\t\t\t\t<\/div>\n\t\t\t\t<\/div>\n\t\t\t\t\t<\/div>\n\t\t\t\t<\/div>\n\t\t<div class=\"wd-negative-gap elementor-element elementor-element-1450943 wd-section-stretch-content e-flex e-con-boxed e-con e-parent\" data-id=\"1450943\" data-element_type=\"container\" data-e-type=\"container\">\n\t\t\t\t\t<div class=\"e-con-inner\">\n\t\t<div class=\"elementor-element elementor-element-902ab4d e-con-full e-flex e-con e-child\" data-id=\"902ab4d\" data-element_type=\"container\" data-e-type=\"container\">\n\t\t\t\t<div class=\"elementor-element elementor-element-f28046e wd-width-100 elementor-widget elementor-widget-wd_images_gallery\" data-id=\"f28046e\" data-element_type=\"widget\" data-e-type=\"widget\" data-widget_type=\"wd_images_gallery.default\">\n\t\t\t\t<div class=\"elementor-widget-container\">\n\t\t\t\t\t\t\t<div class=\"wd-images-gallery photoswipe-images wd-carousel-container\" style=\"--wd-align-items:center; --wd-justify-content:center;\">\n\t\t\t\t\t\t\t<div class=\"wd-carousel-inner\">\n\t\t\t\t\t\t<div class=\"wd-carousel wd-grid\" data-scroll_per_page=\"yes\" style=\"--wd-col-lg:3;--wd-col-md:3;--wd-col-sm:1;--wd-gap-lg:30px;--wd-gap-sm:10px;\">\n\t\t\t\t\t\t\t\t\t<div class=\"wd-carousel-wrap\">\n\t\t\t\t\t\t\t\t\t\t\t\t\t\t\t\t\t\t<div class=\"wd-gallery-item wd-carousel-item\">\n\t\t\t\t\t\t\t\t\t\t\t\t\t<a  href=\"https:\/\/www.gumideck.sk\/eshop\/wp-content\/uploads\/sites\/2\/2025\/03\/466924468_18258231259259284_7470401729415779756_n-1.jpg\" data-width=\"1080\" data-height=\"1350\" data-index=\"1\" data-elementor-open-lightbox=\"no\">\n\t\t\t\t\t\t\n\t\t\t\t\t\t<img decoding=\"async\" width=\"500\" height=\"700\" src=\"https:\/\/www.gumideck.sk\/eshop\/wp-content\/uploads\/sites\/2\/2025\/03\/466924468_18258231259259284_7470401729415779756_n-1-500x700.jpg\" class=\"attachment-500x700 size-500x700\" alt=\"466924468_18258231259259284_7470401729415779756_n\" \/>\n\t\t\t\t\t\t\t\t\t\t\t\t\t<\/a>\n\t\t\t\t\t\t\t\t\t\t\t<\/div>\n\t\t\t\t\t\t\t\t\t\t\t\t\t\t\t<div class=\"wd-gallery-item wd-carousel-item\">\n\t\t\t\t\t\t\t\t\t\t\t\t\t<a  href=\"https:\/\/www.gumideck.sk\/eshop\/wp-content\/uploads\/sites\/2\/2025\/03\/466915512_18258353491259284_8079779252891951082_n-1.jpg\" data-width=\"1440\" data-height=\"1782\" data-index=\"2\" data-elementor-open-lightbox=\"no\">\n\t\t\t\t\t\t\n\t\t\t\t\t\t<img decoding=\"async\" width=\"500\" height=\"700\" src=\"https:\/\/www.gumideck.sk\/eshop\/wp-content\/uploads\/sites\/2\/2025\/03\/466915512_18258353491259284_8079779252891951082_n-1-500x700.jpg\" class=\"attachment-500x700 size-500x700\" alt=\"466915512_18258353491259284_8079779252891951082_n\" \/>\n\t\t\t\t\t\t\t\t\t\t\t\t\t<\/a>\n\t\t\t\t\t\t\t\t\t\t\t<\/div>\n\t\t\t\t\t\t\t\t\t\t\t\t\t\t\t<div class=\"wd-gallery-item wd-carousel-item\">\n\t\t\t\t\t\t\t\t\t\t\t\t\t<a  href=\"https:\/\/www.gumideck.sk\/eshop\/wp-content\/uploads\/sites\/2\/2025\/03\/466733796_18258218752259284_1805267335193340666_n-1.jpg\" data-width=\"720\" data-height=\"900\" data-index=\"3\" data-elementor-open-lightbox=\"no\">\n\t\t\t\t\t\t\n\t\t\t\t\t\t<img decoding=\"async\" width=\"500\" height=\"700\" src=\"https:\/\/www.gumideck.sk\/eshop\/wp-content\/uploads\/sites\/2\/2025\/03\/466733796_18258218752259284_1805267335193340666_n-1-500x700.jpg\" class=\"attachment-500x700 size-500x700\" alt=\"466733796_18258218752259284_1805267335193340666_n\" \/>\n\t\t\t\t\t\t\t\t\t\t\t\t\t<\/a>\n\t\t\t\t\t\t\t\t\t\t\t<\/div>\n\t\t\t\t\t\t\t\t\t\t\t\t\t\t\t<div class=\"wd-gallery-item wd-carousel-item\">\n\t\t\t\t\t\t\t\t\t\t\t\t\t<a  href=\"https:\/\/www.gumideck.sk\/eshop\/wp-content\/uploads\/sites\/2\/2025\/03\/340703905_622545456380364_5248929346765449509_n-1.jpg\" data-width=\"1080\" data-height=\"810\" data-index=\"4\" data-elementor-open-lightbox=\"no\">\n\t\t\t\t\t\t\n\t\t\t\t\t\t<img decoding=\"async\" width=\"500\" height=\"700\" src=\"https:\/\/www.gumideck.sk\/eshop\/wp-content\/uploads\/sites\/2\/2025\/03\/340703905_622545456380364_5248929346765449509_n-1-500x700.jpg\" class=\"attachment-500x700 size-500x700\" alt=\"340703905_622545456380364_5248929346765449509_n\" \/>\n\t\t\t\t\t\t\t\t\t\t\t\t\t<\/a>\n\t\t\t\t\t\t\t\t\t\t\t<\/div>\n\t\t\t\t\t\t\t\t\t\t\t\t\t\t\t<div class=\"wd-gallery-item wd-carousel-item\">\n\t\t\t\t\t\t\t\t\t\t\t\t\t<a  href=\"https:\/\/www.gumideck.sk\/eshop\/wp-content\/uploads\/sites\/2\/2025\/03\/333978527_2065273387005611_1921550825917296317_n-1.jpg\" data-width=\"1080\" data-height=\"936\" data-index=\"5\" data-elementor-open-lightbox=\"no\">\n\t\t\t\t\t\t\n\t\t\t\t\t\t<img decoding=\"async\" width=\"500\" height=\"700\" src=\"https:\/\/www.gumideck.sk\/eshop\/wp-content\/uploads\/sites\/2\/2025\/03\/333978527_2065273387005611_1921550825917296317_n-1-500x700.jpg\" class=\"attachment-500x700 size-500x700\" alt=\"333978527_2065273387005611_1921550825917296317_n\" \/>\n\t\t\t\t\t\t\t\t\t\t\t\t\t<\/a>\n\t\t\t\t\t\t\t\t\t\t\t<\/div>\n\t\t\t\t\t\t\t\t\t\t\t\t\t\t\t\t<\/div>\n\t\t\t\t\t\t\t\t<\/div>\n\t\t\t\t\t\t\t\t\t\t\t\t\t\t<div class=\"wd-nav-arrows wd-pos-sep wd-hover-1 wd-icon-1\">\n\t\t\t<div class=\"wd-btn-arrow wd-prev wd-disabled\">\n\t\t\t\t<div class=\"wd-arrow-inner\"><\/div>\n\t\t\t<\/div>\n\t\t\t<div class=\"wd-btn-arrow wd-next\">\n\t\t\t\t<div class=\"wd-arrow-inner\"><\/div>\n\t\t\t<\/div>\n\t\t<\/div>\n\t\t\t\t\t\t\n\t\t\t\t<\/div>\n\n\t\t\t\t\t\t\t\t\t\t\t\t\t<\/div>\n\t\t\t\t\t\t<\/div>\n\t\t\t\t<\/div>\n\t\t\t\t<\/div>\n\t\t\t\t\t<\/div>\n\t\t\t\t<\/div>\n\t\t\t\t<\/div>\n\t\t","protected":false},"excerpt":{"rendered":"<p>Vitajte v GUMI Decku Inov\u00e1cia v dreven\u00fdch teras\u00e1ch Terasa GUMI je v\u00fdsledkom v\u00edzie o \u013eahko zostavite\u013enej drevenej podlahe, ktor\u00e1 je<\/p>\n","protected":false},"author":1,"featured_media":0,"parent":0,"menu_order":0,"comment_status":"closed","ping_status":"closed","template":"","meta":{"footnotes":""},"class_list":["post-17","page","type-page","status-publish","hentry"],"_links":{"self":[{"href":"https:\/\/www.gumideck.sk\/eshop\/wp-json\/wp\/v2\/pages\/17","targetHints":{"allow":["GET"]}}],"collection":[{"href":"https:\/\/www.gumideck.sk\/eshop\/wp-json\/wp\/v2\/pages"}],"about":[{"href":"https:\/\/www.gumideck.sk\/eshop\/wp-json\/wp\/v2\/types\/page"}],"author":[{"embeddable":true,"href":"https:\/\/www.gumideck.sk\/eshop\/wp-json\/wp\/v2\/users\/1"}],"replies":[{"embeddable":true,"href":"https:\/\/www.gumideck.sk\/eshop\/wp-json\/wp\/v2\/comments?post=17"}],"version-history":[{"count":21,"href":"https:\/\/www.gumideck.sk\/eshop\/wp-json\/wp\/v2\/pages\/17\/revisions"}],"predecessor-version":[{"id":1811,"href":"https:\/\/www.gumideck.sk\/eshop\/wp-json\/wp\/v2\/pages\/17\/revisions\/1811"}],"wp:attachment":[{"href":"https:\/\/www.gumideck.sk\/eshop\/wp-json\/wp\/v2\/media?parent=17"}],"curies":[{"name":"wp","href":"https:\/\/api.w.org\/{rel}","templated":true}]}}