{"id":2101,"date":"2025-03-23T15:57:46","date_gmt":"2025-03-23T14:57:46","guid":{"rendered":"https:\/\/www.gumideck.sk\/eshop\/?page_id=2101"},"modified":"2025-11-24T09:41:55","modified_gmt":"2025-11-24T08:41:55","slug":"pravidla-cookies","status":"publish","type":"page","link":"https:\/\/www.gumideck.sk\/eshop\/pravidla-cookies","title":{"rendered":"Pravidl\u00e1  cookies"},"content":{"rendered":"\t\t<div data-elementor-type=\"wp-page\" data-elementor-id=\"2101\" class=\"elementor elementor-2101\" data-elementor-post-type=\"page\">\n\t\t\t\t<div class=\"wd-negative-gap elementor-element elementor-element-079360e e-flex e-con-boxed e-con e-parent\" data-id=\"079360e\" data-element_type=\"container\" data-e-type=\"container\">\n\t\t\t\t\t<div class=\"e-con-inner\">\n\t\t\t\t<div class=\"elementor-element elementor-element-874eb7f elementor-widget elementor-widget-wd_text_block\" data-id=\"874eb7f\" data-element_type=\"widget\" data-e-type=\"widget\" data-widget_type=\"wd_text_block.default\">\n\t\t\t\t<div class=\"elementor-widget-container\">\n\t\t\t\t\t\t\t<div class=\"wd-text-block reset-last-child text-left\">\n\t\t\t\n\t\t\t<p data-start=\"41\" data-end=\"227\">Tento dokument vysvet\u013euje, ako pou\u017e\u00edvame cookies na na\u0161om eshope <strong data-start=\"106\" data-end=\"118\">Gumideck<\/strong> (<a href=\"http:\/\/www.gumideck.sk\" target=\"_new\" rel=\"noopener\" data-start=\"120\" data-end=\"135\">www.gumideck.sk<\/a>). Pou\u017e\u00edvan\u00edm na\u0161ich str\u00e1nok s\u00fahlas\u00edte s na\u0161imi pravidlami cookies, ktor\u00e9 s\u00fa uveden\u00e9 ni\u017e\u0161ie.<\/p><h3 data-start=\"229\" data-end=\"250\">1. \u010co s\u00fa cookies?<\/h3><p data-start=\"251\" data-end=\"487\">Cookies s\u00fa mal\u00e9 textov\u00e9 s\u00fabory, ktor\u00e9 sa ukladaj\u00fa na va\u0161om zariaden\u00ed pri n\u00e1v\u0161teve na\u0161ich webov\u00fdch str\u00e1nok. Tieto s\u00fabory n\u00e1m umo\u017e\u0148uj\u00fa zbiera\u0165 inform\u00e1cie o tom, ako pou\u017e\u00edvate na\u0161e str\u00e1nky, a poskytova\u0165 v\u00e1m lep\u0161\u00ed z\u00e1\u017eitok pri ich pou\u017e\u00edvan\u00ed.<\/p><h3 data-start=\"489\" data-end=\"518\">2. Ak\u00e9 cookies pou\u017e\u00edvame?<\/h3><p data-start=\"519\" data-end=\"618\">Na na\u0161ich str\u00e1nkach pou\u017e\u00edvame r\u00f4zne typy cookies, ktor\u00e9 m\u00f4\u017eeme rozdeli\u0165 do nasleduj\u00facich kateg\u00f3ri\u00ed:<\/p><ul data-start=\"620\" data-end=\"1461\"><li data-start=\"620\" data-end=\"792\"><p data-start=\"622\" data-end=\"792\"><strong data-start=\"622\" data-end=\"642\">Nezbytn\u00e9 cookies<\/strong>: Tieto cookies s\u00fa nevyhnutn\u00e9 pre fungovanie na\u0161ich str\u00e1nok. Umo\u017e\u0148uj\u00fa v\u00e1m navigova\u0165 po str\u00e1nkach a pou\u017e\u00edva\u0165 z\u00e1kladn\u00e9 funkcie ako nakupovanie v ko\u0161\u00edku.<\/p><\/li><li data-start=\"796\" data-end=\"1075\"><p data-start=\"798\" data-end=\"1075\"><strong data-start=\"798\" data-end=\"821\">V\u00fdkonnostn\u00e9 cookies<\/strong>: Tieto cookies n\u00e1m umo\u017e\u0148uj\u00fa zbiera\u0165 inform\u00e1cie o tom, ako n\u00e1v\u0161tevn\u00edci pou\u017e\u00edvaj\u00fa na\u0161e str\u00e1nky, napr\u00edklad ktor\u00e9 str\u00e1nky s\u00fa naj\u010dastej\u0161ie nav\u0161tevovan\u00e9 alebo \u010di n\u00e1v\u0161tevn\u00edci dost\u00e1vaj\u00fa chybov\u00e9 hl\u00e1senia. Tieto cookies n\u00e1m pom\u00e1haj\u00fa vylep\u0161i\u0165 v\u00fdkon na\u0161ich str\u00e1nok.<\/p><\/li><li data-start=\"1077\" data-end=\"1277\"><p data-start=\"1079\" data-end=\"1277\"><strong data-start=\"1079\" data-end=\"1098\">Funk\u010dn\u00e9 cookies<\/strong>: Tieto cookies umo\u017e\u0148uj\u00fa na\u0161im str\u00e1nkam pam\u00e4ta\u0165 si va\u0161e preferencie (ako je jazyk alebo regi\u00f3n) a prisp\u00f4sobova\u0165 sa va\u0161im potreb\u00e1m. Tieto cookies zlep\u0161uj\u00fa v\u00e1\u0161 z\u00e1\u017eitok na str\u00e1nkach.<\/p><\/li><li data-start=\"1279\" data-end=\"1461\"><p data-start=\"1281\" data-end=\"1461\"><strong data-start=\"1281\" data-end=\"1315\">Cielen\u00e9 alebo reklamn\u00e9 cookies<\/strong>: Tieto cookies sa pou\u017e\u00edvaj\u00fa na sledovanie va\u0161ich aktiv\u00edt na internete, aby sa v\u00e1m zobrazovali reklamy, ktor\u00e9 s\u00fa relevantn\u00e9 pre v\u00e1s a va\u0161e z\u00e1ujmy.<\/p><\/li><\/ul><h3 data-start=\"1463\" data-end=\"1499\">3. Ako m\u00f4\u017eete spravova\u0165 cookies?<\/h3><p data-start=\"1500\" data-end=\"1927\">M\u00f4\u017eete kontrolova\u0165 a spravova\u0165 nastavenia cookies prostredn\u00edctvom nastaven\u00ed v\u00e1\u0161ho prehliada\u010da. V\u00e4\u010d\u0161ina prehliada\u010dov umo\u017e\u0148uje nastavi\u0165, aby sa cookies automaticky neprij\u00edmali, alebo naopak, aby ste boli informovan\u00ed, ke\u010f s\u00fa cookies odosielan\u00e9. Ak si prajete zmeni\u0165 nastavenia cookies, m\u00f4\u017eete tak urobi\u0165 cez mo\u017enosti v\u00e1\u0161ho prehliada\u010da. Nezabudnite, \u017ee ak zak\u00e1\u017eete cookies, niektor\u00e9 funkcie na\u0161ich str\u00e1nok nemusia fungova\u0165 spr\u00e1vne.<\/p><h3 data-start=\"1929\" data-end=\"1955\">4. Ak\u00e9 \u00fadaje zbierame?<\/h3><p data-start=\"1956\" data-end=\"2014\">Pou\u017e\u00edvan\u00edm na\u0161ich cookies zbierame nasleduj\u00face inform\u00e1cie:<\/p><ul data-start=\"2016\" data-end=\"2222\"><li data-start=\"2016\" data-end=\"2027\"><p data-start=\"2018\" data-end=\"2027\">IP adresa<\/p><\/li><li data-start=\"2028\" data-end=\"2058\"><p data-start=\"2030\" data-end=\"2058\">Typ zariadenia a prehliada\u010da<\/p><\/li><li data-start=\"2059\" data-end=\"2081\"><p data-start=\"2061\" data-end=\"2081\">\u010cas a d\u00e1tum n\u00e1v\u0161tevy<\/p><\/li><li data-start=\"2082\" data-end=\"2128\"><p data-start=\"2084\" data-end=\"2128\">Inform\u00e1cie o str\u00e1nkach, ktor\u00e9 ste nav\u0161t\u00edvili<\/p><\/li><li data-start=\"2129\" data-end=\"2222\"><p data-start=\"2131\" data-end=\"2222\">Ak\u00e9 akcie ste vykonali na na\u0161ich str\u00e1nkach (napr\u00edklad pridan\u00e9 produkty do n\u00e1kupn\u00e9ho ko\u0161\u00edka)<\/p><\/li><\/ul><p data-start=\"2224\" data-end=\"2304\">Tieto \u00fadaje pou\u017e\u00edvame v\u00fdlu\u010dne na zlep\u0161enie na\u0161ich slu\u017eieb a pre intern\u00e9 anal\u00fdzy.<\/p><h3 data-start=\"2306\" data-end=\"2339\">5. Zabezpe\u010denie va\u0161ich \u00fadajov<\/h3><p data-start=\"2340\" data-end=\"2565\">S\u00fahlas\u00edme s t\u00fdm, \u017ee v\u0161etky osobn\u00e9 \u00fadaje, ktor\u00e9 zbierame prostredn\u00edctvom cookies, bud\u00fa spracov\u00e1van\u00e9 v s\u00falade so Z\u00e1konom o ochrane osobn\u00fdch \u00fadajov a GDPR. Va\u0161e osobn\u00e9 \u00fadaje bud\u00fa spracov\u00e1van\u00e9 iba na \u00fa\u010dely, na ktor\u00e9 boli z\u00edskan\u00e9.<\/p><h3 data-start=\"2567\" data-end=\"2594\">6. Kontaktn\u00e9 inform\u00e1cie<\/h3><p data-start=\"2595\" data-end=\"2718\">Ak m\u00e1te ak\u00e9ko\u013evek ot\u00e1zky t\u00fdkaj\u00face sa na\u0161ich pravidiel cookies alebo spracovania osobn\u00fdch \u00fadajov, nev\u00e1hajte n\u00e1s kontaktova\u0165:<\/p><ul data-start=\"2720\" data-end=\"2890\"><li data-start=\"2720\" data-end=\"2753\"><p data-start=\"2722\" data-end=\"2753\"><strong data-start=\"2722\" data-end=\"2733\">Telef\u00f3n<\/strong>: 0903 163 163<\/p><\/li><li data-start=\"2754\" data-end=\"2812\"><p data-start=\"2756\" data-end=\"2812\"><strong data-start=\"2756\" data-end=\"2765\">Email<\/strong>: <a rel=\"noopener\" data-start=\"2767\" data-end=\"2810\">info@gumideck.sk<\/a><\/p><\/li><li data-start=\"2813\" data-end=\"2834\"><p data-start=\"2815\" data-end=\"2834\"><strong data-start=\"2815\" data-end=\"2822\">I\u010cO<\/strong>: 44879741<\/p><\/li><li data-start=\"2835\" data-end=\"2858\"><p data-start=\"2837\" data-end=\"2858\"><strong data-start=\"2837\" data-end=\"2844\">DI\u010c<\/strong>: 2022861621<\/p><\/li><li data-start=\"2835\" data-end=\"2858\"><p data-start=\"2837\" data-end=\"2858\"><span style=\"font-size: 16px;\"><strong>I\u010c DPH<\/strong>: SK2022861621<\/span><\/p><\/li><li data-start=\"2859\" data-end=\"2890\"><p data-start=\"2861\" data-end=\"2890\"><strong data-start=\"2861\" data-end=\"2875\">Spolo\u010dnos\u0165<\/strong>: fiftyfifty s. r. o.<\/p><\/li><\/ul><h3 data-start=\"2892\" data-end=\"2922\">7. Zmeny pravidiel cookies<\/h3><p data-start=\"2923\" data-end=\"3172\">Vyhradzujeme si pr\u00e1vo na \u00fapravu t\u00fdchto pravidiel cookies. Ak vykon\u00e1me ak\u00e9ko\u013evek zmeny, aktualizujeme t\u00fato str\u00e1nku a uvedieme d\u00e1tum poslednej zmeny. Odpor\u00fa\u010dame v\u00e1m pravidelne kontrolova\u0165 t\u00fato str\u00e1nku, aby ste boli informovan\u00ed o aktu\u00e1lnych pravidl\u00e1ch.<\/p><p data-start=\"3174\" data-end=\"3218\"><strong data-start=\"3174\" data-end=\"3206\">D\u00e1tum poslednej aktualiz\u00e1cie<\/strong>: marec 2025<\/p>\n\t\t\t\t\t<\/div>\n\t\t\t\t\t\t<\/div>\n\t\t\t\t<\/div>\n\t\t\t\t\t<\/div>\n\t\t\t\t<\/div>\n\t\t\t\t<\/div>\n\t\t","protected":false},"excerpt":{"rendered":"<p>Tento dokument vysvet\u013euje, ako pou\u017e\u00edvame cookies na na\u0161om eshope Gumideck (www.gumideck.sk). Pou\u017e\u00edvan\u00edm na\u0161ich str\u00e1nok s\u00fahlas\u00edte s na\u0161imi pravidlami cookies, ktor\u00e9<\/p>\n","protected":false},"author":1,"featured_media":0,"parent":0,"menu_order":0,"comment_status":"closed","ping_status":"closed","template":"elementor_header_footer","meta":{"footnotes":""},"class_list":["post-2101","page","type-page","status-publish","hentry"],"_links":{"self":[{"href":"https:\/\/www.gumideck.sk\/eshop\/wp-json\/wp\/v2\/pages\/2101","targetHints":{"allow":["GET"]}}],"collection":[{"href":"https:\/\/www.gumideck.sk\/eshop\/wp-json\/wp\/v2\/pages"}],"about":[{"href":"https:\/\/www.gumideck.sk\/eshop\/wp-json\/wp\/v2\/types\/page"}],"author":[{"embeddable":true,"href":"https:\/\/www.gumideck.sk\/eshop\/wp-json\/wp\/v2\/users\/1"}],"replies":[{"embeddable":true,"href":"https:\/\/www.gumideck.sk\/eshop\/wp-json\/wp\/v2\/comments?post=2101"}],"version-history":[{"count":7,"href":"https:\/\/www.gumideck.sk\/eshop\/wp-json\/wp\/v2\/pages\/2101\/revisions"}],"predecessor-version":[{"id":2366,"href":"https:\/\/www.gumideck.sk\/eshop\/wp-json\/wp\/v2\/pages\/2101\/revisions\/2366"}],"wp:attachment":[{"href":"https:\/\/www.gumideck.sk\/eshop\/wp-json\/wp\/v2\/media?parent=2101"}],"curies":[{"name":"wp","href":"https:\/\/api.w.org\/{rel}","templated":true}]}}