{"id":2106,"date":"2025-03-23T16:01:03","date_gmt":"2025-03-23T15:01:03","guid":{"rendered":"https:\/\/www.gumideck.sk\/eshop\/?page_id=2106"},"modified":"2025-11-24T09:34:05","modified_gmt":"2025-11-24T08:34:05","slug":"ochrana-osobnych-udajov","status":"publish","type":"page","link":"https:\/\/www.gumideck.sk\/eshop\/ochrana-osobnych-udajov","title":{"rendered":"Ochrana osobn\u00fdch \u00fadajov"},"content":{"rendered":"\t\t<div data-elementor-type=\"wp-page\" data-elementor-id=\"2106\" class=\"elementor elementor-2106\" data-elementor-post-type=\"page\">\n\t\t\t\t<div class=\"wd-negative-gap elementor-element elementor-element-185703c e-flex e-con-boxed e-con e-parent\" data-id=\"185703c\" data-element_type=\"container\" data-e-type=\"container\">\n\t\t\t\t\t<div class=\"e-con-inner\">\n\t\t\t\t<div class=\"elementor-element elementor-element-c4389bf elementor-widget elementor-widget-wd_text_block\" data-id=\"c4389bf\" data-element_type=\"widget\" data-e-type=\"widget\" data-widget_type=\"wd_text_block.default\">\n\t\t\t\t<div class=\"elementor-widget-container\">\n\t\t\t\t\t\t\t<div class=\"wd-text-block reset-last-child text-left\">\n\t\t\t\n\t\t\t<article class=\"group\/turn w-full text-token-text-primary focus-visible:outline-2 focus-visible:outline-offset-[-4px]\" dir=\"auto\" tabindex=\"-1\" data-testid=\"conversation-turn-2\" data-scroll-anchor=\"false\"><div class=\"text-base my-auto mx-auto py-[18px] px-6\"><div class=\"mx-auto flex flex-1 text-base gap-4 md:gap-5 lg:gap-6 md:max-w-3xl lg:max-w-[40rem] xl:max-w-[48rem]\"><div class=\"group\/conversation-turn relative flex w-full min-w-0 flex-col agent-turn @xs\/thread:px-0 @sm\/thread:px-1.5 @md\/thread:px-4\"><div class=\"flex-col gap-1 md:gap-3\"><div class=\"flex max-w-full flex-col flex-grow\"><div class=\"min-h-8 text-message relative flex w-full flex-col items-end gap-2 whitespace-normal break-words text-start [.text-message+&amp;]:mt-5\" dir=\"auto\" data-message-author-role=\"assistant\" data-message-id=\"2335ee62-c8a2-43fa-9d8f-e568245e7c95\" data-message-model-slug=\"gpt-4o-mini\"><div class=\"flex w-full flex-col gap-1 empty:hidden first:pt-[3px]\"><div class=\"markdown prose w-full break-words dark:prose-invert dark\"><p class=\"\" data-start=\"55\" data-end=\"350\">Tento dokument vysvet\u013euje, ak\u00e9 osobn\u00e9 \u00fadaje zbierame, ako ich spracov\u00e1vame, uchov\u00e1vame a chr\u00e1nime. Cie\u013eom t\u00fdchto z\u00e1sad je zabezpe\u010di\u0165 ochranu va\u0161ich osobn\u00fdch \u00fadajov v s\u00falade s platnou legislat\u00edvou, najm\u00e4 so Z\u00e1konom o ochrane osobn\u00fdch \u00fadajov a nariaden\u00edm GDPR (General Data Protection Regulation).<\/p><h3 class=\"\" data-start=\"352\" data-end=\"392\">1. Kto spracov\u00e1va va\u0161e osobn\u00e9 \u00fadaje?<\/h3><p class=\"\" data-start=\"393\" data-end=\"636\">Va\u0161e osobn\u00e9 \u00fadaje spracov\u00e1va spolo\u010dnos\u0165 fiftyfifty s. r. o., so s\u00eddlom Mati\u010dn\u00e1 580\/7, Bratislava \u2013 mestsk\u00e1 \u010das\u0165 Nov\u00e9 Mesto, 83103.\u00a0Na\u0161a spolo\u010dnos\u0165 je prev\u00e1dzkovate\u013eom osobn\u00fdch \u00fadajov a zabezpe\u010duje ich ochranu v s\u00falade s platn\u00fdmi pr\u00e1vnymi predpismi.<\/p><h3 class=\"\" data-start=\"638\" data-end=\"671\">2. Ak\u00e9 osobn\u00e9 \u00fadaje zbierame?<\/h3><p class=\"\" data-start=\"672\" data-end=\"751\">Pri pou\u017e\u00edvan\u00ed na\u0161ich str\u00e1nok a slu\u017eieb m\u00f4\u017eeme zbiera\u0165 nasleduj\u00face osobn\u00e9 \u00fadaje:<\/p><ul data-start=\"753\" data-end=\"1204\"><li class=\"\" data-start=\"753\" data-end=\"834\"><p class=\"\" data-start=\"755\" data-end=\"834\"><strong data-start=\"755\" data-end=\"774\">Kontaktn\u00e9 \u00fadaje<\/strong>: meno, priezvisko, adresa, emailov\u00e1 adresa, telef\u00f3nne \u010d\u00edslo<\/p><\/li><li class=\"\" data-start=\"835\" data-end=\"950\"><p class=\"\" data-start=\"837\" data-end=\"950\"><strong data-start=\"837\" data-end=\"861\">\u00dadaje o objedn\u00e1vkach<\/strong>: inform\u00e1cie o zak\u00fapen\u00fdch produktoch, faktura\u010dn\u00e9 \u00fadaje, sp\u00f4sob platby, doru\u010dovacia adresa<\/p><\/li><li class=\"\" data-start=\"951\" data-end=\"1064\"><p class=\"\" data-start=\"953\" data-end=\"1064\"><strong data-start=\"953\" data-end=\"989\">\u00dadaje o pou\u017e\u00edvan\u00ed na\u0161ich str\u00e1nok<\/strong>: IP adresa, typ prehliada\u010da, \u010das str\u00e1ven\u00fd na str\u00e1nkach, nav\u0161t\u00edven\u00e9 str\u00e1nky<\/p><\/li><li class=\"\" data-start=\"1065\" data-end=\"1204\"><p class=\"\" data-start=\"1067\" data-end=\"1204\"><strong data-start=\"1067\" data-end=\"1087\">\u00dadaje o platb\u00e1ch<\/strong>: \u00fadaje o platobnej karte alebo in\u00fdch met\u00f3dach platby, ktor\u00e9 sa sprac\u00favaj\u00fa prostredn\u00edctvom bezpe\u010dn\u00fdch platobn\u00fdch br\u00e1n<\/p><\/li><\/ul><h3 class=\"\" data-start=\"1206\" data-end=\"1257\">3. Na ak\u00e9 \u00fa\u010dely spracov\u00e1vame va\u0161e osobn\u00e9 \u00fadaje?<\/h3><p class=\"\" data-start=\"1258\" data-end=\"1309\">Va\u0161e osobn\u00e9 \u00fadaje spracov\u00e1vame na nasledovn\u00e9 \u00fa\u010dely:<\/p><ul data-start=\"1311\" data-end=\"1905\"><li class=\"\" data-start=\"1311\" data-end=\"1456\"><p class=\"\" data-start=\"1313\" data-end=\"1456\"><strong data-start=\"1313\" data-end=\"1339\">Spracovanie objedn\u00e1vok<\/strong>: pre \u00fa\u010dely realiz\u00e1cie a doru\u010denia objedn\u00e1vky, komunik\u00e1cie oh\u013eadom objedn\u00e1vky, vystavenie fakt\u00far a \u010fal\u0161\u00edch dokumentov<\/p><\/li><li class=\"\" data-start=\"1457\" data-end=\"1572\"><p class=\"\" data-start=\"1459\" data-end=\"1572\"><strong data-start=\"1459\" data-end=\"1480\">Z\u00e1kazn\u00edcky servis<\/strong>: pre rie\u0161enie ot\u00e1zok a probl\u00e9mov, ktor\u00e9 s\u00favisia s va\u0161imi objedn\u00e1vkami alebo na\u0161imi slu\u017ebami<\/p><\/li><li class=\"\" data-start=\"1573\" data-end=\"1743\"><p class=\"\" data-start=\"1575\" data-end=\"1743\"><strong data-start=\"1575\" data-end=\"1597\">Marketingov\u00e9 \u00fa\u010dely<\/strong>: ak n\u00e1m poskytnete s\u00fahlas, m\u00f4\u017eeme v\u00e1s informova\u0165 o novink\u00e1ch, akci\u00e1ch, z\u013eav\u00e1ch a in\u00fdch marketingov\u00fdch ponuk\u00e1ch (prostredn\u00edctvom emailu alebo SMS)<\/p><\/li><li class=\"\" data-start=\"1744\" data-end=\"1905\"><p class=\"\" data-start=\"1746\" data-end=\"1905\"><strong data-start=\"1746\" data-end=\"1784\">Anal\u00fdza a zlep\u0161enie na\u0161ich slu\u017eieb<\/strong>: zbieranie anonymizovan\u00fdch \u00fadajov o n\u00e1v\u0161tevnosti str\u00e1nok a pou\u017e\u00edvate\u013eskom spr\u00e1van\u00ed na \u00fa\u010dely optimaliz\u00e1cie na\u0161ich slu\u017eieb<\/p><\/li><\/ul><h3 class=\"\" data-start=\"1907\" data-end=\"1962\">4. Na akom pr\u00e1vnom z\u00e1klade spracov\u00e1vame va\u0161e \u00fadaje?<\/h3><p class=\"\" data-start=\"1963\" data-end=\"2030\">Va\u0161e osobn\u00e9 \u00fadaje spracov\u00e1vame na z\u00e1klade t\u00fdchto pr\u00e1vnych z\u00e1kladov:<\/p><ul data-start=\"2032\" data-end=\"2466\"><li class=\"\" data-start=\"2032\" data-end=\"2151\"><p class=\"\" data-start=\"2034\" data-end=\"2151\"><strong data-start=\"2034\" data-end=\"2052\">Plnenie zmluvy<\/strong>: Spracovanie \u00fadajov je nevyhnutn\u00e9 na plnenie zmluvy medzi nami (napr\u00edklad spracovanie objedn\u00e1vky).<\/p><\/li><li class=\"\" data-start=\"2152\" data-end=\"2300\"><p class=\"\" data-start=\"2154\" data-end=\"2300\"><strong data-start=\"2154\" data-end=\"2164\">S\u00fahlas<\/strong>: Ak n\u00e1m poskytujete s\u00fahlas na marketingov\u00e9 \u00fa\u010dely (napr\u00edklad zasielanie newsletterov), spracov\u00e1vame va\u0161e \u00fadaje na z\u00e1klade tohto s\u00fahlasu.<\/p><\/li><li class=\"\" data-start=\"2301\" data-end=\"2466\"><p class=\"\" data-start=\"2303\" data-end=\"2466\"><strong data-start=\"2303\" data-end=\"2323\">Legit\u00edmny z\u00e1ujem<\/strong>: Spracovanie \u00fadajov m\u00f4\u017ee by\u0165 nevyhnutn\u00e9 na ochranu na\u0161ich pr\u00e1v a z\u00e1ujmov (napr\u00edklad zlep\u0161ovanie na\u0161ich slu\u017eieb, prevencia podvodov a podobne).<\/p><\/li><\/ul><h3 class=\"\" data-start=\"2468\" data-end=\"2519\">5. Zdie\u013eanie osobn\u00fdch \u00fadajov s tret\u00edmi stranami<\/h3><p class=\"\" data-start=\"2520\" data-end=\"2586\">Va\u0161e osobn\u00e9 \u00fadaje m\u00f4\u017eeme zdie\u013ea\u0165 s nasleduj\u00facimi tret\u00edmi stranami:<\/p><ul data-start=\"2588\" data-end=\"2994\"><li class=\"\" data-start=\"2588\" data-end=\"2653\"><p class=\"\" data-start=\"2590\" data-end=\"2653\"><strong data-start=\"2590\" data-end=\"2627\">Prepravn\u00e9 a kuri\u00e9rske spolo\u010dnosti<\/strong>: Na doru\u010denie objedn\u00e1vok.<\/p><\/li><li class=\"\" data-start=\"2654\" data-end=\"2759\"><p class=\"\" data-start=\"2656\" data-end=\"2759\"><strong data-start=\"2656\" data-end=\"2674\">Platobn\u00e9 br\u00e1ny<\/strong>: Ak urob\u00edte platbu online, va\u0161e platobn\u00e9 \u00fadaje spracov\u00e1vaj\u00fa bezpe\u010dn\u00e9 platobn\u00e9 br\u00e1ny.<\/p><\/li><li class=\"\" data-start=\"2760\" data-end=\"2908\"><p class=\"\" data-start=\"2762\" data-end=\"2908\"><strong data-start=\"2762\" data-end=\"2787\">Marketingov\u00ed partneri<\/strong>: Na z\u00e1klade v\u00e1\u0161ho s\u00fahlasu m\u00f4\u017eeme zdie\u013ea\u0165 \u00fadaje s marketingov\u00fdmi partnermi na \u00fa\u010dely zasielania marketingov\u00fdch materi\u00e1lov.<\/p><\/li><li class=\"\" data-start=\"2909\" data-end=\"2994\"><p class=\"\" data-start=\"2911\" data-end=\"2994\"><strong data-start=\"2911\" data-end=\"2928\">Pr\u00e1vne org\u00e1ny<\/strong>: V pr\u00edpade, \u017ee si to vy\u017eaduje z\u00e1kon alebo na ochranu na\u0161ich pr\u00e1v.<\/p><\/li><\/ul><h3 class=\"\" data-start=\"2996\" data-end=\"3030\">6. Uchov\u00e1vanie osobn\u00fdch \u00fadajov<\/h3><p class=\"\" data-start=\"3031\" data-end=\"3258\">Va\u0161e osobn\u00e9 \u00fadaje uchov\u00e1vame iba po dobu nevyhnutn\u00fa na splnenie \u00fa\u010delov, na ktor\u00e9 boli zbieran\u00e9. Napr\u00edklad \u00fadaje t\u00fdkaj\u00face sa objedn\u00e1vky uchov\u00e1vame po dobu trvania z\u00e1ruky na produkty a na \u00fa\u010dely da\u0148ov\u00e9ho a \u00fa\u010dtovn\u00e9ho vysporiadania.<\/p><h3 class=\"\" data-start=\"3260\" data-end=\"3317\">7. Va\u0161e pr\u00e1va v s\u00favislosti s ochranou osobn\u00fdch \u00fadajov<\/h3><p class=\"\" data-start=\"3318\" data-end=\"3380\">V s\u00falade s platn\u00fdmi pr\u00e1vnymi predpismi m\u00e1te nasleduj\u00face pr\u00e1va:<\/p><ul data-start=\"3382\" data-end=\"4068\"><li class=\"\" data-start=\"3382\" data-end=\"3487\"><p class=\"\" data-start=\"3384\" data-end=\"3487\"><strong data-start=\"3384\" data-end=\"3413\">Pr\u00e1vo na pr\u00edstup k \u00fadajom<\/strong>: M\u00e1te pr\u00e1vo z\u00edska\u0165 inform\u00e1cie o tom, ak\u00e9 osobn\u00e9 \u00fadaje o v\u00e1s spracov\u00e1vame.<\/p><\/li><li class=\"\" data-start=\"3488\" data-end=\"3581\"><p class=\"\" data-start=\"3490\" data-end=\"3581\"><strong data-start=\"3490\" data-end=\"3509\">Pr\u00e1vo na opravu<\/strong>: Ak s\u00fa va\u0161e \u00fadaje nepresn\u00e9 alebo ne\u00fapln\u00e9, m\u00f4\u017eete po\u017eiada\u0165 o ich opravu.<\/p><\/li><li class=\"\" data-start=\"3582\" data-end=\"3719\"><p class=\"\" data-start=\"3584\" data-end=\"3719\"><strong data-start=\"3584\" data-end=\"3606\">Pr\u00e1vo na vymazanie<\/strong>: M\u00f4\u017eete po\u017eiada\u0165 o vymazanie va\u0161ich osobn\u00fdch \u00fadajov, ak u\u017e nie s\u00fa potrebn\u00e9 na \u00fa\u010dely, na ktor\u00e9 boli spracov\u00e1van\u00e9.<\/p><\/li><li class=\"\" data-start=\"3720\" data-end=\"3835\"><p class=\"\" data-start=\"3722\" data-end=\"3835\"><strong data-start=\"3722\" data-end=\"3757\">Pr\u00e1vo na obmedzenie spracovania<\/strong>: M\u00f4\u017eete po\u017eiada\u0165 o obmedzenie spracovania va\u0161ich \u00fadajov v ur\u010dit\u00fdch pr\u00edpadoch.<\/p><\/li><li class=\"\" data-start=\"3836\" data-end=\"3948\"><p class=\"\" data-start=\"3838\" data-end=\"3948\"><strong data-start=\"3838\" data-end=\"3872\">Pr\u00e1vo na prenosite\u013enos\u0165 \u00fadajov<\/strong>: M\u00f4\u017eete po\u017eiada\u0165 o prenos va\u0161ich osobn\u00fdch \u00fadajov k in\u00e9mu prev\u00e1dzkovate\u013eovi.<\/p><\/li><li class=\"\" data-start=\"3949\" data-end=\"4068\"><p class=\"\" data-start=\"3951\" data-end=\"4068\"><strong data-start=\"3951\" data-end=\"3972\">Pr\u00e1vo na n\u00e1mietku<\/strong>: M\u00f4\u017eete vznesi\u0165 n\u00e1mietku proti spracovaniu va\u0161ich osobn\u00fdch \u00fadajov na \u00fa\u010dely priameho marketingu.<\/p><\/li><\/ul><p class=\"\" data-start=\"4070\" data-end=\"4182\">Ak chcete uplatni\u0165 svoje pr\u00e1va, kontaktujte n\u00e1s na emailovej adrese <a rel=\"noopener\" data-start=\"4138\" data-end=\"4181\">info@gumideck.sk<\/a>.<\/p><h3 class=\"\" data-start=\"4184\" data-end=\"4219\">8. Zabezpe\u010denie osobn\u00fdch \u00fadajov<\/h3><p class=\"\" data-start=\"4220\" data-end=\"4445\">Zabezpe\u010dujeme technick\u00e9 a organiza\u010dn\u00e9 opatrenia na ochranu va\u0161ich osobn\u00fdch \u00fadajov pred neopr\u00e1vnen\u00fdm pr\u00edstupom, stratou, zni\u010den\u00edm alebo zneu\u017eit\u00edm. Pou\u017e\u00edvame \u0161ifrovanie a \u010fal\u0161ie bezpe\u010dnostn\u00e9 mechanizmy na ochranu va\u0161ich \u00fadajov.<\/p><h3 class=\"\" data-start=\"4447\" data-end=\"4496\">9. Zmeny t\u00fdchto z\u00e1sad ochrany osobn\u00fdch \u00fadajov<\/h3><p class=\"\" data-start=\"4497\" data-end=\"4752\">Vyhradzujeme si pr\u00e1vo na zmenu t\u00fdchto z\u00e1sad ochrany osobn\u00fdch \u00fadajov. Ak d\u00f4jde k zmen\u00e1m, aktualizujeme t\u00fato str\u00e1nku a uvedieme d\u00e1tum poslednej aktualiz\u00e1cie. Odpor\u00fa\u010dame v\u00e1m pravidelne kontrolova\u0165 t\u00fato str\u00e1nku, aby ste boli informovan\u00ed o aktu\u00e1lnych z\u00e1sad\u00e1ch.<\/p><p class=\"\" data-start=\"4754\" data-end=\"4798\"><strong data-start=\"4754\" data-end=\"4786\">D\u00e1tum poslednej aktualiz\u00e1cie<\/strong>: marec 2025<\/p><\/div><\/div><\/div><\/div><\/div><\/div><\/div><\/div><\/article>\n\t\t\t\t\t<\/div>\n\t\t\t\t\t\t<\/div>\n\t\t\t\t<\/div>\n\t\t\t\t\t<\/div>\n\t\t\t\t<\/div>\n\t\t\t\t<\/div>\n\t\t","protected":false},"excerpt":{"rendered":"<p>Tento dokument vysvet\u013euje, ak\u00e9 osobn\u00e9 \u00fadaje zbierame, ako ich spracov\u00e1vame, uchov\u00e1vame a chr\u00e1nime. Cie\u013eom t\u00fdchto z\u00e1sad je zabezpe\u010di\u0165 ochranu va\u0161ich<\/p>\n","protected":false},"author":1,"featured_media":0,"parent":0,"menu_order":0,"comment_status":"closed","ping_status":"closed","template":"elementor_header_footer","meta":{"footnotes":""},"class_list":["post-2106","page","type-page","status-publish","hentry"],"_links":{"self":[{"href":"https:\/\/www.gumideck.sk\/eshop\/wp-json\/wp\/v2\/pages\/2106","targetHints":{"allow":["GET"]}}],"collection":[{"href":"https:\/\/www.gumideck.sk\/eshop\/wp-json\/wp\/v2\/pages"}],"about":[{"href":"https:\/\/www.gumideck.sk\/eshop\/wp-json\/wp\/v2\/types\/page"}],"author":[{"embeddable":true,"href":"https:\/\/www.gumideck.sk\/eshop\/wp-json\/wp\/v2\/users\/1"}],"replies":[{"embeddable":true,"href":"https:\/\/www.gumideck.sk\/eshop\/wp-json\/wp\/v2\/comments?post=2106"}],"version-history":[{"count":13,"href":"https:\/\/www.gumideck.sk\/eshop\/wp-json\/wp\/v2\/pages\/2106\/revisions"}],"predecessor-version":[{"id":2363,"href":"https:\/\/www.gumideck.sk\/eshop\/wp-json\/wp\/v2\/pages\/2106\/revisions\/2363"}],"wp:attachment":[{"href":"https:\/\/www.gumideck.sk\/eshop\/wp-json\/wp\/v2\/media?parent=2106"}],"curies":[{"name":"wp","href":"https:\/\/api.w.org\/{rel}","templated":true}]}}