{"id":2160,"date":"2025-03-27T10:46:30","date_gmt":"2025-03-27T09:46:30","guid":{"rendered":"https:\/\/www.gumideck.sk\/eshop\/?page_id=2160"},"modified":"2026-03-31T00:01:21","modified_gmt":"2026-03-30T22:01:21","slug":"obchodne-podmienky-e-shopu-gumideck-sk","status":"publish","type":"page","link":"https:\/\/www.gumideck.sk\/eshop\/obchodne-podmienky-e-shopu-gumideck-sk","title":{"rendered":"Obchodn\u00e9 podmienky e-shopu gumideck.sk"},"content":{"rendered":"\t\t<div data-elementor-type=\"wp-page\" data-elementor-id=\"2160\" class=\"elementor elementor-2160\" data-elementor-post-type=\"page\">\n\t\t\t\t<div class=\"wd-negative-gap elementor-element elementor-element-1d92efec e-flex e-con-boxed e-con e-parent\" data-id=\"1d92efec\" data-element_type=\"container\" data-e-type=\"container\">\n\t\t\t\t\t<div class=\"e-con-inner\">\n\t\t\t\t<div class=\"elementor-element elementor-element-2475d8cf color-scheme-inherit text-left elementor-widget elementor-widget-text-editor\" data-id=\"2475d8cf\" data-element_type=\"widget\" data-e-type=\"widget\" data-widget_type=\"text-editor.default\">\n\t\t\t\t<div class=\"elementor-widget-container\">\n\t\t\t\t\t\t\t\t\t<p dir=\"auto\"><strong>Platn\u00e9 od 31. marca 2026<\/strong><\/p><p dir=\"auto\"><strong>Obchodn\u00edk:<\/strong> fiftyfifty s. r. o. Mati\u010dn\u00e1 580\/7, 831 03 Bratislava I\u010cO: 44879741, DI\u010c: 2022861621, I\u010c DPH: SK2022861621 <a href=\"mailto:info@gumideck.sk\" target=\"_blank\" rel=\"noopener noreferrer nofollow\">info@gumideck.sk<\/a> | tel: 0903 163 163<\/p><p dir=\"auto\"><strong>1. Z\u00e1kladn\u00e9 ustanovenia<\/strong> Tieto podmienky upravuj\u00fa vz\u0165ah medzi obchodn\u00edkom a kupuj\u00facim pri n\u00e1kupe cez e-shop. Pr\u00e1vne vz\u0165ahy sa riadia Ob\u010dianskym z\u00e1konn\u00edkom a z\u00e1konom \u010d. 108\/2024 Z. z. o ochrane spotrebite\u013ea.<\/p><p dir=\"auto\"><strong>2. Objedn\u00e1vka a uzavretie zmluvy<\/strong> Objedn\u00e1vka sa pod\u00e1va cez e-shop. Zmluva vznik\u00e1 potvrden\u00edm objedn\u00e1vky obchodn\u00edkom e-mailom. Obchodn\u00edk si vyhradzuje pr\u00e1vo objedn\u00e1vku odmietnu\u0165.<\/p><p dir=\"auto\"><strong>3. Cena a platba<\/strong> Ceny s\u00fa uveden\u00e9 vr\u00e1tane DPH a s\u00fa z\u00e1v\u00e4zn\u00e9 v \u010dase objedn\u00e1vky. Platba je mo\u017en\u00e1 online kartou, prevodom alebo dobierkou. Da\u0148ov\u00fd doklad sa zasiela e-mailom alebo s tovarom.<\/p><p dir=\"auto\"><strong>4. Dodanie<\/strong> Tovar sa dod\u00e1va kuri\u00e9rskou slu\u017ebou na uveden\u00fa adresu. Predpokladan\u00e1 lehota dodania je 2\u20135 pracovn\u00fdch dn\u00ed.<\/p><p dir=\"auto\"><strong>5. Odst\u00fapenie od zmluvy<\/strong> Spotrebite\u013e m\u00e1 pr\u00e1vo odst\u00fapi\u0165 od zmluvy do 14 dn\u00ed od prevzatia tovaru bez udania d\u00f4vodu. Na uplatnenie pr\u00e1va m\u00f4\u017ee pou\u017ei\u0165 vzorov\u00fd formul\u00e1r pod\u013ea pr\u00edlohy \u010d. 2 k z\u00e1konu \u010d. 108\/2024 Z. z..\u00a0Obchodn\u00edk vr\u00e1ti v\u0161etky platby najnesk\u00f4r do 14 dn\u00ed od doru\u010denia ozn\u00e1menia o odst\u00fapen\u00ed. Obchodn\u00edk m\u00f4\u017ee zadr\u017ea\u0165 platbu dovtedy, k\u00fdm spotrebite\u013e neodo\u0161le tovar sp\u00e4\u0165 alebo nepreuk\u00e1\u017ee jeho odoslanie. Tovar sa vracia na n\u00e1klady spotrebite\u013ea v p\u00f4vodnom stave.<\/p><p dir=\"auto\"><strong>6. Zodpovednos\u0165 za vady a reklam\u00e1cie<\/strong> Zodpovednos\u0165 za vady sa riadi Ob\u010dianskym z\u00e1konn\u00edkom. Spotrebite\u013e m\u00e1 prim\u00e1rne pr\u00e1vo na opravu alebo v\u00fdmenu. Ak to nie je mo\u017en\u00e9 alebo primeran\u00e9, m\u00f4\u017ee po\u017eadova\u0165 primeran\u00fa z\u013eavu alebo odst\u00fapi\u0165 od zmluvy (s v\u00fdnimkou zanedbate\u013enej vady). Z\u00e1ru\u010dn\u00e1 doba je 24 mesiacov na dosky a 10 rokov na konektory (podrobnosti v sekcii Z\u00e1ruka). Index opravite\u013enosti tovaru nebol v\u00fdrobcom spr\u00edstupnen\u00fd. Reklam\u00e1ciu podajte na <a href=\"mailto:info@gumideck.sk\" target=\"_blank\" rel=\"noopener noreferrer nofollow\">info@gumideck.sk<\/a>. Vybavujeme do 30 dn\u00ed.<\/p><p dir=\"auto\"><strong>7. Ochrana osobn\u00fdch \u00fadajov<\/strong> Osobn\u00e9 \u00fadaje sprac\u00favame pod\u013ea GDPR. Podrobnosti s\u00fa v samostatnom dokumente Ochrana osobn\u00fdch \u00fadajov.<\/p><p dir=\"auto\"><strong>8. Rie\u0161enie sporov<\/strong> Spory rie\u0161ime predov\u0161etk\u00fdm dohodou. Spotrebite\u013e sa m\u00f4\u017ee obr\u00e1ti\u0165 na Slovensk\u00fa obchodn\u00fa in\u0161pekciu alebo in\u00fd subjekt alternat\u00edvneho rie\u0161enia sporov pod\u013ea z\u00e1kona \u010d. 108\/2024 Z. z.<\/p><p dir=\"auto\"><strong>9. Z\u00e1vere\u010dn\u00e9 ustanovenia<\/strong> Potvrden\u00edm objedn\u00e1vky kupuj\u00faci s\u00fahlas\u00ed s t\u00fdmito podmienkami. Obchodn\u00edk si vyhradzuje pr\u00e1vo ich meni\u0165 \u2013 zmeny s\u00fa \u00fa\u010dinn\u00e9 d\u0148om zverejnenia.<\/p>\t\t\t\t\t\t\t\t<\/div>\n\t\t\t\t<\/div>\n\t\t\t\t\t<\/div>\n\t\t\t\t<\/div>\n\t\t\t\t<\/div>\n\t\t","protected":false},"excerpt":{"rendered":"<p>Platn\u00e9 od 31. marca 2026 Obchodn\u00edk: fiftyfifty s. r. o. Mati\u010dn\u00e1 580\/7, 831 03 Bratislava I\u010cO: 44879741, DI\u010c: 2022861621, I\u010c<\/p>\n","protected":false},"author":1,"featured_media":0,"parent":0,"menu_order":0,"comment_status":"closed","ping_status":"closed","template":"elementor_header_footer","meta":{"footnotes":""},"class_list":["post-2160","page","type-page","status-publish","hentry"],"_links":{"self":[{"href":"https:\/\/www.gumideck.sk\/eshop\/wp-json\/wp\/v2\/pages\/2160","targetHints":{"allow":["GET"]}}],"collection":[{"href":"https:\/\/www.gumideck.sk\/eshop\/wp-json\/wp\/v2\/pages"}],"about":[{"href":"https:\/\/www.gumideck.sk\/eshop\/wp-json\/wp\/v2\/types\/page"}],"author":[{"embeddable":true,"href":"https:\/\/www.gumideck.sk\/eshop\/wp-json\/wp\/v2\/users\/1"}],"replies":[{"embeddable":true,"href":"https:\/\/www.gumideck.sk\/eshop\/wp-json\/wp\/v2\/comments?post=2160"}],"version-history":[{"count":14,"href":"https:\/\/www.gumideck.sk\/eshop\/wp-json\/wp\/v2\/pages\/2160\/revisions"}],"predecessor-version":[{"id":3011,"href":"https:\/\/www.gumideck.sk\/eshop\/wp-json\/wp\/v2\/pages\/2160\/revisions\/3011"}],"wp:attachment":[{"href":"https:\/\/www.gumideck.sk\/eshop\/wp-json\/wp\/v2\/media?parent=2160"}],"curies":[{"name":"wp","href":"https:\/\/api.w.org\/{rel}","templated":true}]}}