{"id":23,"date":"2023-06-09T12:24:07","date_gmt":"2023-06-09T12:24:07","guid":{"rendered":"https:\/\/dummy.xtemos.com\/woodmart2\/plants-elementor\/?page_id=23"},"modified":"2026-04-15T11:38:47","modified_gmt":"2026-04-15T09:38:47","slug":"kontakt","status":"publish","type":"page","link":"https:\/\/www.gumideck.sk\/eshop\/kontakt","title":{"rendered":"Kontakt"},"content":{"rendered":"\t\t<div data-elementor-type=\"wp-page\" data-elementor-id=\"23\" class=\"elementor elementor-23\" data-elementor-post-type=\"page\">\n\t\t\t\t<div class=\"wd-negative-gap elementor-element elementor-element-332257d e-flex e-con-boxed e-con e-parent\" data-id=\"332257d\" data-element_type=\"container\" data-e-type=\"container\">\n\t\t\t\t\t<div class=\"e-con-inner\">\n\t\t<div class=\"elementor-element elementor-element-4253820 e-con-full e-flex e-con e-child\" data-id=\"4253820\" data-element_type=\"container\" data-e-type=\"container\">\n\t\t\t\t<div class=\"elementor-element elementor-element-e2e8172 wd-width-100 elementor-widget elementor-widget-wd_title\" data-id=\"e2e8172\" data-element_type=\"widget\" data-e-type=\"widget\" data-widget_type=\"wd_title.default\">\n\t\t\t\t<div class=\"elementor-widget-container\">\n\t\t\t\t\t\t\t<div class=\"title-wrapper wd-set-mb reset-last-child wd-title-color-default wd-title-style-default wd-title-size-default text-left\">\n\n\t\t\t\n\t\t\t<div class=\"liner-continer\">\n\t\t\t\t<h4 class=\"woodmart-title-container title wd-fontsize-l\">M\u00e1te ot\u00e1zky? <br \/>\nKontaktujte n\u00e1s.<\/h4> \n\t\t\t\t\t\t\t<\/div>\n\n\t\t\t\t\t<\/div>\n\t\t\t\t\t\t<\/div>\n\t\t\t\t<\/div>\n\t\t\t\t<div class=\"elementor-element elementor-element-4a45abd elementor-widget elementor-widget-wd_text_block\" data-id=\"4a45abd\" data-element_type=\"widget\" data-e-type=\"widget\" data-widget_type=\"wd_text_block.default\">\n\t\t\t\t<div class=\"elementor-widget-container\">\n\t\t\t\t\t\t\t<div class=\"wd-text-block reset-last-child text-left\">\n\t\t\t\n\t\t\t<p>Tu v\u00e1m odpovieme na v\u0161etky ot\u00e1zky t\u00fdkaj\u00face sa n\u00e1\u0161ho online predaja. Od pondelka do piatku od <strong>9.00<\/strong> do <strong>16.30<\/strong><\/p>\n\t\t\t\t\t<\/div>\n\t\t\t\t\t\t<\/div>\n\t\t\t\t<\/div>\n\t\t\t\t<div class=\"elementor-element elementor-element-e69a8d7 elementor-align-left elementor-widget elementor-widget-button\" data-id=\"e69a8d7\" data-element_type=\"widget\" data-e-type=\"widget\" data-widget_type=\"button.default\">\n\t\t\t\t<div class=\"elementor-widget-container\">\n\t\t\t\t\t\t\t\t\t<div class=\"elementor-button-wrapper\">\n\t\t\t\t\t<a class=\"elementor-button elementor-button-link elementor-size-sm\" href=\"#elementor-action%3Aaction%3Dpopup%3Aopen%26settings%3DeyJpZCI6IjE4NDMiLCJ0b2dnbGUiOmZhbHNlfQ%3D%3D\">\n\t\t\t\t\t\t<span class=\"elementor-button-content-wrapper\">\n\t\t\t\t\t\t\t\t\t<span class=\"elementor-button-text\">Nap\u00ed\u0161te n\u00e1m spr\u00e1vu<\/span>\n\t\t\t\t\t<\/span>\n\t\t\t\t\t<\/a>\n\t\t\t\t<\/div>\n\t\t\t\t\t\t\t\t<\/div>\n\t\t\t\t<\/div>\n\t\t\t\t<div class=\"elementor-element elementor-element-2029e12 elementor-widget elementor-widget-wd_social_buttons\" data-id=\"2029e12\" data-element_type=\"widget\" data-e-type=\"widget\" data-widget_type=\"wd_social_buttons.default\">\n\t\t\t\t<div class=\"elementor-widget-container\">\n\t\t\t\t\t\t\t\t<div\n\t\t\t\t\t\tclass=\" wd-social-icons wd-style-primary wd-size-default social-follow wd-shape-circle color-scheme-dark text-left\">\n\t\t\t\t\n\t\t\t\t\n\t\t\t\t\t\t\t\t\t<a rel=\"noopener noreferrer nofollow\" href=\"https:\/\/www.facebook.com\/gumideck.sk\" target=\"_blank\" class=\" wd-social-icon social-facebook\" aria-label=\"Facebook social link\">\n\t\t\t\t\t\t<span class=\"wd-icon\"><\/span>\n\t\t\t\t\t\t\t\t\t\t\t<\/a>\n\t\t\t\t\n\t\t\t\t\n\t\t\t\t\n\t\t\t\t\n\t\t\t\t\t\t\t\t\t<a rel=\"noopener noreferrer nofollow\" href=\"https:\/\/www.instagram.com\/gumideck.sk\/\" target=\"_blank\" class=\" wd-social-icon social-instagram\" aria-label=\"Instagram social link\">\n\t\t\t\t\t\t<span class=\"wd-icon\"><\/span>\n\t\t\t\t\t\t\t\t\t\t\t<\/a>\n\t\t\t\t\n\t\t\t\t\n\t\t\t\t\n\t\t\t\t\n\t\t\t\t\n\t\t\t\t\n\t\t\t\t\n\t\t\t\t\n\t\t\t\t\n\t\t\t\t\n\t\t\t\t\n\t\t\t\t\n\t\t\t\t\n\t\t\t\t\n\t\t\t\t\n\t\t\t\t\n\t\t\t\t\n\t\t\t\t\n\t\t\t\t\n\t\t\t\t\n\t\t\t\t\n\t\t\t\t\n\t\t\t<\/div>\n\n\t\t\t\t\t\t<\/div>\n\t\t\t\t<\/div>\n\t\t\t\t<\/div>\n\t\t<div class=\"elementor-element elementor-element-24d0cbf e-con-full e-flex e-con e-child\" data-id=\"24d0cbf\" data-element_type=\"container\" data-e-type=\"container\">\n\t\t\t\t<div class=\"elementor-element elementor-element-f002c45 elementor-widget elementor-widget-image\" data-id=\"f002c45\" data-element_type=\"widget\" data-e-type=\"widget\" data-widget_type=\"image.default\">\n\t\t\t\t<div class=\"elementor-widget-container\">\n\t\t\t\t\t\t\t\t\t\t\t\t\t\t\t<img decoding=\"async\" width=\"1920\" height=\"2560\" src=\"https:\/\/www.gumideck.sk\/eshop\/wp-content\/uploads\/sites\/2\/2025\/03\/WhatsApp-Image-2025-03-11-at-17.14.15-scaled-1.jpeg\" class=\"attachment-full size-full wp-image-1812\" alt=\"\" srcset=\"https:\/\/www.gumideck.sk\/eshop\/wp-content\/uploads\/sites\/2\/2025\/03\/WhatsApp-Image-2025-03-11-at-17.14.15-scaled-1.jpeg 1920w, https:\/\/www.gumideck.sk\/eshop\/wp-content\/uploads\/sites\/2\/2025\/03\/WhatsApp-Image-2025-03-11-at-17.14.15-scaled-1-225x300.jpeg 225w, https:\/\/www.gumideck.sk\/eshop\/wp-content\/uploads\/sites\/2\/2025\/03\/WhatsApp-Image-2025-03-11-at-17.14.15-scaled-1-600x800.jpeg 600w, https:\/\/www.gumideck.sk\/eshop\/wp-content\/uploads\/sites\/2\/2025\/03\/WhatsApp-Image-2025-03-11-at-17.14.15-scaled-1-768x1024.jpeg 768w, https:\/\/www.gumideck.sk\/eshop\/wp-content\/uploads\/sites\/2\/2025\/03\/WhatsApp-Image-2025-03-11-at-17.14.15-scaled-1-1152x1536.jpeg 1152w, https:\/\/www.gumideck.sk\/eshop\/wp-content\/uploads\/sites\/2\/2025\/03\/WhatsApp-Image-2025-03-11-at-17.14.15-scaled-1-1536x2048.jpeg 1536w, https:\/\/www.gumideck.sk\/eshop\/wp-content\/uploads\/sites\/2\/2025\/03\/WhatsApp-Image-2025-03-11-at-17.14.15-scaled-1-430x573.jpeg 430w, https:\/\/www.gumideck.sk\/eshop\/wp-content\/uploads\/sites\/2\/2025\/03\/WhatsApp-Image-2025-03-11-at-17.14.15-scaled-1-700x933.jpeg 700w, https:\/\/www.gumideck.sk\/eshop\/wp-content\/uploads\/sites\/2\/2025\/03\/WhatsApp-Image-2025-03-11-at-17.14.15-scaled-1-190x253.jpeg 190w\" sizes=\"(max-width: 1920px) 100vw, 1920px\" \/>\t\t\t\t\t\t\t\t\t\t\t\t\t\t\t<\/div>\n\t\t\t\t<\/div>\n\t\t\t\t<\/div>\n\t\t\t\t\t<\/div>\n\t\t\t\t<\/div>\n\t\t<div class=\"wd-negative-gap elementor-element elementor-element-992c15a e-flex e-con-boxed e-con e-parent\" data-id=\"992c15a\" data-element_type=\"container\" data-e-type=\"container\">\n\t\t\t\t\t<div class=\"e-con-inner\">\n\t\t\t\t<div class=\"elementor-element elementor-element-8665271 elementor-widget-divider--view-line elementor-widget elementor-widget-divider\" data-id=\"8665271\" data-element_type=\"widget\" data-e-type=\"widget\" data-widget_type=\"divider.default\">\n\t\t\t\t<div class=\"elementor-widget-container\">\n\t\t\t\t\t\t\t<div class=\"elementor-divider\">\n\t\t\t<span class=\"elementor-divider-separator\">\n\t\t\t\t\t\t<\/span>\n\t\t<\/div>\n\t\t\t\t\t\t<\/div>\n\t\t\t\t<\/div>\n\t\t\t\t\t<\/div>\n\t\t\t\t<\/div>\n\t\t<div class=\"wd-negative-gap elementor-element elementor-element-3e90fc5 e-flex e-con-boxed e-con e-parent\" data-id=\"3e90fc5\" data-element_type=\"container\" data-e-type=\"container\">\n\t\t\t\t\t<div class=\"e-con-inner\">\n\t\t<div class=\"elementor-element elementor-element-8a3c306 e-con-full e-flex e-con e-child\" data-id=\"8a3c306\" data-element_type=\"container\" data-e-type=\"container\">\n\t\t\t\t<div class=\"elementor-element elementor-element-659be9a elementor-widget__width-auto elementor-widget elementor-widget-wd_text_block\" data-id=\"659be9a\" data-element_type=\"widget\" data-e-type=\"widget\" data-widget_type=\"wd_text_block.default\">\n\t\t\t\t<div class=\"elementor-widget-container\">\n\t\t\t\t\t\t\t<div class=\"wd-text-block reset-last-child text-left color-title\">\n\t\t\t\n\t\t\t<p>Bratislava<\/p>\n\t\t\t\t\t<\/div>\n\t\t\t\t\t\t<\/div>\n\t\t\t\t<\/div>\n\t\t\t\t<div class=\"elementor-element elementor-element-80e718d elementor-widget__width-auto elementor-widget elementor-widget-wd_image_or_svg\" data-id=\"80e718d\" data-element_type=\"widget\" data-e-type=\"widget\" data-widget_type=\"wd_image_or_svg.default\">\n\t\t\t\t<div class=\"elementor-widget-container\">\n\t\t\t\t\t\n\t\t<div class=\"wd-image text-left\">\n\t\t\t\t\t\t\t\t<img decoding=\"async\"  src=\"https:\/\/www.gumideck.sk\/eshop\/wp-content\/uploads\/sites\/2\/2023\/06\/arrow.svg\" title=\"arrow\" width=\"17\" height=\"17\">\t\t\t\t\t<\/div>\n\n\t\t\t\t\t\t<\/div>\n\t\t\t\t<\/div>\n\t\t\t\t<\/div>\n\t\t<div class=\"elementor-element elementor-element-5746116 e-con-full e-flex e-con e-child\" data-id=\"5746116\" data-element_type=\"container\" data-e-type=\"container\">\n\t\t<div class=\"elementor-element elementor-element-2625dbe e-con-full e-flex e-con e-child\" data-id=\"2625dbe\" data-element_type=\"container\" data-e-type=\"container\">\n\t\t<div class=\"elementor-element elementor-element-bc6d2d9 e-con-full e-flex e-con e-child\" data-id=\"bc6d2d9\" data-element_type=\"container\" data-e-type=\"container\">\n\t\t\t\t<div class=\"elementor-element elementor-element-ac41a46 elementor-widget elementor-widget-wd_text_block\" data-id=\"ac41a46\" data-element_type=\"widget\" data-e-type=\"widget\" data-widget_type=\"wd_text_block.default\">\n\t\t\t\t<div class=\"elementor-widget-container\">\n\t\t\t\t\t\t\t<div class=\"wd-text-block reset-last-child text-left color-title\">\n\t\t\t\n\t\t\t<p>Telef\u00f3n:<\/p>\n\t\t\t\t\t<\/div>\n\t\t\t\t\t\t<\/div>\n\t\t\t\t<\/div>\n\t\t\t\t<\/div>\n\t\t<div class=\"elementor-element elementor-element-850b472 e-con-full e-flex e-con e-child\" data-id=\"850b472\" data-element_type=\"container\" data-e-type=\"container\">\n\t\t\t\t<div class=\"elementor-element elementor-element-09e4764 elementor-widget elementor-widget-wd_text_block\" data-id=\"09e4764\" data-element_type=\"widget\" data-e-type=\"widget\" data-widget_type=\"wd_text_block.default\">\n\t\t\t\t<div class=\"elementor-widget-container\">\n\t\t\t\t\t\t\t<div class=\"wd-text-block reset-last-child text-left\">\n\t\t\t\n\t\t\t<p><a href=\"tel:0903163163\" data-wplink-edit=\"true\">0903 163 163<\/a><\/p>\n\t\t\t\t\t<\/div>\n\t\t\t\t\t\t<\/div>\n\t\t\t\t<\/div>\n\t\t\t\t<\/div>\n\t\t<div class=\"elementor-element elementor-element-0c85b90 elementor-hidden-mobile e-con-full e-flex e-con e-child\" data-id=\"0c85b90\" data-element_type=\"container\" data-e-type=\"container\">\n\t\t\t\t<\/div>\n\t\t\t\t<\/div>\n\t\t<div class=\"elementor-element elementor-element-377387a e-con-full e-flex e-con e-child\" data-id=\"377387a\" data-element_type=\"container\" data-e-type=\"container\">\n\t\t<div class=\"elementor-element elementor-element-b73e04d e-con-full e-flex e-con e-child\" data-id=\"b73e04d\" data-element_type=\"container\" data-e-type=\"container\">\n\t\t\t\t<div class=\"elementor-element elementor-element-f532bce elementor-widget elementor-widget-wd_text_block\" data-id=\"f532bce\" data-element_type=\"widget\" data-e-type=\"widget\" data-widget_type=\"wd_text_block.default\">\n\t\t\t\t<div class=\"elementor-widget-container\">\n\t\t\t\t\t\t\t<div class=\"wd-text-block reset-last-child text-left color-title\">\n\t\t\t\n\t\t\t<p>Email:<\/p>\n\t\t\t\t\t<\/div>\n\t\t\t\t\t\t<\/div>\n\t\t\t\t<\/div>\n\t\t\t\t<\/div>\n\t\t<div class=\"elementor-element elementor-element-672d544 e-con-full e-flex e-con e-child\" data-id=\"672d544\" data-element_type=\"container\" data-e-type=\"container\">\n\t\t\t\t<div class=\"elementor-element elementor-element-b4c1144 elementor-widget elementor-widget-wd_text_block\" data-id=\"b4c1144\" data-element_type=\"widget\" data-e-type=\"widget\" data-widget_type=\"wd_text_block.default\">\n\t\t\t\t<div class=\"elementor-widget-container\">\n\t\t\t\t\t\t\t<div class=\"wd-text-block reset-last-child text-left\">\n\t\t\t\n\t\t\t<p><a href=\"mailto:%20info@gumideck.sk\"><span class=\"elementor-icon-list-text\">info@gumideck.sk<\/span><\/a><\/p>\n\t\t\t\t\t<\/div>\n\t\t\t\t\t\t<\/div>\n\t\t\t\t<\/div>\n\t\t\t\t<\/div>\n\t\t<div class=\"elementor-element elementor-element-b93b04d elementor-hidden-mobile e-con-full e-flex e-con e-child\" data-id=\"b93b04d\" data-element_type=\"container\" data-e-type=\"container\">\n\t\t\t\t<\/div>\n\t\t\t\t<\/div>\n\t\t<div class=\"elementor-element elementor-element-76e6fcf e-con-full e-flex e-con e-child\" data-id=\"76e6fcf\" data-element_type=\"container\" data-e-type=\"container\">\n\t\t<div class=\"elementor-element elementor-element-2ef873c e-con-full e-flex e-con e-child\" data-id=\"2ef873c\" data-element_type=\"container\" data-e-type=\"container\">\n\t\t\t\t<div class=\"elementor-element elementor-element-b82767c elementor-widget elementor-widget-wd_text_block\" data-id=\"b82767c\" data-element_type=\"widget\" data-e-type=\"widget\" data-widget_type=\"wd_text_block.default\">\n\t\t\t\t<div class=\"elementor-widget-container\">\n\t\t\t\t\t\t\t<div class=\"wd-text-block reset-last-child text-left color-title\">\n\t\t\t\n\t\t\t<p>Adresa:<\/p>\n\t\t\t\t\t<\/div>\n\t\t\t\t\t\t<\/div>\n\t\t\t\t<\/div>\n\t\t\t\t<\/div>\n\t\t<div class=\"elementor-element elementor-element-49f04bb e-con-full e-flex e-con e-child\" data-id=\"49f04bb\" data-element_type=\"container\" data-e-type=\"container\">\n\t\t\t\t<div class=\"elementor-element elementor-element-f0266c0 elementor-widget elementor-widget-wd_text_block\" data-id=\"f0266c0\" data-element_type=\"widget\" data-e-type=\"widget\" data-widget_type=\"wd_text_block.default\">\n\t\t\t\t<div class=\"elementor-widget-container\">\n\t\t\t\t\t\t\t<div class=\"wd-text-block reset-last-child text-left\">\n\t\t\t\n\t\t\t<p><span class=\"elementor-icon-list-text\">Bratislava - Sklad<\/span><\/p><p>Star\u00e1 Vajnorsk\u00e1 11, Bratislava<\/p>\n\t\t\t\t\t<\/div>\n\t\t\t\t\t\t<\/div>\n\t\t\t\t<\/div>\n\t\t\t\t<\/div>\n\t\t<div class=\"elementor-element elementor-element-a14e403 elementor-hidden-mobile e-con-full e-flex e-con e-child\" data-id=\"a14e403\" data-element_type=\"container\" data-e-type=\"container\">\n\t\t\t\t<\/div>\n\t\t\t\t<\/div>\n\t\t\t\t<\/div>\n\t\t\t\t\t<\/div>\n\t\t\t\t<\/div>\n\t\t\t\t<\/div>\n\t\t","protected":false},"excerpt":{"rendered":"<p>M\u00e1te ot\u00e1zky? Kontaktujte n\u00e1s. Tu v\u00e1m odpovieme na v\u0161etky ot\u00e1zky t\u00fdkaj\u00face sa n\u00e1\u0161ho online predaja. Od pondelka do piatku od<\/p>\n","protected":false},"author":1,"featured_media":0,"parent":0,"menu_order":0,"comment_status":"closed","ping_status":"closed","template":"","meta":{"footnotes":""},"class_list":["post-23","page","type-page","status-publish","hentry"],"_links":{"self":[{"href":"https:\/\/www.gumideck.sk\/eshop\/wp-json\/wp\/v2\/pages\/23","targetHints":{"allow":["GET"]}}],"collection":[{"href":"https:\/\/www.gumideck.sk\/eshop\/wp-json\/wp\/v2\/pages"}],"about":[{"href":"https:\/\/www.gumideck.sk\/eshop\/wp-json\/wp\/v2\/types\/page"}],"author":[{"embeddable":true,"href":"https:\/\/www.gumideck.sk\/eshop\/wp-json\/wp\/v2\/users\/1"}],"replies":[{"embeddable":true,"href":"https:\/\/www.gumideck.sk\/eshop\/wp-json\/wp\/v2\/comments?post=23"}],"version-history":[{"count":42,"href":"https:\/\/www.gumideck.sk\/eshop\/wp-json\/wp\/v2\/pages\/23\/revisions"}],"predecessor-version":[{"id":3058,"href":"https:\/\/www.gumideck.sk\/eshop\/wp-json\/wp\/v2\/pages\/23\/revisions\/3058"}],"wp:attachment":[{"href":"https:\/\/www.gumideck.sk\/eshop\/wp-json\/wp\/v2\/media?parent=23"}],"curies":[{"name":"wp","href":"https:\/\/api.w.org\/{rel}","templated":true}]}}