{"id":1511,"date":"2025-03-11T16:43:31","date_gmt":"2025-03-11T15:43:31","guid":{"rendered":"https:\/\/www.gumideck.sk\/eshop\/?post_type=product&#038;p=1511"},"modified":"2026-02-14T19:48:25","modified_gmt":"2026-02-14T18:48:25","slug":"ozdobny-dreveny-kvetinac-nenatrety-26-cm-x-855-cm-x-275-cm","status":"publish","type":"product","link":"https:\/\/www.gumideck.sk\/eshop\/ozdobny-dreveny-kvetinac-nenatrety-26-cm-x-855-cm-x-275-cm","title":{"rendered":"Ozdobn\u00fd dreven\u00fd kvetin\u00e1\u010d, exotick\u00e9 drevo, nenaolejovan\u00fd"},"content":{"rendered":"<div class=\"elementor-element elementor-element-b7eccba wd-single-tabs wd-width-100 elementor-widget elementor-widget-wd_single_product_tabs\" data-id=\"b7eccba\" data-element_type=\"widget\" data-widget_type=\"wd_single_product_tabs.default\">\n<div class=\"elementor-widget-container\">\n<div class=\"woocommerce-tabs wc-tabs-wrapper\" data-state=\"first\" data-layout=\"tabs\">\n<div id=\"tab-description\" class=\"woocommerce-Tabs-panel panel entry-content wc-tab woocommerce-Tabs-panel--description\" role=\"tabpanel\" aria-labelledby=\"tab-title-description\" data-accordion-index=\"description\">\n<p>Kvetin\u00e1\u010de z kolekcie GUMI s\u00fa vynikaj\u00facim sp\u00f4sobom, ako skr\u00e1\u0161li\u0165 ka\u017ed\u00fd balk\u00f3n alebo terasu.<\/p>\n<p>Pozornos\u0165 venovan\u00e1 detailom spracovania, starostlivo vybran\u00e9 dosky s upraven\u00fdmi hranami, najkvalitnej\u0161ie materi\u00e1ly:<\/p>\n<ul>\n<li>Keruing exotick\u00e9 drevo, odoln\u00e9 vo\u010di vonkaj\u0161\u00edm podmienkam a ve\u013emi trvanliv\u00e9<\/li>\n<li>kon\u0161trukcia, ktor\u00e1 umo\u017e\u0148uje vo\u013en\u00fd prietok vody;<\/li>\n<li>skrutky, vhodn\u00e9 na drevo pou\u017e\u00edvan\u00e9 v exteri\u00e9ri<\/li>\n<\/ul>\n<p>Kvetin\u00e1\u010d je ur\u010den\u00fd na to, aby ste si ho mohli sami naolejova\u0165. S\u00faprava na olejovanie kvetin\u00e1\u010dov je k dispoz\u00edcii samostatne. To v\u0161etko rob\u00ed z na\u0161ich kvetin\u00e1\u010dov vynikaj\u00facu vo\u013ebu pre t\u00fdch, ktor\u00ed oce\u0148uj\u00fa kr\u00e1su pr\u00edrodn\u00e9ho dreva a sol\u00eddnos\u0165 ich spracovania.<\/p>\n<p>S\u00fa\u010das\u0165ou v\u00fdrobku je kvetin\u00e1\u010d vyroben\u00fd z exotick\u00e9ho dreva a 4 plastov\u00e9 vlo\u017eky do kvetin\u00e1\u010da. (rastliny zobrazen\u00e9 na vybran\u00fdch fotografi\u00e1ch nie s\u00fa s\u00fa\u010das\u0165ou pon\u00fakanej sady kvetin\u00e1\u010dov a nie s\u00fa predmetom predaja)<\/p>\n<p>Rozmery: 26 cm x 85,5 cm x 27,5 cm (V x \u0160 x H )<\/p>\n<\/div>\n<\/div>\n<\/div>\n<\/div>\n<div class=\"elementor-element elementor-element-ec6ef33 elementor-widget-divider--view-line elementor-widget elementor-widget-divider\" data-id=\"ec6ef33\" data-element_type=\"widget\" data-widget_type=\"divider.default\">\n<div class=\"elementor-widget-container\">\n<div class=\"elementor-divider\"><\/div>\n<\/div>\n<\/div>\n","protected":false},"excerpt":{"rendered":"<p>Kvetin\u00e1\u010de z kolekcie GUMI s\u00fa vynikaj\u00facim sp\u00f4sobom, ako skr\u00e1\u0161li\u0165 ka\u017ed\u00fd balk\u00f3n alebo terasu.<\/p>\n<p>Rozmery: 26 cm x 85,5 cm x 27,5 cm (V x \u0160 x H )<\/p>\n<div class=\"elementor-element elementor-element-ec6ef33 elementor-widget-divider--view-line elementor-widget elementor-widget-divider\" data-id=\"ec6ef33\" data-element_type=\"widget\" data-widget_type=\"divider.default\">\n<div class=\"elementor-widget-container\">\n<div class=\"elementor-divider\"><\/div>\n<\/div>\n<\/div>\n","protected":false},"featured_media":997,"template":"","meta":[],"product_brand":[],"product_cat":[44],"product_tag":[],"class_list":{"0":"post-1511","1":"product","2":"type-product","3":"status-publish","4":"has-post-thumbnail","6":"product_cat-kvetinace","8":"first","9":"instock","10":"taxable","11":"shipping-taxable","12":"purchasable","13":"product-type-simple"},"_links":{"self":[{"href":"https:\/\/www.gumideck.sk\/eshop\/wp-json\/wp\/v2\/product\/1511","targetHints":{"allow":["GET"]}}],"collection":[{"href":"https:\/\/www.gumideck.sk\/eshop\/wp-json\/wp\/v2\/product"}],"about":[{"href":"https:\/\/www.gumideck.sk\/eshop\/wp-json\/wp\/v2\/types\/product"}],"version-history":[{"count":7,"href":"https:\/\/www.gumideck.sk\/eshop\/wp-json\/wp\/v2\/product\/1511\/revisions"}],"predecessor-version":[{"id":2771,"href":"https:\/\/www.gumideck.sk\/eshop\/wp-json\/wp\/v2\/product\/1511\/revisions\/2771"}],"wp:featuredmedia":[{"embeddable":true,"href":"https:\/\/www.gumideck.sk\/eshop\/wp-json\/wp\/v2\/media\/997"}],"wp:attachment":[{"href":"https:\/\/www.gumideck.sk\/eshop\/wp-json\/wp\/v2\/media?parent=1511"}],"wp:term":[{"taxonomy":"product_brand","embeddable":true,"href":"https:\/\/www.gumideck.sk\/eshop\/wp-json\/wp\/v2\/product_brand?post=1511"},{"taxonomy":"product_cat","embeddable":true,"href":"https:\/\/www.gumideck.sk\/eshop\/wp-json\/wp\/v2\/product_cat?post=1511"},{"taxonomy":"product_tag","embeddable":true,"href":"https:\/\/www.gumideck.sk\/eshop\/wp-json\/wp\/v2\/product_tag?post=1511"}],"curies":[{"name":"wp","href":"https:\/\/api.w.org\/{rel}","templated":true}]}}