{"id":1515,"date":"2025-03-11T16:43:31","date_gmt":"2025-03-11T15:43:31","guid":{"rendered":"https:\/\/www.gumideck.sk\/eshop\/?post_type=product&#038;p=1515"},"modified":"2026-02-14T20:05:46","modified_gmt":"2026-02-14T19:05:46","slug":"konektory-gumi-balenie-80-kusov","status":"publish","type":"product","link":"https:\/\/www.gumideck.sk\/eshop\/konektory-gumi-balenie-80-kusov","title":{"rendered":"Konektory GUMI"},"content":{"rendered":"<p>Konektory GUMI zo syntetickej gumy, ktor\u00e9 sl\u00fa\u017eia na sp\u00e1janie dreven\u00fdch terasov\u00fdch dosiek GUMI Wood alebo WPC terasov\u00fdch dosiek GUMI Composite. Balenie 80 kusov.<\/p>\n","protected":false},"excerpt":{"rendered":"<p>Konektory GUMI zo syntetickej gumy, 80 kusov.<\/p>\n","protected":false},"featured_media":1018,"template":"","meta":[],"product_brand":[],"product_cat":[46],"product_tag":[],"class_list":{"0":"post-1515","1":"product","2":"type-product","3":"status-publish","4":"has-post-thumbnail","6":"product_cat-montazne-prislusenstvo","8":"first","9":"instock","10":"taxable","11":"shipping-taxable","12":"purchasable","13":"product-type-simple"},"_links":{"self":[{"href":"https:\/\/www.gumideck.sk\/eshop\/wp-json\/wp\/v2\/product\/1515","targetHints":{"allow":["GET"]}}],"collection":[{"href":"https:\/\/www.gumideck.sk\/eshop\/wp-json\/wp\/v2\/product"}],"about":[{"href":"https:\/\/www.gumideck.sk\/eshop\/wp-json\/wp\/v2\/types\/product"}],"version-history":[{"count":3,"href":"https:\/\/www.gumideck.sk\/eshop\/wp-json\/wp\/v2\/product\/1515\/revisions"}],"predecessor-version":[{"id":2885,"href":"https:\/\/www.gumideck.sk\/eshop\/wp-json\/wp\/v2\/product\/1515\/revisions\/2885"}],"wp:featuredmedia":[{"embeddable":true,"href":"https:\/\/www.gumideck.sk\/eshop\/wp-json\/wp\/v2\/media\/1018"}],"wp:attachment":[{"href":"https:\/\/www.gumideck.sk\/eshop\/wp-json\/wp\/v2\/media?parent=1515"}],"wp:term":[{"taxonomy":"product_brand","embeddable":true,"href":"https:\/\/www.gumideck.sk\/eshop\/wp-json\/wp\/v2\/product_brand?post=1515"},{"taxonomy":"product_cat","embeddable":true,"href":"https:\/\/www.gumideck.sk\/eshop\/wp-json\/wp\/v2\/product_cat?post=1515"},{"taxonomy":"product_tag","embeddable":true,"href":"https:\/\/www.gumideck.sk\/eshop\/wp-json\/wp\/v2\/product_tag?post=1515"}],"curies":[{"name":"wp","href":"https:\/\/api.w.org\/{rel}","templated":true}]}}