{"id":1516,"date":"2025-03-11T16:43:31","date_gmt":"2025-03-11T15:43:31","guid":{"rendered":"https:\/\/www.gumideck.sk\/eshop\/?post_type=product&#038;p=1516"},"modified":"2026-02-14T19:27:05","modified_gmt":"2026-02-14T18:27:05","slug":"box-a1-naolejovane-dosky-16-ks-21x70x70-mm-a-spojky","status":"publish","type":"product","link":"https:\/\/www.gumideck.sk\/eshop\/box-a1-naolejovane-dosky-16-ks-21x70x70-mm-a-spojky","title":{"rendered":"BigBox A1 &#8211; Terasov\u00e1 doska, olejovan\u00e1"},"content":{"rendered":"<p>BigBox A1 obsahuje 16 tov\u00e1rensky naolejovan\u00fdch terasov\u00fdch dosiek TERMOJASE\u0147 (modul A1, rozmery: 21x70x70 mm) s 32 konektormi GUMI zo syntetickej gumy. Dosky a konektory tvoria komplet pripraven\u00fd na mont\u00e1\u017e terasy. Certifik\u00e1ty dreva: FSC, ITD. Syst\u00e9mov\u00e9 certifik\u00e1ty: TUV, CE.<\/p>\n<ul>\n<li>Druh dreva Termojase\u0148<\/li>\n<li>Trieda pevnosti dreva I (prv\u00e1)<\/li>\n<li>Povrchov\u00e1 \u00faprava dreva<\/li>\n<li>Ekologick\u00fd olej na b\u00e1ze vody<\/li>\n<li>Trieda kvality dreva Natur<\/li>\n<li>Po\u010det dosiek [ks] 16<\/li>\n<li>Po\u010det konektorov v balen\u00ed [ks] 32<\/li>\n<li>Po\u010det m2 terasy v balen\u00ed 0,088<\/li>\n<li>Hmotnos\u0165 balenia [kg] 1,34<\/li>\n<li>Rozmer balenia [mm] 100x290x136<\/li>\n<li>Z\u00e1ruka 2 roky dosky \/ 10 rokov spojovac\u00ed materi\u00e1l<\/li>\n<\/ul>\n","protected":false},"excerpt":{"rendered":"<p>BigBox A1 obsahuje 16 tov\u00e1rensky naolejovan\u00fdch terasov\u00fdch dosiek TERMOJASE\u0147 (modul A1, rozmery: 21x70x70 mm) s 32 konektormi GUMI zo syntetickej gumy.<\/p>\n","protected":false},"featured_media":1030,"template":"","meta":[],"product_brand":[],"product_cat":[47,48],"product_tag":[],"class_list":{"0":"post-1516","1":"product","2":"type-product","3":"status-publish","4":"has-post-thumbnail","6":"product_cat-gumi-wood","7":"product_cat-krabicove-balenie","9":"first","10":"instock","11":"taxable","12":"shipping-taxable","13":"purchasable","14":"product-type-simple"},"_links":{"self":[{"href":"https:\/\/www.gumideck.sk\/eshop\/wp-json\/wp\/v2\/product\/1516","targetHints":{"allow":["GET"]}}],"collection":[{"href":"https:\/\/www.gumideck.sk\/eshop\/wp-json\/wp\/v2\/product"}],"about":[{"href":"https:\/\/www.gumideck.sk\/eshop\/wp-json\/wp\/v2\/types\/product"}],"version-history":[{"count":4,"href":"https:\/\/www.gumideck.sk\/eshop\/wp-json\/wp\/v2\/product\/1516\/revisions"}],"predecessor-version":[{"id":2825,"href":"https:\/\/www.gumideck.sk\/eshop\/wp-json\/wp\/v2\/product\/1516\/revisions\/2825"}],"wp:featuredmedia":[{"embeddable":true,"href":"https:\/\/www.gumideck.sk\/eshop\/wp-json\/wp\/v2\/media\/1030"}],"wp:attachment":[{"href":"https:\/\/www.gumideck.sk\/eshop\/wp-json\/wp\/v2\/media?parent=1516"}],"wp:term":[{"taxonomy":"product_brand","embeddable":true,"href":"https:\/\/www.gumideck.sk\/eshop\/wp-json\/wp\/v2\/product_brand?post=1516"},{"taxonomy":"product_cat","embeddable":true,"href":"https:\/\/www.gumideck.sk\/eshop\/wp-json\/wp\/v2\/product_cat?post=1516"},{"taxonomy":"product_tag","embeddable":true,"href":"https:\/\/www.gumideck.sk\/eshop\/wp-json\/wp\/v2\/product_tag?post=1516"}],"curies":[{"name":"wp","href":"https:\/\/api.w.org\/{rel}","templated":true}]}}