{"id":1529,"date":"2025-03-11T16:43:32","date_gmt":"2025-03-11T15:43:32","guid":{"rendered":"https:\/\/www.gumideck.sk\/eshop\/?post_type=product&#038;p=1529"},"modified":"2026-02-14T19:25:42","modified_gmt":"2026-02-14T18:25:42","slug":"balenie-a7-terasove-dosky-olejovane-2-ks-21x70x514-mm-a-konektory","status":"publish","type":"product","link":"https:\/\/www.gumideck.sk\/eshop\/balenie-a7-terasove-dosky-olejovane-2-ks-21x70x514-mm-a-konektory","title":{"rendered":"Balenie A7 &#8211; Terasov\u00e1 doska, olejovan\u00e1"},"content":{"rendered":"<p>Balenie A7 obsahuje 2 tov\u00e1rensky naolejovan\u00e9 terasov\u00e9 dosky TERMOJASE\u0147 (modul A7, rozmery: 21x70x514mm) s 10 konektormi GUMI zo syntetickej gumy. Dosky a konektory tvoria komplet pripraven\u00fd na mont\u00e1\u017e terasy.<\/p>\n<ul>\n<li>Druh dreva Termojase\u0148<\/li>\n<li>Trieda pevnosti dreva I (prv\u00e1)<\/li>\n<li>Povrchov\u00e1 \u00faprava dreva<\/li>\n<li>Ekologick\u00fd olej na b\u00e1ze vody<\/li>\n<li>Trieda kvality dreva Natur<\/li>\n<li>Po\u010det dosiek [ks] 2<\/li>\n<li>Po\u010det konektorov v balen\u00ed [ks] 10<\/li>\n<li>Po\u010det m2 terasy v balen\u00ed 0,077<\/li>\n<li>Hmotnos\u0165 balenia [kg] 1,01<\/li>\n<li>Rozmer balenia [mm] 620x70x40<\/li>\n<li>Z\u00e1ruka 2 roky dosky \/ 10 rokov na spojovac\u00ed materi\u00e1l<\/li>\n<\/ul>\n","protected":false},"excerpt":{"rendered":"<p>Balenie A7 obsahuje 2 tov\u00e1rensky naolejovan\u00e9 terasov\u00e9 dosky TERMOJASE\u0147 (modul A7, rozmery: 21x70x514mm) s 10 konektormi GUMI zo syntetickej gumy.<\/p>\n","protected":false},"featured_media":1055,"template":"","meta":[],"product_brand":[],"product_cat":[47,48],"product_tag":[],"class_list":{"0":"post-1529","1":"product","2":"type-product","3":"status-publish","4":"has-post-thumbnail","6":"product_cat-gumi-wood","7":"product_cat-krabicove-balenie","9":"first","10":"instock","11":"taxable","12":"shipping-taxable","13":"purchasable","14":"product-type-simple"},"_links":{"self":[{"href":"https:\/\/www.gumideck.sk\/eshop\/wp-json\/wp\/v2\/product\/1529","targetHints":{"allow":["GET"]}}],"collection":[{"href":"https:\/\/www.gumideck.sk\/eshop\/wp-json\/wp\/v2\/product"}],"about":[{"href":"https:\/\/www.gumideck.sk\/eshop\/wp-json\/wp\/v2\/types\/product"}],"version-history":[{"count":5,"href":"https:\/\/www.gumideck.sk\/eshop\/wp-json\/wp\/v2\/product\/1529\/revisions"}],"predecessor-version":[{"id":2823,"href":"https:\/\/www.gumideck.sk\/eshop\/wp-json\/wp\/v2\/product\/1529\/revisions\/2823"}],"wp:featuredmedia":[{"embeddable":true,"href":"https:\/\/www.gumideck.sk\/eshop\/wp-json\/wp\/v2\/media\/1055"}],"wp:attachment":[{"href":"https:\/\/www.gumideck.sk\/eshop\/wp-json\/wp\/v2\/media?parent=1529"}],"wp:term":[{"taxonomy":"product_brand","embeddable":true,"href":"https:\/\/www.gumideck.sk\/eshop\/wp-json\/wp\/v2\/product_brand?post=1529"},{"taxonomy":"product_cat","embeddable":true,"href":"https:\/\/www.gumideck.sk\/eshop\/wp-json\/wp\/v2\/product_cat?post=1529"},{"taxonomy":"product_tag","embeddable":true,"href":"https:\/\/www.gumideck.sk\/eshop\/wp-json\/wp\/v2\/product_tag?post=1529"}],"curies":[{"name":"wp","href":"https:\/\/api.w.org\/{rel}","templated":true}]}}