{"id":1530,"date":"2025-03-11T16:43:32","date_gmt":"2025-03-11T15:43:32","guid":{"rendered":"https:\/\/www.gumideck.sk\/eshop\/?post_type=product&#038;p=1530"},"modified":"2026-02-14T19:26:26","modified_gmt":"2026-02-14T18:26:26","slug":"balenie-l7-vyplnovy-pas-2-ks-dosiek-514-mm","status":"publish","type":"product","link":"https:\/\/www.gumideck.sk\/eshop\/balenie-l7-vyplnovy-pas-2-ks-dosiek-514-mm","title":{"rendered":"Balenie L7- V\u00fdpl\u0148ov\u00e1 li\u0161ta, olejovan\u00e1"},"content":{"rendered":"<p>Balenie L7 obsahuje 2 tov\u00e1rensky naolejovan\u00e9 v\u00fdpl\u0148ov\u00e9 li\u0161ty TERMOJASE\u0147 (modul L7, rozmery: 21x24x514 mm). Li\u0161ta umo\u017e\u0148uje vyplni\u0165 miesta, kam sa \u0161tandardn\u00e1 doska so \u0161\u00edrkou 70 mm nezmest\u00ed. Je k dispoz\u00edcii len v d\u013a\u017eke 514 mm. Konektory GUMI zo syntetickej gumy nie s\u00fa s\u00fa\u010das\u0165ou balenia.<\/p>\n<ul>\n<li>Druh dreva Termojase\u0148<\/li>\n<li>Trieda pevnosti dreva I (prv\u00e1)<\/li>\n<li>Povrchov\u00e1 \u00faprava dreva<\/li>\n<li>Ekologick\u00fd olej na b\u00e1ze vody<\/li>\n<li>Trieda kvality dreva Natur<\/li>\n<li>Po\u010det dosiek [ks] 2<\/li>\n<li>Po\u010det konektorov v balen\u00ed [ks] 0<\/li>\n<li>Hmotnos\u0165 balenia [kg] 0,50<\/li>\n<li>Z\u00e1ruka 2 roky dosky \/ 10 rokov na spojovac\u00ed materi\u00e1l<\/li>\n<\/ul>\n","protected":false},"excerpt":{"rendered":"<p>Balenie L7 obsahuje 2 tov\u00e1rensky naolejovan\u00e9 v\u00fdpl\u0148ov\u00e9 li\u0161ty TERMOJASE\u0147 (modul L7, rozmery: 21x24x514 mm). Konektory GUMI zo syntetickej gumy nie s\u00fa s\u00fa\u010das\u0165ou balenia.<\/p>\n","protected":false},"featured_media":1057,"template":"","meta":[],"product_brand":[],"product_cat":[47,48],"product_tag":[],"class_list":{"0":"post-1530","1":"product","2":"type-product","3":"status-publish","4":"has-post-thumbnail","6":"product_cat-gumi-wood","7":"product_cat-krabicove-balenie","9":"first","10":"instock","11":"taxable","12":"shipping-taxable","13":"purchasable","14":"product-type-simple"},"_links":{"self":[{"href":"https:\/\/www.gumideck.sk\/eshop\/wp-json\/wp\/v2\/product\/1530","targetHints":{"allow":["GET"]}}],"collection":[{"href":"https:\/\/www.gumideck.sk\/eshop\/wp-json\/wp\/v2\/product"}],"about":[{"href":"https:\/\/www.gumideck.sk\/eshop\/wp-json\/wp\/v2\/types\/product"}],"version-history":[{"count":7,"href":"https:\/\/www.gumideck.sk\/eshop\/wp-json\/wp\/v2\/product\/1530\/revisions"}],"predecessor-version":[{"id":2824,"href":"https:\/\/www.gumideck.sk\/eshop\/wp-json\/wp\/v2\/product\/1530\/revisions\/2824"}],"wp:featuredmedia":[{"embeddable":true,"href":"https:\/\/www.gumideck.sk\/eshop\/wp-json\/wp\/v2\/media\/1057"}],"wp:attachment":[{"href":"https:\/\/www.gumideck.sk\/eshop\/wp-json\/wp\/v2\/media?parent=1530"}],"wp:term":[{"taxonomy":"product_brand","embeddable":true,"href":"https:\/\/www.gumideck.sk\/eshop\/wp-json\/wp\/v2\/product_brand?post=1530"},{"taxonomy":"product_cat","embeddable":true,"href":"https:\/\/www.gumideck.sk\/eshop\/wp-json\/wp\/v2\/product_cat?post=1530"},{"taxonomy":"product_tag","embeddable":true,"href":"https:\/\/www.gumideck.sk\/eshop\/wp-json\/wp\/v2\/product_tag?post=1530"}],"curies":[{"name":"wp","href":"https:\/\/api.w.org\/{rel}","templated":true}]}}