{"id":1531,"date":"2025-03-11T16:43:32","date_gmt":"2025-03-11T15:43:32","guid":{"rendered":"https:\/\/www.gumideck.sk\/eshop\/?post_type=product&#038;p=1531"},"modified":"2026-02-16T14:57:00","modified_gmt":"2026-02-16T13:57:00","slug":"400-mm-rucna-pila","status":"publish","type":"product","link":"https:\/\/www.gumideck.sk\/eshop\/400-mm-rucna-pila","title":{"rendered":"Ru\u010dn\u00e1 p\u00edla na drevo"},"content":{"rendered":"<p>Ru\u010dn\u00e1 p\u00edla na presn\u00e9 rezanie dreva.<\/p>\n<p><strong>V\u00fdhody\/pr\u00ednos<\/strong>: Vysokokvalitn\u00e1 oce\u013e. Ve\u013emi vhodn\u00e1 na rezanie dosiek GUMI.<\/p>\n<p><strong>Pracovn\u00e1 d\u013a\u017eka<\/strong>: 400 mm<\/p>\n<p><strong>Typ rukov\u00e4te<\/strong>: Plastov\u00e1 rukov\u00e4\u0165 s pogumovanou \u00fachytkou.<\/p>\n","protected":false},"excerpt":{"rendered":"<p>Ru\u010dn\u00e1 p\u00edla na presn\u00e9 rezanie dreva. D\u013a\u017eka: 400 mm.<\/p>\n","protected":false},"featured_media":1060,"template":"","meta":[],"product_brand":[],"product_cat":[46],"product_tag":[],"class_list":{"0":"post-1531","1":"product","2":"type-product","3":"status-publish","4":"has-post-thumbnail","6":"product_cat-montazne-prislusenstvo","8":"first","9":"instock","10":"taxable","11":"shipping-taxable","12":"purchasable","13":"product-type-simple"},"_links":{"self":[{"href":"https:\/\/www.gumideck.sk\/eshop\/wp-json\/wp\/v2\/product\/1531","targetHints":{"allow":["GET"]}}],"collection":[{"href":"https:\/\/www.gumideck.sk\/eshop\/wp-json\/wp\/v2\/product"}],"about":[{"href":"https:\/\/www.gumideck.sk\/eshop\/wp-json\/wp\/v2\/types\/product"}],"version-history":[{"count":6,"href":"https:\/\/www.gumideck.sk\/eshop\/wp-json\/wp\/v2\/product\/1531\/revisions"}],"predecessor-version":[{"id":2889,"href":"https:\/\/www.gumideck.sk\/eshop\/wp-json\/wp\/v2\/product\/1531\/revisions\/2889"}],"wp:featuredmedia":[{"embeddable":true,"href":"https:\/\/www.gumideck.sk\/eshop\/wp-json\/wp\/v2\/media\/1060"}],"wp:attachment":[{"href":"https:\/\/www.gumideck.sk\/eshop\/wp-json\/wp\/v2\/media?parent=1531"}],"wp:term":[{"taxonomy":"product_brand","embeddable":true,"href":"https:\/\/www.gumideck.sk\/eshop\/wp-json\/wp\/v2\/product_brand?post=1531"},{"taxonomy":"product_cat","embeddable":true,"href":"https:\/\/www.gumideck.sk\/eshop\/wp-json\/wp\/v2\/product_cat?post=1531"},{"taxonomy":"product_tag","embeddable":true,"href":"https:\/\/www.gumideck.sk\/eshop\/wp-json\/wp\/v2\/product_tag?post=1531"}],"curies":[{"name":"wp","href":"https:\/\/api.w.org\/{rel}","templated":true}]}}