{"id":1532,"date":"2025-03-11T16:43:32","date_gmt":"2025-03-11T15:43:32","guid":{"rendered":"https:\/\/www.gumideck.sk\/eshop\/?post_type=product&#038;p=1532"},"modified":"2026-03-02T11:41:54","modified_gmt":"2026-03-02T10:41:54","slug":"latexove-rukavice-plstene","status":"publish","type":"product","link":"https:\/\/www.gumideck.sk\/eshop\/latexove-rukavice-plstene","title":{"rendered":"Latexov\u00e9 rukavice, plsten\u00e9"},"content":{"rendered":"<p>Latexov\u00e9 plsten\u00e9 rukavice &#8211; latexov\u00e9 plsten\u00e9 rukavice pre pracovn\u00e9 pohodlie, vynikaj\u00faci cit v ruk\u00e1ch, ide\u00e1lne na pou\u017eitie pri \u010disten\u00ed a olejovan\u00ed dosiek GUMI.<\/p>\n<p><strong>Ur\u010denie:<\/strong> Zdravie a bezpe\u010dnos\u0165, ochrana r\u00fak, lep\u0161\u00ed pracovn\u00fd komfort, pri renov\u00e1cii z\u00e1hrad, \u00fadr\u017ebe ter\u00e1s.<\/p>\n<p><strong>Materi\u00e1l<\/strong>: plsten\u00fd latex<\/p>\n","protected":false},"excerpt":{"rendered":"<p>Latexov\u00e9 rukavice, plsten\u00e9<\/p>\n","protected":false},"featured_media":1062,"template":"","meta":[],"product_brand":[],"product_cat":[46,49],"product_tag":[],"class_list":{"0":"post-1532","1":"product","2":"type-product","3":"status-publish","4":"has-post-thumbnail","6":"product_cat-montazne-prislusenstvo","7":"product_cat-starostlivost-o-drevo","9":"first","10":"onbackorder","11":"taxable","12":"shipping-taxable","13":"purchasable","14":"product-type-simple"},"_links":{"self":[{"href":"https:\/\/www.gumideck.sk\/eshop\/wp-json\/wp\/v2\/product\/1532","targetHints":{"allow":["GET"]}}],"collection":[{"href":"https:\/\/www.gumideck.sk\/eshop\/wp-json\/wp\/v2\/product"}],"about":[{"href":"https:\/\/www.gumideck.sk\/eshop\/wp-json\/wp\/v2\/types\/product"}],"version-history":[{"count":1,"href":"https:\/\/www.gumideck.sk\/eshop\/wp-json\/wp\/v2\/product\/1532\/revisions"}],"predecessor-version":[{"id":1562,"href":"https:\/\/www.gumideck.sk\/eshop\/wp-json\/wp\/v2\/product\/1532\/revisions\/1562"}],"wp:featuredmedia":[{"embeddable":true,"href":"https:\/\/www.gumideck.sk\/eshop\/wp-json\/wp\/v2\/media\/1062"}],"wp:attachment":[{"href":"https:\/\/www.gumideck.sk\/eshop\/wp-json\/wp\/v2\/media?parent=1532"}],"wp:term":[{"taxonomy":"product_brand","embeddable":true,"href":"https:\/\/www.gumideck.sk\/eshop\/wp-json\/wp\/v2\/product_brand?post=1532"},{"taxonomy":"product_cat","embeddable":true,"href":"https:\/\/www.gumideck.sk\/eshop\/wp-json\/wp\/v2\/product_cat?post=1532"},{"taxonomy":"product_tag","embeddable":true,"href":"https:\/\/www.gumideck.sk\/eshop\/wp-json\/wp\/v2\/product_tag?post=1532"}],"curies":[{"name":"wp","href":"https:\/\/api.w.org\/{rel}","templated":true}]}}