{"id":1569,"date":"2025-03-11T16:43:36","date_gmt":"2025-03-11T15:43:36","guid":{"rendered":"https:\/\/www.gumideck.sk\/eshop\/?post_type=product&#038;p=1569"},"modified":"2026-02-14T19:46:56","modified_gmt":"2026-02-14T18:46:56","slug":"odporucany-olej-na-udrzbu-terasy-2-l-farba-teak","status":"publish","type":"product","link":"https:\/\/www.gumideck.sk\/eshop\/odporucany-olej-na-udrzbu-terasy-2-l-farba-teak","title":{"rendered":"Odpor\u00fa\u010dan\u00fd olej na \u00fadr\u017ebu terasy"},"content":{"rendered":"<p><strong>V\u00fdhody a pr\u00ednosy<\/strong><\/p>\n<ul>\n<li>zachov\u00e1va zvolen\u00fa farbu na povrchu dreva a predl\u017euje jeho \u017eivotnos\u0165<\/li>\n<li>zabra\u0148uje vysychaniu a praskaniu dreva<\/li>\n<li>Chr\u00e1ni drevo pred slne\u010dn\u00fdm \u017eiaren\u00edm<\/li>\n<li>Vytv\u00e1ra hydrof\u00f3bny povrch<\/li>\n<\/ul>\n<p><strong>Tipy<\/strong><\/p>\n<ul>\n<li>M\u00f4\u017ee sa pou\u017ei\u0165 na renov\u00e1ciu povrchov o\u0161etren\u00fdch olejmi na b\u00e1ze vody aj rozp\u00fa\u0161\u0165adiel<\/li>\n<li>olejujte drevo, k\u00fdm nie je \u00faplne nas\u00fdten\u00e9, prebyto\u010dn\u00fd olej utrite, k\u00fdm nezaschne<\/li>\n<li>zarasten\u00e9 drevo by sa malo umy\u0165 pr\u00edpravkom Fl\u00fcgger Facade Anti-green<\/li>\n<\/ul>\n<p><strong>Technick\u00e9 \u00fadaje<\/strong><br \/>\n<strong>v\u00fddatnos\u0165<\/strong>: nehob\u013eovan\u00e9 drevo 4-5 m\u00b2\/l, hob\u013eovan\u00e9 drevo 8-10 m\u00b2\/l<br \/>\n<strong>\u010cas schnutia<\/strong>: na dotyk such\u00fd 6 h, pri 20 \u00b0C, 60 % vlhkosti, \u010fal\u0161\u00ed n\u00e1ter po 24 h, \u00faplne vytvrdnut\u00fd po nieko\u013ek\u00fdch d\u0148och.<\/p>\n<p><strong>Aplik\u00e1cia<\/strong><br \/>\nNa ochranu dreven\u00fdch z\u00e1bradl\u00ed, balustr\u00e1d, terasov\u00e9ho a z\u00e1hradn\u00e9ho n\u00e1bytku.<br \/>\n<strong>BALENIE 2 l.<\/strong><\/p>\n","protected":false},"excerpt":{"rendered":"<p>Olej na vodnej b\u00e1ze s ve\u013emi dobrou schopnos\u0165ou prenikn\u00fa\u0165 hlboko do \u0161trukt\u00fary dreva, vo farbe Teak. Chr\u00e1ni drevo pred vysychan\u00edm a praskan\u00edm. Zachov\u00e1va prirodzen\u00fd vzh\u013ead dreva a chr\u00e1ni povrch pred prenikan\u00edm vody. Balenie 2l.<\/p>\n","protected":false},"featured_media":1078,"template":"","meta":[],"product_brand":[],"product_cat":[49],"product_tag":[],"class_list":{"0":"post-1569","1":"product","2":"type-product","3":"status-publish","4":"has-post-thumbnail","6":"product_cat-starostlivost-o-drevo","8":"first","9":"instock","10":"taxable","11":"shipping-taxable","12":"purchasable","13":"product-type-simple"},"_links":{"self":[{"href":"https:\/\/www.gumideck.sk\/eshop\/wp-json\/wp\/v2\/product\/1569","targetHints":{"allow":["GET"]}}],"collection":[{"href":"https:\/\/www.gumideck.sk\/eshop\/wp-json\/wp\/v2\/product"}],"about":[{"href":"https:\/\/www.gumideck.sk\/eshop\/wp-json\/wp\/v2\/types\/product"}],"version-history":[{"count":3,"href":"https:\/\/www.gumideck.sk\/eshop\/wp-json\/wp\/v2\/product\/1569\/revisions"}],"predecessor-version":[{"id":2871,"href":"https:\/\/www.gumideck.sk\/eshop\/wp-json\/wp\/v2\/product\/1569\/revisions\/2871"}],"wp:featuredmedia":[{"embeddable":true,"href":"https:\/\/www.gumideck.sk\/eshop\/wp-json\/wp\/v2\/media\/1078"}],"wp:attachment":[{"href":"https:\/\/www.gumideck.sk\/eshop\/wp-json\/wp\/v2\/media?parent=1569"}],"wp:term":[{"taxonomy":"product_brand","embeddable":true,"href":"https:\/\/www.gumideck.sk\/eshop\/wp-json\/wp\/v2\/product_brand?post=1569"},{"taxonomy":"product_cat","embeddable":true,"href":"https:\/\/www.gumideck.sk\/eshop\/wp-json\/wp\/v2\/product_cat?post=1569"},{"taxonomy":"product_tag","embeddable":true,"href":"https:\/\/www.gumideck.sk\/eshop\/wp-json\/wp\/v2\/product_tag?post=1569"}],"curies":[{"name":"wp","href":"https:\/\/api.w.org\/{rel}","templated":true}]}}