{"id":1571,"date":"2025-03-11T16:43:36","date_gmt":"2025-03-11T15:43:36","guid":{"rendered":"https:\/\/www.gumideck.sk\/eshop\/?post_type=product&#038;p=1571"},"modified":"2026-03-21T18:32:56","modified_gmt":"2026-03-21T17:32:56","slug":"cistic-dreva-flugger-1l","status":"publish","type":"product","link":"https:\/\/www.gumideck.sk\/eshop\/cistic-dreva-flugger-1l","title":{"rendered":"\u010cisti\u010d dreva Flugger 1L"},"content":{"rendered":"<p>Fl\u00fcgger Cleaner je \u010distiaci prostriedok na terasov\u00e9 plochy. Je to \u00fa\u010dinn\u00fd \u010distiaci prostriedok a odstra\u0148uje zafarbenie, ne\u010distoty, li\u0161ajn\u00edky a zvy\u0161ky oleja zo zvetran\u00e9ho dreva a porastov. <strong>Neodpor\u00fa\u010da sa na nov\u00e9 drevo<\/strong>, ktor\u00e9 e\u0161te nie je zvetran\u00e9.<\/p>\n<p>Ak m\u00e1te ak\u00e9ko\u013evek ot\u00e1zky, obr\u00e1\u0165te sa na na\u0161e oddelenie slu\u017eieb z\u00e1kazn\u00edkom.<\/p>\n<p><strong>Kapacita<\/strong>: 15-20 m2\/l<\/p>\n<p><strong>POZOR!<\/strong> Pr\u00edpravok m\u00f4\u017ee sp\u00f4sobi\u0165 kor\u00f3ziu kovov. Pred aplik\u00e1ciou starostlivo chr\u00e1\u0148te citliv\u00e9 povrchy pred postriekan\u00edm.<\/p>\n","protected":false},"excerpt":{"rendered":"<p>Fl\u00fcgger Cleaner je \u010distiaci prostriedok na \u010distenie povrchu terasy.<\/p>\n","protected":false},"featured_media":1108,"template":"","meta":[],"product_brand":[],"product_cat":[49],"product_tag":[],"class_list":{"0":"post-1571","1":"product","2":"type-product","3":"status-publish","4":"has-post-thumbnail","6":"product_cat-starostlivost-o-drevo","8":"first","9":"instock","10":"taxable","11":"shipping-taxable","12":"purchasable","13":"product-type-simple"},"_links":{"self":[{"href":"https:\/\/www.gumideck.sk\/eshop\/wp-json\/wp\/v2\/product\/1571","targetHints":{"allow":["GET"]}}],"collection":[{"href":"https:\/\/www.gumideck.sk\/eshop\/wp-json\/wp\/v2\/product"}],"about":[{"href":"https:\/\/www.gumideck.sk\/eshop\/wp-json\/wp\/v2\/types\/product"}],"version-history":[{"count":1,"href":"https:\/\/www.gumideck.sk\/eshop\/wp-json\/wp\/v2\/product\/1571\/revisions"}],"predecessor-version":[{"id":1601,"href":"https:\/\/www.gumideck.sk\/eshop\/wp-json\/wp\/v2\/product\/1571\/revisions\/1601"}],"wp:featuredmedia":[{"embeddable":true,"href":"https:\/\/www.gumideck.sk\/eshop\/wp-json\/wp\/v2\/media\/1108"}],"wp:attachment":[{"href":"https:\/\/www.gumideck.sk\/eshop\/wp-json\/wp\/v2\/media?parent=1571"}],"wp:term":[{"taxonomy":"product_brand","embeddable":true,"href":"https:\/\/www.gumideck.sk\/eshop\/wp-json\/wp\/v2\/product_brand?post=1571"},{"taxonomy":"product_cat","embeddable":true,"href":"https:\/\/www.gumideck.sk\/eshop\/wp-json\/wp\/v2\/product_cat?post=1571"},{"taxonomy":"product_tag","embeddable":true,"href":"https:\/\/www.gumideck.sk\/eshop\/wp-json\/wp\/v2\/product_tag?post=1571"}],"curies":[{"name":"wp","href":"https:\/\/api.w.org\/{rel}","templated":true}]}}