{"id":1579,"date":"2025-03-11T16:43:37","date_gmt":"2025-03-11T15:43:37","guid":{"rendered":"https:\/\/www.gumideck.sk\/eshop\/?post_type=product&#038;p=1579"},"modified":"2026-03-12T14:03:59","modified_gmt":"2026-03-12T13:03:59","slug":"l6-lista-antracitova-farba-wpc-doska-1-ks-21x24x500","status":"publish","type":"product","link":"https:\/\/www.gumideck.sk\/eshop\/l6-lista-antracitova-farba-wpc-doska-1-ks-21x24x500","title":{"rendered":"Li\u0161ta L6 \u2013 WPC v\u00fdpl\u0148ov\u00e1 li\u0161ta, antracit"},"content":{"rendered":"<p>Balenie L6 obsahuje 1 WPC terasov\u00fa dosku vo farbe ANTRACIT (modul L6, rozmery: 21x24x500 mm). Li\u0161ta umo\u017e\u0148uje vyplni\u0165 miesta, kam sa \u0161tandardn\u00e1 doska so \u0161\u00edrkou 80 mm nezmest\u00ed. Je k dispoz\u00edcii len v d\u013a\u017eke 500 mm. Konektory GUMI zo syntetickej gumy nie s\u00fa s\u00fa\u010das\u0165ou balenia.<\/p>\n<ul>\n<li>WPC \u2013 Wood-Plastic Composite<\/li>\n<li>farba ANTRACIT<\/li>\n<li>Po\u010det dosiek [ks] 1<\/li>\n<li>Po\u010det konektorov v balen\u00ed [ks] 0<\/li>\n<li>Hmotnos\u0165 balenia [kg] 0,2<\/li>\n<li>Z\u00e1ruka 2 roky dosky \/ 10 rokov na spojovac\u00ed materi\u00e1l<\/li>\n<\/ul>\n","protected":false},"excerpt":{"rendered":"<p>V\u00fdpl\u0148ov\u00e1 li\u0161ta L6 vo farbe ANTRACIT (modul L6, rozmery: 21x24x500 mm). Konektory GUMI zo syntetickej gumy nie s\u00fa s\u00fa\u010das\u0165ou balenia.<\/p>\n","protected":false},"featured_media":1126,"template":"","meta":[],"product_brand":[],"product_cat":[51,50],"product_tag":[],"class_list":{"0":"post-1579","1":"product","2":"type-product","3":"status-publish","4":"has-post-thumbnail","6":"product_cat-antracit","7":"product_cat-gumi-wpc","9":"first","10":"onbackorder","11":"taxable","12":"shipping-taxable","13":"purchasable","14":"product-type-simple"},"_links":{"self":[{"href":"https:\/\/www.gumideck.sk\/eshop\/wp-json\/wp\/v2\/product\/1579","targetHints":{"allow":["GET"]}}],"collection":[{"href":"https:\/\/www.gumideck.sk\/eshop\/wp-json\/wp\/v2\/product"}],"about":[{"href":"https:\/\/www.gumideck.sk\/eshop\/wp-json\/wp\/v2\/types\/product"}],"version-history":[{"count":5,"href":"https:\/\/www.gumideck.sk\/eshop\/wp-json\/wp\/v2\/product\/1579\/revisions"}],"predecessor-version":[{"id":2965,"href":"https:\/\/www.gumideck.sk\/eshop\/wp-json\/wp\/v2\/product\/1579\/revisions\/2965"}],"wp:featuredmedia":[{"embeddable":true,"href":"https:\/\/www.gumideck.sk\/eshop\/wp-json\/wp\/v2\/media\/1126"}],"wp:attachment":[{"href":"https:\/\/www.gumideck.sk\/eshop\/wp-json\/wp\/v2\/media?parent=1579"}],"wp:term":[{"taxonomy":"product_brand","embeddable":true,"href":"https:\/\/www.gumideck.sk\/eshop\/wp-json\/wp\/v2\/product_brand?post=1579"},{"taxonomy":"product_cat","embeddable":true,"href":"https:\/\/www.gumideck.sk\/eshop\/wp-json\/wp\/v2\/product_cat?post=1579"},{"taxonomy":"product_tag","embeddable":true,"href":"https:\/\/www.gumideck.sk\/eshop\/wp-json\/wp\/v2\/product_tag?post=1579"}],"curies":[{"name":"wp","href":"https:\/\/api.w.org\/{rel}","templated":true}]}}