{"id":1593,"date":"2025-03-11T16:43:37","date_gmt":"2025-03-11T15:43:37","guid":{"rendered":"https:\/\/www.gumideck.sk\/eshop\/?post_type=product&#038;p=1593"},"modified":"2026-03-12T14:09:04","modified_gmt":"2026-03-12T13:09:04","slug":"balenie-c6-farba-javor-wpc-doska-2-ks-21x80x500-a-konektory","status":"publish","type":"product","link":"https:\/\/www.gumideck.sk\/eshop\/balenie-c6-farba-javor-wpc-doska-2-ks-21x80x500-a-konektory","title":{"rendered":"Balenie C6 &#8211; WPC terasov\u00e1 doska, javor"},"content":{"rendered":"<p>Balenie C6 obsahuje 2 WPC terasov\u00e9 dosky vo farbe JAVOR (modul C6, rozmery: 21x80x500 mm) s 10 konektormi GUMI zo syntetickej gumy. WPC dosky a konektory tvoria komplet pripraven\u00fd na mont\u00e1\u017e terasy.<\/p>\n<ul>\n<li>WPC &#8211; Wood-Plastic Composite<\/li>\n<li>farba JAVOR<\/li>\n<li>Po\u010det dosiek [ks] 2<\/li>\n<li>Po\u010det konektorov v balen\u00ed [ks] 10<\/li>\n<li>Hmotnos\u0165 balenia [kg] 0,86<\/li>\n<li>Z\u00e1ruka 2 roky dosky \/ 10 rokov na spojovac\u00ed materi\u00e1l<\/li>\n<\/ul>\n","protected":false},"excerpt":{"rendered":"<p>Balenie C6 obsahuje 2 WPC terasov\u00e9 dosky vo farbe JAVOR (modul C6, rozmery: 21x80x500 mm) s 10 konektormi GUMI zo syntetickej gumy.<\/p>\n","protected":false},"featured_media":1158,"template":"","meta":[],"product_brand":[],"product_cat":[50,53],"product_tag":[],"class_list":{"0":"post-1593","1":"product","2":"type-product","3":"status-publish","4":"has-post-thumbnail","6":"product_cat-gumi-wpc","7":"product_cat-javor","9":"first","10":"onbackorder","11":"taxable","12":"shipping-taxable","13":"purchasable","14":"product-type-simple"},"_links":{"self":[{"href":"https:\/\/www.gumideck.sk\/eshop\/wp-json\/wp\/v2\/product\/1593","targetHints":{"allow":["GET"]}}],"collection":[{"href":"https:\/\/www.gumideck.sk\/eshop\/wp-json\/wp\/v2\/product"}],"about":[{"href":"https:\/\/www.gumideck.sk\/eshop\/wp-json\/wp\/v2\/types\/product"}],"version-history":[{"count":4,"href":"https:\/\/www.gumideck.sk\/eshop\/wp-json\/wp\/v2\/product\/1593\/revisions"}],"predecessor-version":[{"id":2974,"href":"https:\/\/www.gumideck.sk\/eshop\/wp-json\/wp\/v2\/product\/1593\/revisions\/2974"}],"wp:featuredmedia":[{"embeddable":true,"href":"https:\/\/www.gumideck.sk\/eshop\/wp-json\/wp\/v2\/media\/1158"}],"wp:attachment":[{"href":"https:\/\/www.gumideck.sk\/eshop\/wp-json\/wp\/v2\/media?parent=1593"}],"wp:term":[{"taxonomy":"product_brand","embeddable":true,"href":"https:\/\/www.gumideck.sk\/eshop\/wp-json\/wp\/v2\/product_brand?post=1593"},{"taxonomy":"product_cat","embeddable":true,"href":"https:\/\/www.gumideck.sk\/eshop\/wp-json\/wp\/v2\/product_cat?post=1593"},{"taxonomy":"product_tag","embeddable":true,"href":"https:\/\/www.gumideck.sk\/eshop\/wp-json\/wp\/v2\/product_tag?post=1593"}],"curies":[{"name":"wp","href":"https:\/\/api.w.org\/{rel}","templated":true}]}}