{"id":1595,"date":"2025-03-11T16:43:37","date_gmt":"2025-03-11T15:43:37","guid":{"rendered":"https:\/\/www.gumideck.sk\/eshop\/?post_type=product&#038;p=1595"},"modified":"2026-02-13T15:05:48","modified_gmt":"2026-02-13T14:05:48","slug":"box-c2-wpc-terasova-doska-javor-16-ks-21x80x164-mm-a-konektory","status":"publish","type":"product","link":"https:\/\/www.gumideck.sk\/eshop\/box-c2-wpc-terasova-doska-javor-16-ks-21x80x164-mm-a-konektory","title":{"rendered":"BigBox C2 &#8211; WPC terasov\u00e1 doska, javor"},"content":{"rendered":"<p>BigBox C2 obsahuje 16 WPC terasov\u00fdch dosiek vo farbe JAVOR (modul C2, rozmery: 18x80x164 mm) so 48 konektormi GUMI zo syntetickj gumy. WPC dosky a konektory tvoria komplet pripraven\u00fd na mont\u00e1\u017e terasy.<\/p>\n<ul>\n<li>WPC \u2013 Wood-Plastic Composite<\/li>\n<li>Farba JAVOR<\/li>\n<li>Po\u010det dosiek [ks] 16<\/li>\n<li>Po\u010det konektorov v balen\u00ed [ks] 48<\/li>\n<li>Po\u010det m2 terasy v balen\u00ed 0,226<\/li>\n<li>Hmotnos\u0165 balenia [kg] 2,60<\/li>\n<li>Z\u00e1ruka 2 roky na dosky \/ 10 rokov na spojovac\u00ed materi\u00e1l<\/li>\n<\/ul>\n","protected":false},"excerpt":{"rendered":"<p>BigBox C2 obsahuje 16 WPC terasov\u00fdch dosiek vo farbe JAVOR (modul C2, rozmery: 18x80x164 mm) so 48 konektormi GUMI zo syntetickej gumy.<\/p>\n","protected":false},"featured_media":1162,"template":"","meta":[],"product_brand":[],"product_cat":[50,53],"product_tag":[],"class_list":{"0":"post-1595","1":"product","2":"type-product","3":"status-publish","4":"has-post-thumbnail","6":"product_cat-gumi-wpc","7":"product_cat-javor","9":"first","10":"onbackorder","11":"taxable","12":"shipping-taxable","13":"purchasable","14":"product-type-simple"},"_links":{"self":[{"href":"https:\/\/www.gumideck.sk\/eshop\/wp-json\/wp\/v2\/product\/1595","targetHints":{"allow":["GET"]}}],"collection":[{"href":"https:\/\/www.gumideck.sk\/eshop\/wp-json\/wp\/v2\/product"}],"about":[{"href":"https:\/\/www.gumideck.sk\/eshop\/wp-json\/wp\/v2\/types\/product"}],"version-history":[{"count":5,"href":"https:\/\/www.gumideck.sk\/eshop\/wp-json\/wp\/v2\/product\/1595\/revisions"}],"predecessor-version":[{"id":2805,"href":"https:\/\/www.gumideck.sk\/eshop\/wp-json\/wp\/v2\/product\/1595\/revisions\/2805"}],"wp:featuredmedia":[{"embeddable":true,"href":"https:\/\/www.gumideck.sk\/eshop\/wp-json\/wp\/v2\/media\/1162"}],"wp:attachment":[{"href":"https:\/\/www.gumideck.sk\/eshop\/wp-json\/wp\/v2\/media?parent=1595"}],"wp:term":[{"taxonomy":"product_brand","embeddable":true,"href":"https:\/\/www.gumideck.sk\/eshop\/wp-json\/wp\/v2\/product_brand?post=1595"},{"taxonomy":"product_cat","embeddable":true,"href":"https:\/\/www.gumideck.sk\/eshop\/wp-json\/wp\/v2\/product_cat?post=1595"},{"taxonomy":"product_tag","embeddable":true,"href":"https:\/\/www.gumideck.sk\/eshop\/wp-json\/wp\/v2\/product_tag?post=1595"}],"curies":[{"name":"wp","href":"https:\/\/api.w.org\/{rel}","templated":true}]}}