{"id":1596,"date":"2025-03-11T16:43:37","date_gmt":"2025-03-11T15:43:37","guid":{"rendered":"https:\/\/www.gumideck.sk\/eshop\/?post_type=product&#038;p=1596"},"modified":"2026-03-12T14:08:47","modified_gmt":"2026-03-12T13:08:47","slug":"box-c3-wpc-terasova-doska-javor-16-ks-21x80x248-mm-a-konektory","status":"publish","type":"product","link":"https:\/\/www.gumideck.sk\/eshop\/box-c3-wpc-terasova-doska-javor-16-ks-21x80x248-mm-a-konektory","title":{"rendered":"BigBox C3 &#8211; WPC terasov\u00e1 doska, javor"},"content":{"rendered":"<p>BigBox C3 obsahuje 16 WPC terasov\u00fdch dosiek vo farbe JAVOR (modul C3, rozmery: 21x80x248 mm) so 48 konektormi GUMI zo syntetickj gumy. WPC dosky a konektory tvoria komplet pripraven\u00fd na mont\u00e1\u017e terasy.<\/p>\n<ul>\n<li>WPC \u2013 Wood-Plastic Composite<\/li>\n<li>Farba JAVOR<\/li>\n<li>Po\u010det dosiek [ks] 16<\/li>\n<li>Po\u010det konektorov v balen\u00ed [ks] 48<\/li>\n<li>Po\u010det m2 terasy v balen\u00ed 0,339<\/li>\n<li>Hmotnos\u0165 balenia [kg] 4,2<\/li>\n<li>Z\u00e1ruka 2 roky na dosky \/ 10 rokov na spojovac\u00ed materi\u00e1l<\/li>\n<\/ul>\n","protected":false},"excerpt":{"rendered":"<p>BigBox C3 obsahuje 16 WPC terasov\u00fdch dosiek vo farbe JAVOR (modul C3, rozmery: 21x80x248 mm) so 48 konektormi GUMI zo syntetickej gumy.<\/p>\n","protected":false},"featured_media":1164,"template":"","meta":[],"product_brand":[],"product_cat":[50,53],"product_tag":[],"class_list":{"0":"post-1596","1":"product","2":"type-product","3":"status-publish","4":"has-post-thumbnail","6":"product_cat-gumi-wpc","7":"product_cat-javor","9":"first","10":"onbackorder","11":"taxable","12":"shipping-taxable","13":"purchasable","14":"product-type-simple"},"_links":{"self":[{"href":"https:\/\/www.gumideck.sk\/eshop\/wp-json\/wp\/v2\/product\/1596","targetHints":{"allow":["GET"]}}],"collection":[{"href":"https:\/\/www.gumideck.sk\/eshop\/wp-json\/wp\/v2\/product"}],"about":[{"href":"https:\/\/www.gumideck.sk\/eshop\/wp-json\/wp\/v2\/types\/product"}],"version-history":[{"count":6,"href":"https:\/\/www.gumideck.sk\/eshop\/wp-json\/wp\/v2\/product\/1596\/revisions"}],"predecessor-version":[{"id":2973,"href":"https:\/\/www.gumideck.sk\/eshop\/wp-json\/wp\/v2\/product\/1596\/revisions\/2973"}],"wp:featuredmedia":[{"embeddable":true,"href":"https:\/\/www.gumideck.sk\/eshop\/wp-json\/wp\/v2\/media\/1164"}],"wp:attachment":[{"href":"https:\/\/www.gumideck.sk\/eshop\/wp-json\/wp\/v2\/media?parent=1596"}],"wp:term":[{"taxonomy":"product_brand","embeddable":true,"href":"https:\/\/www.gumideck.sk\/eshop\/wp-json\/wp\/v2\/product_brand?post=1596"},{"taxonomy":"product_cat","embeddable":true,"href":"https:\/\/www.gumideck.sk\/eshop\/wp-json\/wp\/v2\/product_cat?post=1596"},{"taxonomy":"product_tag","embeddable":true,"href":"https:\/\/www.gumideck.sk\/eshop\/wp-json\/wp\/v2\/product_tag?post=1596"}],"curies":[{"name":"wp","href":"https:\/\/api.w.org\/{rel}","templated":true}]}}