{"id":1630,"date":"2025-03-11T16:44:04","date_gmt":"2025-03-11T15:44:04","guid":{"rendered":"https:\/\/www.gumideck.sk\/eshop\/?post_type=product&#038;p=1630"},"modified":"2026-03-12T14:00:15","modified_gmt":"2026-03-12T13:00:15","slug":"balenie-l6-farba-javor-wpc-doska-2-ks-21x24x500","status":"publish","type":"product","link":"https:\/\/www.gumideck.sk\/eshop\/balenie-l6-farba-javor-wpc-doska-2-ks-21x24x500","title":{"rendered":"Balenie L6 &#8211; WPC v\u00fdpl\u0148ov\u00e1 li\u0161ta, javor"},"content":{"rendered":"<p>Balenie L6 obsahuje 2 WPC terasov\u00e9 li\u0161ty vo farbe JAVOR (modul L6, rozmery: 21x24x500 mm). Li\u0161ta umo\u017e\u0148uje vyplni\u0165 miesta, kam sa \u0161tandardn\u00e1 doska so \u0161\u00edrkou 80 mm nezmest\u00ed. Je k dispoz\u00edcii len v d\u013a\u017eke 500 mm. Konektory GUMI zo syntetickej gumy nie s\u00fa s\u00fa\u010das\u0165ou balenia.<\/p>\n<ul>\n<li>WPC \u2013 Wood-Plastic Composite<\/li>\n<li>farba JAVOR<\/li>\n<li>Po\u010det dosiek [ks] 2<\/li>\n<li>Po\u010det konektorov v balen\u00ed [ks] 0<\/li>\n<li>Hmotnos\u0165 balenia [kg] 0,4<\/li>\n<li>Z\u00e1ruka 2 roky dosky \/ 10 rokov na spojovac\u00ed materi\u00e1l<\/li>\n<\/ul>\n","protected":false},"excerpt":{"rendered":"<p>Balenie L6 obsahuje 2 WPC terasov\u00e9 li\u0161ty vo farbe JAVOR (modul L6, rozmery: 21x24x500 mm). Konektory GUMI zo syntetickej gumy nie s\u00fa s\u00fa\u010das\u0165ou balenia.<\/p>\n","protected":false},"featured_media":1188,"template":"","meta":[],"product_brand":[],"product_cat":[50,53],"product_tag":[],"class_list":{"0":"post-1630","1":"product","2":"type-product","3":"status-publish","4":"has-post-thumbnail","6":"product_cat-gumi-wpc","7":"product_cat-javor","9":"first","10":"onbackorder","11":"taxable","12":"shipping-taxable","13":"purchasable","14":"product-type-simple"},"_links":{"self":[{"href":"https:\/\/www.gumideck.sk\/eshop\/wp-json\/wp\/v2\/product\/1630","targetHints":{"allow":["GET"]}}],"collection":[{"href":"https:\/\/www.gumideck.sk\/eshop\/wp-json\/wp\/v2\/product"}],"about":[{"href":"https:\/\/www.gumideck.sk\/eshop\/wp-json\/wp\/v2\/types\/product"}],"version-history":[{"count":5,"href":"https:\/\/www.gumideck.sk\/eshop\/wp-json\/wp\/v2\/product\/1630\/revisions"}],"predecessor-version":[{"id":2961,"href":"https:\/\/www.gumideck.sk\/eshop\/wp-json\/wp\/v2\/product\/1630\/revisions\/2961"}],"wp:featuredmedia":[{"embeddable":true,"href":"https:\/\/www.gumideck.sk\/eshop\/wp-json\/wp\/v2\/media\/1188"}],"wp:attachment":[{"href":"https:\/\/www.gumideck.sk\/eshop\/wp-json\/wp\/v2\/media?parent=1630"}],"wp:term":[{"taxonomy":"product_brand","embeddable":true,"href":"https:\/\/www.gumideck.sk\/eshop\/wp-json\/wp\/v2\/product_brand?post=1630"},{"taxonomy":"product_cat","embeddable":true,"href":"https:\/\/www.gumideck.sk\/eshop\/wp-json\/wp\/v2\/product_cat?post=1630"},{"taxonomy":"product_tag","embeddable":true,"href":"https:\/\/www.gumideck.sk\/eshop\/wp-json\/wp\/v2\/product_tag?post=1630"}],"curies":[{"name":"wp","href":"https:\/\/api.w.org\/{rel}","templated":true}]}}