{"id":1635,"date":"2025-03-11T16:44:05","date_gmt":"2025-03-11T15:44:05","guid":{"rendered":"https:\/\/www.gumideck.sk\/eshop\/?post_type=product&#038;p=1635"},"modified":"2026-03-12T13:58:36","modified_gmt":"2026-03-12T12:58:36","slug":"box-c5-farba-siva-wpc-doska-4-ks-21x80x416-a-konektory","status":"publish","type":"product","link":"https:\/\/www.gumideck.sk\/eshop\/box-c5-farba-siva-wpc-doska-4-ks-21x80x416-a-konektory","title":{"rendered":"Box C5 \u2013 WPC terasov\u00e1 doska, siv\u00e1"},"content":{"rendered":"<p>Box C5 obsahuje 4 WPC terasov\u00e9 dosky vo farbe SIV\u00c1 (modul C5, rozmery: 21x80x416 mm) so 16 konektormi GUMI zo syntetickej gumy. WPC dosky a konektory tvoria komplet pripraven\u00fd na mont\u00e1\u017e terasy.<\/p>\n<ul>\n<li>WPC \u2013 Wood-Plastic Composite<\/li>\n<li>farba SIV\u00c1<\/li>\n<li>Po\u010det dosiek [ks] 4<\/li>\n<li>Po\u010det konektorov v balen\u00ed [ks] 16<\/li>\n<li>Hmotnos\u0165 balenia [kg] 1,4<\/li>\n<li>Z\u00e1ruka 2 roky dosky \/ 10 rokov na spojovac\u00ed materi\u00e1l<\/li>\n<\/ul>\n","protected":false},"excerpt":{"rendered":"<p>Box C5 obsahuje 4 WPC terasov\u00e9 dosky vo farbe SIV\u00c1 (modul C5, rozmery: 21x80x416 mm) so 16 konektormi GUMI zo syntetickej gumy.<\/p>\n","protected":false},"featured_media":1200,"template":"","meta":[],"product_brand":[],"product_cat":[50,54],"product_tag":[],"class_list":{"0":"post-1635","1":"product","2":"type-product","3":"status-publish","4":"has-post-thumbnail","6":"product_cat-gumi-wpc","7":"product_cat-seda","9":"first","10":"instock","11":"taxable","12":"shipping-taxable","13":"purchasable","14":"product-type-simple"},"_links":{"self":[{"href":"https:\/\/www.gumideck.sk\/eshop\/wp-json\/wp\/v2\/product\/1635","targetHints":{"allow":["GET"]}}],"collection":[{"href":"https:\/\/www.gumideck.sk\/eshop\/wp-json\/wp\/v2\/product"}],"about":[{"href":"https:\/\/www.gumideck.sk\/eshop\/wp-json\/wp\/v2\/types\/product"}],"version-history":[{"count":6,"href":"https:\/\/www.gumideck.sk\/eshop\/wp-json\/wp\/v2\/product\/1635\/revisions"}],"predecessor-version":[{"id":2958,"href":"https:\/\/www.gumideck.sk\/eshop\/wp-json\/wp\/v2\/product\/1635\/revisions\/2958"}],"wp:featuredmedia":[{"embeddable":true,"href":"https:\/\/www.gumideck.sk\/eshop\/wp-json\/wp\/v2\/media\/1200"}],"wp:attachment":[{"href":"https:\/\/www.gumideck.sk\/eshop\/wp-json\/wp\/v2\/media?parent=1635"}],"wp:term":[{"taxonomy":"product_brand","embeddable":true,"href":"https:\/\/www.gumideck.sk\/eshop\/wp-json\/wp\/v2\/product_brand?post=1635"},{"taxonomy":"product_cat","embeddable":true,"href":"https:\/\/www.gumideck.sk\/eshop\/wp-json\/wp\/v2\/product_cat?post=1635"},{"taxonomy":"product_tag","embeddable":true,"href":"https:\/\/www.gumideck.sk\/eshop\/wp-json\/wp\/v2\/product_tag?post=1635"}],"curies":[{"name":"wp","href":"https:\/\/api.w.org\/{rel}","templated":true}]}}